{"id":4436,"date":"2023-05-02T08:17:06","date_gmt":"2023-05-02T08:17:06","guid":{"rendered":"https:\/\/annalocos.com\/politique-de-confidentialite\/"},"modified":"2024-05-31T13:38:46","modified_gmt":"2024-05-31T13:38:46","slug":"politique-de-confidentialite","status":"publish","type":"page","link":"https:\/\/annalocos.com\/fr\/politique-de-confidentialite\/","title":{"rendered":"Politique de confidentialit\u00e9"},"content":{"rendered":"\t\t<div data-elementor-type=\"wp-page\" data-elementor-id=\"4436\" class=\"elementor elementor-4436 elementor-2854\">\n\t\t\t\t\t\t\t<div class=\"elementor-element elementor-element-64f321fb e-con-boxed e-con\" data-id=\"64f321fb\" data-element_type=\"container\" data-settings=\"{&quot;background_background&quot;:&quot;classic&quot;,&quot;content_width&quot;:&quot;boxed&quot;}\">\n\t\t\t\t\t<div class=\"e-con-inner\">\n\t\t<div class=\"elementor-element elementor-element-6d2091aa e-con-full e-con\" data-id=\"6d2091aa\" data-element_type=\"container\" data-settings=\"{&quot;content_width&quot;:&quot;full&quot;}\">\n\t\t\t\t<div class=\"elementor-element elementor-element-3bef78ea elementor-widget elementor-widget-spacer\" data-id=\"3bef78ea\" data-element_type=\"widget\" data-widget_type=\"spacer.default\">\n\t\t\t\t<div class=\"elementor-widget-container\">\n\t\t\t<style>\/*! elementor - v3.11.1 - 15-02-2023 *\/\n.elementor-column .elementor-spacer-inner{height:var(--spacer-size)}.e-con{--container-widget-width:100%}.e-con-inner>.elementor-widget-spacer,.e-con>.elementor-widget-spacer{width:var(--container-widget-width,var(--spacer-size));--align-self:var(--container-widget-align-self,initial);--flex-shrink:0}.e-con-inner>.elementor-widget-spacer>.elementor-widget-container,.e-con-inner>.elementor-widget-spacer>.elementor-widget-container>.elementor-spacer,.e-con>.elementor-widget-spacer>.elementor-widget-container,.e-con>.elementor-widget-spacer>.elementor-widget-container>.elementor-spacer{height:100%}.e-con-inner>.elementor-widget-spacer>.elementor-widget-container>.elementor-spacer>.elementor-spacer-inner,.e-con>.elementor-widget-spacer>.elementor-widget-container>.elementor-spacer>.elementor-spacer-inner{height:var(--container-widget-height,var(--spacer-size))}<\/style>\t\t<div class=\"elementor-spacer\">\n\t\t\t<div class=\"elementor-spacer-inner\"><\/div>\n\t\t<\/div>\n\t\t\t\t<\/div>\n\t\t\t\t<\/div>\n\t\t<div class=\"elementor-element elementor-element-792eb480 e-con-full e-con\" data-id=\"792eb480\" data-element_type=\"container\" data-settings=\"{&quot;content_width&quot;:&quot;full&quot;}\">\n\t\t<div class=\"elementor-element elementor-element-50264b1a e-con-full e-con\" data-id=\"50264b1a\" data-element_type=\"container\" data-settings=\"{&quot;content_width&quot;:&quot;full&quot;}\">\n\t\t\t\t<div class=\"elementor-element elementor-element-63fb7ed6 elementor-widget elementor-widget-heading\" data-id=\"63fb7ed6\" data-element_type=\"widget\" data-widget_type=\"heading.default\">\n\t\t\t\t<div class=\"elementor-widget-container\">\n\t\t\t<style>\/*! elementor - v3.11.1 - 15-02-2023 *\/\n.elementor-heading-title{padding:0;margin:0;line-height:1}.elementor-widget-heading .elementor-heading-title[class*=elementor-size-]>a{color:inherit;font-size:inherit;line-height:inherit}.elementor-widget-heading .elementor-heading-title.elementor-size-small{font-size:15px}.elementor-widget-heading .elementor-heading-title.elementor-size-medium{font-size:19px}.elementor-widget-heading .elementor-heading-title.elementor-size-large{font-size:29px}.elementor-widget-heading .elementor-heading-title.elementor-size-xl{font-size:39px}.elementor-widget-heading .elementor-heading-title.elementor-size-xxl{font-size:59px}<\/style><h2 class=\"elementor-heading-title elementor-size-default\">politique de confidentialit\u00e9<\/h2>\t\t<\/div>\n\t\t\t\t<\/div>\n\t\t\t\t<div class=\"elementor-element elementor-element-a473172 elementor-widget elementor-widget-spacer\" data-id=\"a473172\" data-element_type=\"widget\" data-widget_type=\"spacer.default\">\n\t\t\t\t<div class=\"elementor-widget-container\">\n\t\t\t\t\t<div class=\"elementor-spacer\">\n\t\t\t<div class=\"elementor-spacer-inner\"><\/div>\n\t\t<\/div>\n\t\t\t\t<\/div>\n\t\t\t\t<\/div>\n\t\t\t\t<div class=\"elementor-element elementor-element-85f9e97 elementor-widget elementor-widget-html\" data-id=\"85f9e97\" data-element_type=\"widget\" data-widget_type=\"html.default\">\n\t\t\t\t<div class=\"elementor-widget-container\">\n\t\t\t<p>\n    <span>Derni\u00e8re mise \u00e0 jour le 27-Apr-2023<\/span>\n<br><span>Date d'entr\u00e9e en vigueur 27-Apr-2023<\/span>\n<\/p>\n\n<p class=\"privacy-policy-p\">\n  La pr\u00e9sente politique de protection de la vie priv\u00e9e d\u00e9crit les politiques de\n\n  TLAB Srls,\n  Via Diego Martinelli, 22,\n  Italie, Rutigliano, BA\n  70018,\n  Italie,\n  Courriel : info@lacinera.it,\n  t\u00e9l\u00e9phone : +39 3889717017\n\n  sur la collection,\n  utilisation et divulgation des informations que nous recueillons\n  lorsque vous utilisez notre site web ( https:\/\/annalocos.com ).\n  (le \"Service\"). En acc\u00e9dant ou en utilisant\n  les\n  Service, vous consentez \u00e0 la collecte, \u00e0 l'utilisation et \u00e0 l'utilisation des donn\u00e9es personnelles.\n  la divulgation de vos informations conform\u00e9ment \u00e0 la pr\u00e9sente\n  Politique de confidentialit\u00e9. Si vous n'y consentez pas,\n  n'acc\u00e9dez pas au service et ne l'utilisez pas.\n<\/p>\n\n<p class=\"privacy-policy-p\">\n  Nous pouvons modifier la pr\u00e9sente politique de protection de la vie priv\u00e9e \u00e0 tout moment sans\n  sans vous en avertir au pr\u00e9alable et affichera la version r\u00e9vis\u00e9e des\n  Politique de confidentialit\u00e9 sur le service. La politique r\u00e9vis\u00e9e\n  prend effet 180 jours apr\u00e8s la date \u00e0 laquelle le\n  r\u00e9vis\u00e9e est affich\u00e9e dans le service et votre\n  la poursuite de l'acc\u00e8s ou de l'utilisation du service apr\u00e8s cette date\n  constituera votre acceptation de la version r\u00e9vis\u00e9e du R\u00e8glement sur le respect de la vie priv\u00e9e.\n  Politique. Nous vous recommandons donc de proc\u00e9der p\u00e9riodiquement aux op\u00e9rations suivantes\n  revoir cette page.\n<\/p>\n\n<br><br>\n        \n        <h2 class=\"privacy-policy-h2\">\n  Les informations que nous recueillons :\n        <\/h2>\n\n        \n        <p class=\"privacy-policy-p\">\n  Nous collectons et traitons les donn\u00e9es suivantes\n  des informations personnelles vous concernant :\n        <\/p>\n        <ol class=\"privacy-policy-ol\">\n\n                        <li>Nom<\/li>\n            \n                        <li>Courriel<\/li>\n            \n                        <li>Mobile<\/li>\n            \n                        <li>Profil des m\u00e9dias sociaux<\/li>\n            \n                        <li>Date de naissance<\/li>\n            \n                        <li>Adresse<\/li>\n            \n                        <li>Adresse professionnelle<\/li>\n            \n                        \n                                    <li>Genre<\/li>\n                                                <li>Pr\u00e9f\u00e9rences<\/li>\n                                                <li>\u00c9tat civil<\/li>\n                                                <li>Demandes<\/li>\n                        \n        <\/ol>\n\n\n    \n    \n<br><br>\n        \n        <h2 class=\"privacy-policy-h2\">\n  Comment nous utilisons vos informations :\n        <\/h2>\n        <p class=\"privacy-policy-p\">\n  Nous utiliserons les informations que nous recueillons\n  \u00e0 votre sujet aux fins suivantes :\n        <\/p>\n        <ol class=\"privacy-policy-ol\">\n\n                        <li>Marketing\/ Promotion<\/li>\n            \n            \n            \n                        <li>Collecte des commentaires des clients<\/li>\n            \n            \n            \n                        <li>Soutien<\/li>\n            \n                        <li>Informations sur l'administration<\/li>\n            \n                        <li>Publicit\u00e9 cibl\u00e9e<\/li>\n            \n                        <li>G\u00e9rer les commandes des clients<\/li>\n            \n            \n                        <li>Commentaires d'utilisateur \u00e0 utilisateur<\/li>\n            \n                        <li>R\u00e9solution des litiges<\/li>\n            \n            <br><br>\n        <\/ol>\n        <p class=\"privacy-policy-p\">\n  Si nous voulons utiliser vos informations \u00e0 d'autres fins\n  nous vous demanderons votre consentement et nous\n  n'utiliseront vos informations qu'apr\u00e8s avoir re\u00e7u votre\n  le consentement et, dans ce cas, uniquement pour la (les) finalit\u00e9(s) pour laquelle (lesquelles) le consentement est requis.\n  qui accordent leur consentement, sauf si nous sommes tenus de le faire\n  dans d'autres conditions pr\u00e9vues par la loi.\n        <\/p>\n    \n    <br><br>\n\n        <h2 class=\"privacy-policy-h2\">\n  Conservation de vos informations :\n        <\/h2>\n        <p class=\"privacy-policy-p\">\n  Nous conserverons vos donn\u00e9es personnelles\n  pour\n  12 mois\n  ou pour comme\n  aussi longtemps que nous en aurons besoin pour atteindre les objectifs pour lesquels nous avons \u00e9t\u00e9 cr\u00e9\u00e9s.\n  de la collecte des donn\u00e9es, comme indiqu\u00e9 dans le pr\u00e9sent document.\n  Politique de confidentialit\u00e9. Nous pourrions \u00eatre amen\u00e9s \u00e0 conserver certains\n  des informations pour des p\u00e9riodes plus longues, telles que\n  la tenue de registres et l'\u00e9tablissement de rapports conform\u00e9ment \u00e0 la\n  la loi applicable ou d'autres motifs l\u00e9gitimes\n  comme l'application des droits l\u00e9gaux, la fraude\n  la pr\u00e9vention, etc. Informations anonymes r\u00e9siduelles\n  et des informations globales, qui ne sont ni l'une ni l'autre\n  vous identifie (directement ou indirectement), peut \u00eatre\n  stock\u00e9s ind\u00e9finiment.\n        <\/p>\n   \n    <br><br>\n \n        <h2 class=\"privacy-policy-h2\">\n  Vos droits :\n        <\/h2>\n        <p class=\"privacy-policy-p\">\n  En fonction de la loi applicable, vous pouvez avoir\n  un droit d'acc\u00e8s et de rectification ou d'effacement des donn\u00e9es vous concernant\n  donn\u00e9es personnelles ou recevoir une copie de vos donn\u00e9es personnelles\n  donn\u00e9es, de restreindre ou d'objecter \u00e0 l'activit\u00e9\n  le traitement de vos donn\u00e9es, demandez-nous de les partager (port)\n  vos informations personnelles \u00e0 une autre entit\u00e9,\n  retirer tout consentement que vous nous avez donn\u00e9 pour\n  traiter vos donn\u00e9es, un droit de r\u00e9clamation\n  avec une autorit\u00e9 statutaire et tous les autres droits\n  dans la mesure o\u00f9 les lois applicables le pr\u00e9voient. Pour\n  exercer ces droits, vous pouvez nous \u00e9crire \u00e0 l'adresse suivante\n  info@lacinera.it.\n  Nous r\u00e9pondrons \u00e0 votre\n  demande conform\u00e9ment \u00e0 la l\u00e9gislation applicable.\n        <\/p>\n\n        \n        <p class=\"privacy-policy-p\">\n  Veuillez noter que si vous ne nous autorisez pas \u00e0 collecter les donn\u00e9es suivantes\n  ou traiter les informations personnelles requises ou\n  retirer le consentement au traitement de ces donn\u00e9es pour le\n  vous pouvez ne pas \u00eatre en mesure d'acc\u00e9der \u00e0 l'information.\n  ou utiliser les services pour lesquels vos informations\n  a \u00e9t\u00e9 recherch\u00e9e.\n        <\/p>\n<br><br>\n        <h2 class=\"privacy-policy-h2\">\n  Cookies Etc.\n        <\/h2>\n        <p class=\"privacy-policy-p\">\n\n            \n  Pour en savoir plus sur l'utilisation de ces\n  et vos choix en ce qui concerne ce suivi\n  technologies, veuillez vous r\u00e9f\u00e9rer \u00e0 notre\n            <a href=\"https:\/\/annalocos.com\/fr\/\">Politique en mati\u00e8re de cookies.<\/a>\n        <\/p>\n  <br><br>\n        <h2 class=\"privacy-policy-h2\">\n  La s\u00e9curit\u00e9 :\n        <\/h2>\n        <p class=\"privacy-policy-p\">\n  La s\u00e9curit\u00e9 de vos informations est importante pour\n  nous et nous utiliserons des mesures de s\u00e9curit\u00e9 raisonnables\n  pour \u00e9viter la perte, l'utilisation abusive ou non autoris\u00e9e\n  la modification de vos informations dans le cadre de notre\n  contr\u00f4le. Toutefois, compte tenu des risques inh\u00e9rents, nous\n  ne peut pas garantir une s\u00e9curit\u00e9 absolue et\n  Par cons\u00e9quent, nous ne pouvons pas assurer ou garantir la\n  la s\u00e9curit\u00e9 des informations que vous nous transmettez\n  et vous le faites \u00e0 vos propres risques.\n        <\/p>\n<br><br>\n        <h2 class=\"privacy-policy-h2\">\n  Liens avec des tiers et utilisation de vos informations :\n        <\/h2>\n        <p class=\"privacy-policy-p\">\n  Notre service peut contenir des liens vers d'autres sites web\n  qui ne sont pas exploit\u00e9s par nous. La pr\u00e9sente politique de protection de la vie priv\u00e9e\n  n'aborde pas la politique de protection de la vie priv\u00e9e et les autres\n  pratiques de tout tiers, y compris toute\n  tiers exploitant un site web ou un service\n  qui peut \u00eatre accessible via un lien sur le site web de l\n  Service. Nous vous conseillons vivement de consulter le\n  la politique de confidentialit\u00e9 de chaque site que vous visitez. Nous avons\n  n'exerce aucun contr\u00f4le et n'assume aucune responsabilit\u00e9 en ce qui concerne\n  le contenu, les politiques de confidentialit\u00e9 ou les pratiques de\n  les sites ou services de tiers.\n        <\/p>\n        \n        <br><br>\n        <h2 class=\"privacy-policy-h2\">\n  Responsable des griefs \/ de la protection des donn\u00e9es :\n        <\/h2>\n        <p class=\"privacy-policy-p\">\n  Si vous avez des questions ou des inqui\u00e9tudes concernant la\n  le traitement de vos informations disponibles\n  avec nous, vous pouvez envoyer un courriel \u00e0 notre responsable des griefs \u00e0 l'adresse suivante\n  TLAB Srls,\n  Via Diego Martinelli, 22,\n  Courriel : info@lacinera.it.\n  Nous r\u00e9pondrons \u00e0 vos pr\u00e9occupations conform\u00e9ment \u00e0 la l\u00e9gislation applicable.\n        <\/p>\n    \n\n<p class=\"privacy-policy-p\">\n  Politique de confidentialit\u00e9 g\u00e9n\u00e9r\u00e9e avec <a target=\"_blank\" href=\"https:\/\/www.cookieyes.com\/?utm_source=PP&amp;utm_medium=footer&amp;utm_campaign=UW\">CookieYes<\/a>.\n<\/p>\n\t\t<\/div>\n\t\t\t\t<\/div>\n\t\t<div class=\"elementor-element elementor-element-e74dcba e-con-boxed e-con\" data-id=\"e74dcba\" data-element_type=\"container\" data-settings=\"{&quot;content_width&quot;:&quot;boxed&quot;}\">\n\t\t\t\t\t<div class=\"e-con-inner\">\n\t\t\t\t<div class=\"elementor-element elementor-element-5501ddc elementor-widget elementor-widget-html\" data-id=\"5501ddc\" data-element_type=\"widget\" data-widget_type=\"html.default\">\n\t\t\t\t<div class=\"elementor-widget-container\">\n\t\t\t<style>label {\n    font-size: 14px !important;\n    color: #222222A6 !important;\n}\n<\/style>\t\t<\/div>\n\t\t\t\t<\/div>\n\t\t\t\t<div class=\"elementor-element elementor-element-218911c elementor-widget elementor-widget-html\" data-id=\"218911c\" data-element_type=\"widget\" data-widget_type=\"html.default\">\n\t\t\t\t<div class=\"elementor-widget-container\">\n\t\t\t<style>span.uc_line {\n    background-color: black !important;\n}\n\n.elementor-1446 .elementor-element.elementor-element-8c96224 .elementor-heading-title {\n    color: black !important;\n}\n\n.elementor-1446 .elementor-element.elementor-element-8949b10 .elementor-heading-title {\n    color: black !important;\n}\n\n.elementor-1446 .elementor-element.elementor-element-da2eb87 .elementor-heading-title {\n    color: black !important;\n}\n\n.elementor-1446 .elementor-element.elementor-element-440fc76 .elementor-heading-title {\n    color: black !important;\n}\n\n.elementor-1446 .elementor-element.elementor-element-8d082c0 .elementor-heading-title {\n    color: black !important;\n}\n\n#play {\n    display:none;\n}\n#pause {\n    display: none;\n}\n\n<\/style>\t\t<\/div>\n\t\t\t\t<\/div>\n\t\t\t\t\t<\/div>\n\t\t\t\t<\/div>\n\t\t\t\t<\/div>\n\t\t\t\t<\/div>\n\t\t\t\t<\/div>\n\t\t\t\t\t<\/div>\n\t\t\t\t<\/div>\n\t\t\t\t\t\t\t<\/div>\n\t\t","protected":false},"excerpt":{"rendered":"<p>politique de confidentialit\u00e9 Derni\u00e8re mise \u00e0 jour le 27-Apr-2023 Date d&rsquo;entr\u00e9e en vigueur 27-Apr-2023 La pr\u00e9sente politique de protection de la vie priv\u00e9e d\u00e9crit les politiques de TLAB Srls, Via Diego Martinelli, 22, Italie, Rutigliano, BA 70018, Italie, Courriel : info@lacinera.it, t\u00e9l\u00e9phone : +39 3889717017 sur la collection, utilisation et divulgation des informations que nous [&hellip;]<\/p>\n","protected":false},"author":1,"featured_media":0,"parent":0,"menu_order":0,"comment_status":"closed","ping_status":"closed","template":"","meta":{"footnotes":""},"class_list":["post-4436","page","type-page","status-publish","hentry"],"yoast_head":"<!-- This site is optimized with the Yoast SEO plugin v22.2 - https:\/\/yoast.com\/wordpress\/plugins\/seo\/ -->\n<title>Politique de confidentialit\u00e9 - Trulli Annalocos<\/title>\n<meta name=\"robots\" content=\"index, follow, max-snippet:-1, max-image-preview:large, max-video-preview:-1\" \/>\n<link rel=\"canonical\" href=\"https:\/\/annalocos.com\/fr\/politique-de-confidentialite\/\" \/>\n<meta property=\"og:locale\" content=\"fr_FR\" \/>\n<meta property=\"og:type\" content=\"article\" \/>\n<meta property=\"og:title\" content=\"Politique de confidentialit\u00e9 - Trulli Annalocos\" \/>\n<meta property=\"og:description\" content=\"politique de confidentialit\u00e9 Derni\u00e8re mise \u00e0 jour le 27-Apr-2023 Date d&rsquo;entr\u00e9e en vigueur 27-Apr-2023 La pr\u00e9sente politique de protection de la vie priv\u00e9e d\u00e9crit les politiques de TLAB Srls, Via Diego Martinelli, 22, Italie, Rutigliano, BA 70018, Italie, Courriel : info@lacinera.it, t\u00e9l\u00e9phone : +39 3889717017 sur la collection, utilisation et divulgation des informations que nous [&hellip;]\" \/>\n<meta property=\"og:url\" content=\"https:\/\/annalocos.com\/fr\/politique-de-confidentialite\/\" \/>\n<meta property=\"og:site_name\" content=\"Trulli Annalocos\" \/>\n<meta property=\"article:publisher\" content=\"https:\/\/www.facebook.com\/annalocoscasavacanze\/\" \/>\n<meta property=\"article:modified_time\" content=\"2024-05-31T13:38:46+00:00\" \/>\n<meta property=\"og:image\" content=\"https:\/\/annalocos.com\/wp-content\/uploads\/2024\/03\/Schermata-del-2024-03-12-23-59-36-1024x553.png\" \/>\n\t<meta property=\"og:image:width\" content=\"1024\" \/>\n\t<meta property=\"og:image:height\" content=\"553\" \/>\n\t<meta property=\"og:image:type\" content=\"image\/png\" \/>\n<meta name=\"twitter:card\" content=\"summary_large_image\" \/>\n<meta name=\"twitter:label1\" content=\"Dur\u00e9e de lecture estim\u00e9e\" \/>\n\t<meta name=\"twitter:data1\" content=\"5 minutes\" \/>\n<script type=\"application\/ld+json\" class=\"yoast-schema-graph\">{\"@context\":\"https:\/\/schema.org\",\"@graph\":[{\"@type\":\"WebPage\",\"@id\":\"https:\/\/annalocos.com\/fr\/politique-de-confidentialite\/\",\"url\":\"https:\/\/annalocos.com\/fr\/politique-de-confidentialite\/\",\"name\":\"Politique de confidentialit\u00e9 - Trulli Annalocos\",\"isPartOf\":{\"@id\":\"https:\/\/annalocos.com\/fr\/#website\"},\"datePublished\":\"2023-05-02T08:17:06+00:00\",\"dateModified\":\"2024-05-31T13:38:46+00:00\",\"breadcrumb\":{\"@id\":\"https:\/\/annalocos.com\/fr\/politique-de-confidentialite\/#breadcrumb\"},\"inLanguage\":\"fr-FR\",\"potentialAction\":[{\"@type\":\"ReadAction\",\"target\":[\"https:\/\/annalocos.com\/fr\/politique-de-confidentialite\/\"]}]},{\"@type\":\"BreadcrumbList\",\"@id\":\"https:\/\/annalocos.com\/fr\/politique-de-confidentialite\/#breadcrumb\",\"itemListElement\":[{\"@type\":\"ListItem\",\"position\":1,\"name\":\"Home\",\"item\":\"https:\/\/annalocos.com\/fr\/accueil\/\"},{\"@type\":\"ListItem\",\"position\":2,\"name\":\"Politique de confidentialit\u00e9\"}]},{\"@type\":\"WebSite\",\"@id\":\"https:\/\/annalocos.com\/fr\/#website\",\"url\":\"https:\/\/annalocos.com\/fr\/\",\"name\":\"Trulli Annalocos\",\"description\":\"Trulli Annalocos\",\"publisher\":{\"@id\":\"https:\/\/annalocos.com\/fr\/#organization\"},\"potentialAction\":[{\"@type\":\"SearchAction\",\"target\":{\"@type\":\"EntryPoint\",\"urlTemplate\":\"https:\/\/annalocos.com\/fr\/?s={search_term_string}\"},\"query-input\":\"required name=search_term_string\"}],\"inLanguage\":\"fr-FR\"},{\"@type\":\"Organization\",\"@id\":\"https:\/\/annalocos.com\/fr\/#organization\",\"name\":\"Trulli Annalocos\",\"alternateName\":\"Annalocos\",\"url\":\"https:\/\/annalocos.com\/fr\/\",\"logo\":{\"@type\":\"ImageObject\",\"inLanguage\":\"fr-FR\",\"@id\":\"https:\/\/annalocos.com\/fr\/#\/schema\/logo\/image\/\",\"url\":\"https:\/\/annalocos.com\/wp-content\/uploads\/2024\/01\/LOGO_ANNALOCOS-1-01-1.png\",\"contentUrl\":\"https:\/\/annalocos.com\/wp-content\/uploads\/2024\/01\/LOGO_ANNALOCOS-1-01-1.png\",\"width\":1612,\"height\":1044,\"caption\":\"Trulli Annalocos\"},\"image\":{\"@id\":\"https:\/\/annalocos.com\/fr\/#\/schema\/logo\/image\/\"},\"sameAs\":[\"https:\/\/www.facebook.com\/annalocoscasavacanze\/\",\"https:\/\/www.airbnb.it\/rooms\/13952707\",\"https:\/\/www.booking.com\/hotel\/it\/annalocos.it.html\",\"https:\/\/www.tripadvisor.com\/Hotel_Review-g1056127-d10754198-Reviews-Anna_Locos-Locorotondo_Province_of_Bari_Puglia.html\",\"https:\/\/www.agoda.com\/annalocos\/hotel\/locorotondo-it.html\",\"https:\/\/annalocos-holiday-home-locorotondo.hotelmix.it\/\"]}]}<\/script>\n<!-- \/ Yoast SEO plugin. -->","yoast_head_json":{"title":"Politique de confidentialit\u00e9 - Trulli Annalocos","robots":{"index":"index","follow":"follow","max-snippet":"max-snippet:-1","max-image-preview":"max-image-preview:large","max-video-preview":"max-video-preview:-1"},"canonical":"https:\/\/annalocos.com\/fr\/politique-de-confidentialite\/","og_locale":"fr_FR","og_type":"article","og_title":"Politique de confidentialit\u00e9 - Trulli Annalocos","og_description":"politique de confidentialit\u00e9 Derni\u00e8re mise \u00e0 jour le 27-Apr-2023 Date d&rsquo;entr\u00e9e en vigueur 27-Apr-2023 La pr\u00e9sente politique de protection de la vie priv\u00e9e d\u00e9crit les politiques de TLAB Srls, Via Diego Martinelli, 22, Italie, Rutigliano, BA 70018, Italie, Courriel : info@lacinera.it, t\u00e9l\u00e9phone : +39 3889717017 sur la collection, utilisation et divulgation des informations que nous [&hellip;]","og_url":"https:\/\/annalocos.com\/fr\/politique-de-confidentialite\/","og_site_name":"Trulli Annalocos","article_publisher":"https:\/\/www.facebook.com\/annalocoscasavacanze\/","article_modified_time":"2024-05-31T13:38:46+00:00","og_image":[{"width":1024,"height":553,"url":"https:\/\/annalocos.com\/wp-content\/uploads\/2024\/03\/Schermata-del-2024-03-12-23-59-36-1024x553.png","type":"image\/png"}],"twitter_card":"summary_large_image","twitter_misc":{"Dur\u00e9e de lecture estim\u00e9e":"5 minutes"},"schema":{"@context":"https:\/\/schema.org","@graph":[{"@type":"WebPage","@id":"https:\/\/annalocos.com\/fr\/politique-de-confidentialite\/","url":"https:\/\/annalocos.com\/fr\/politique-de-confidentialite\/","name":"Politique de confidentialit\u00e9 - Trulli Annalocos","isPartOf":{"@id":"https:\/\/annalocos.com\/fr\/#website"},"datePublished":"2023-05-02T08:17:06+00:00","dateModified":"2024-05-31T13:38:46+00:00","breadcrumb":{"@id":"https:\/\/annalocos.com\/fr\/politique-de-confidentialite\/#breadcrumb"},"inLanguage":"fr-FR","potentialAction":[{"@type":"ReadAction","target":["https:\/\/annalocos.com\/fr\/politique-de-confidentialite\/"]}]},{"@type":"BreadcrumbList","@id":"https:\/\/annalocos.com\/fr\/politique-de-confidentialite\/#breadcrumb","itemListElement":[{"@type":"ListItem","position":1,"name":"Home","item":"https:\/\/annalocos.com\/fr\/accueil\/"},{"@type":"ListItem","position":2,"name":"Politique de confidentialit\u00e9"}]},{"@type":"WebSite","@id":"https:\/\/annalocos.com\/fr\/#website","url":"https:\/\/annalocos.com\/fr\/","name":"Trulli Annalocos","description":"Trulli Annalocos","publisher":{"@id":"https:\/\/annalocos.com\/fr\/#organization"},"potentialAction":[{"@type":"SearchAction","target":{"@type":"EntryPoint","urlTemplate":"https:\/\/annalocos.com\/fr\/?s={search_term_string}"},"query-input":"required name=search_term_string"}],"inLanguage":"fr-FR"},{"@type":"Organization","@id":"https:\/\/annalocos.com\/fr\/#organization","name":"Trulli Annalocos","alternateName":"Annalocos","url":"https:\/\/annalocos.com\/fr\/","logo":{"@type":"ImageObject","inLanguage":"fr-FR","@id":"https:\/\/annalocos.com\/fr\/#\/schema\/logo\/image\/","url":"https:\/\/annalocos.com\/wp-content\/uploads\/2024\/01\/LOGO_ANNALOCOS-1-01-1.png","contentUrl":"https:\/\/annalocos.com\/wp-content\/uploads\/2024\/01\/LOGO_ANNALOCOS-1-01-1.png","width":1612,"height":1044,"caption":"Trulli Annalocos"},"image":{"@id":"https:\/\/annalocos.com\/fr\/#\/schema\/logo\/image\/"},"sameAs":["https:\/\/www.facebook.com\/annalocoscasavacanze\/","https:\/\/www.airbnb.it\/rooms\/13952707","https:\/\/www.booking.com\/hotel\/it\/annalocos.it.html","https:\/\/www.tripadvisor.com\/Hotel_Review-g1056127-d10754198-Reviews-Anna_Locos-Locorotondo_Province_of_Bari_Puglia.html","https:\/\/www.agoda.com\/annalocos\/hotel\/locorotondo-it.html","https:\/\/annalocos-holiday-home-locorotondo.hotelmix.it\/"]}]}},"_links":{"self":[{"href":"https:\/\/annalocos.com\/fr\/wp-json\/wp\/v2\/pages\/4436","targetHints":{"allow":["GET"]}}],"collection":[{"href":"https:\/\/annalocos.com\/fr\/wp-json\/wp\/v2\/pages"}],"about":[{"href":"https:\/\/annalocos.com\/fr\/wp-json\/wp\/v2\/types\/page"}],"author":[{"embeddable":true,"href":"https:\/\/annalocos.com\/fr\/wp-json\/wp\/v2\/users\/1"}],"replies":[{"embeddable":true,"href":"https:\/\/annalocos.com\/fr\/wp-json\/wp\/v2\/comments?post=4436"}],"version-history":[{"count":1,"href":"https:\/\/annalocos.com\/fr\/wp-json\/wp\/v2\/pages\/4436\/revisions"}],"predecessor-version":[{"id":4437,"href":"https:\/\/annalocos.com\/fr\/wp-json\/wp\/v2\/pages\/4436\/revisions\/4437"}],"wp:attachment":[{"href":"https:\/\/annalocos.com\/fr\/wp-json\/wp\/v2\/media?parent=4436"}],"curies":[{"name":"wp","href":"https:\/\/api.w.org\/{rel}","templated":true}]}}