{"id":4426,"date":"2023-05-07T09:20:11","date_gmt":"2023-05-07T09:20:11","guid":{"rendered":"https:\/\/annalocos.com\/politique-en-matiere-de-cookies\/"},"modified":"2024-05-31T13:38:46","modified_gmt":"2024-05-31T13:38:46","slug":"politique-en-matiere-de-cookies","status":"publish","type":"page","link":"https:\/\/annalocos.com\/fr\/politique-en-matiere-de-cookies\/","title":{"rendered":"Politique en mati\u00e8re de cookies"},"content":{"rendered":"\t\t<div data-elementor-type=\"wp-page\" data-elementor-id=\"4426\" class=\"elementor elementor-4426 elementor-2956\">\n\t\t\t\t\t\t\t<div class=\"elementor-element elementor-element-64f321fb e-con-boxed e-con\" data-id=\"64f321fb\" data-element_type=\"container\" data-settings=\"{&quot;background_background&quot;:&quot;classic&quot;,&quot;content_width&quot;:&quot;boxed&quot;}\">\n\t\t\t\t\t<div class=\"e-con-inner\">\n\t\t<div class=\"elementor-element elementor-element-6d2091aa e-con-full e-con\" data-id=\"6d2091aa\" data-element_type=\"container\" data-settings=\"{&quot;content_width&quot;:&quot;full&quot;}\">\n\t\t\t\t<div class=\"elementor-element elementor-element-3bef78ea elementor-widget elementor-widget-spacer\" data-id=\"3bef78ea\" data-element_type=\"widget\" data-widget_type=\"spacer.default\">\n\t\t\t\t<div class=\"elementor-widget-container\">\n\t\t\t<style>\/*! elementor - v3.11.1 - 15-02-2023 *\/\n.elementor-column .elementor-spacer-inner{height:var(--spacer-size)}.e-con{--container-widget-width:100%}.e-con-inner>.elementor-widget-spacer,.e-con>.elementor-widget-spacer{width:var(--container-widget-width,var(--spacer-size));--align-self:var(--container-widget-align-self,initial);--flex-shrink:0}.e-con-inner>.elementor-widget-spacer>.elementor-widget-container,.e-con-inner>.elementor-widget-spacer>.elementor-widget-container>.elementor-spacer,.e-con>.elementor-widget-spacer>.elementor-widget-container,.e-con>.elementor-widget-spacer>.elementor-widget-container>.elementor-spacer{height:100%}.e-con-inner>.elementor-widget-spacer>.elementor-widget-container>.elementor-spacer>.elementor-spacer-inner,.e-con>.elementor-widget-spacer>.elementor-widget-container>.elementor-spacer>.elementor-spacer-inner{height:var(--container-widget-height,var(--spacer-size))}<\/style>\t\t<div class=\"elementor-spacer\">\n\t\t\t<div class=\"elementor-spacer-inner\"><\/div>\n\t\t<\/div>\n\t\t\t\t<\/div>\n\t\t\t\t<\/div>\n\t\t<div class=\"elementor-element elementor-element-792eb480 e-con-full e-con\" data-id=\"792eb480\" data-element_type=\"container\" data-settings=\"{&quot;content_width&quot;:&quot;full&quot;}\">\n\t\t<div class=\"elementor-element elementor-element-50264b1a e-con-full e-con\" data-id=\"50264b1a\" data-element_type=\"container\" data-settings=\"{&quot;content_width&quot;:&quot;full&quot;}\">\n\t\t\t\t<div class=\"elementor-element elementor-element-63fb7ed6 elementor-widget elementor-widget-heading\" data-id=\"63fb7ed6\" data-element_type=\"widget\" data-widget_type=\"heading.default\">\n\t\t\t\t<div class=\"elementor-widget-container\">\n\t\t\t<style>\/*! elementor - v3.11.1 - 15-02-2023 *\/\n.elementor-heading-title{padding:0;margin:0;line-height:1}.elementor-widget-heading .elementor-heading-title[class*=elementor-size-]>a{color:inherit;font-size:inherit;line-height:inherit}.elementor-widget-heading .elementor-heading-title.elementor-size-small{font-size:15px}.elementor-widget-heading .elementor-heading-title.elementor-size-medium{font-size:19px}.elementor-widget-heading .elementor-heading-title.elementor-size-large{font-size:29px}.elementor-widget-heading .elementor-heading-title.elementor-size-xl{font-size:39px}.elementor-widget-heading .elementor-heading-title.elementor-size-xxl{font-size:59px}<\/style><h1 class=\"elementor-heading-title elementor-size-default\">Politique en mati\u00e8re de cookies<\/h1>\t\t<\/div>\n\t\t\t\t<\/div>\n\t\t\t\t<div class=\"elementor-element elementor-element-a473172 elementor-widget elementor-widget-spacer\" data-id=\"a473172\" data-element_type=\"widget\" data-widget_type=\"spacer.default\">\n\t\t\t\t<div class=\"elementor-widget-container\">\n\t\t\t\t\t<div class=\"elementor-spacer\">\n\t\t\t<div class=\"elementor-spacer-inner\"><\/div>\n\t\t<\/div>\n\t\t\t\t<\/div>\n\t\t\t\t<\/div>\n\t\t\t\t<div class=\"elementor-element elementor-element-85f9e97 elementor-widget elementor-widget-html\" data-id=\"85f9e97\" data-element_type=\"widget\" data-widget_type=\"html.default\">\n\t\t\t\t<div class=\"elementor-widget-container\">\n\t\t\t\n<p>\n  Date d'entr\u00e9e en vigueur : 27-Apr-2023  <br>\n  Derni\u00e8re mise \u00e0 jour : 28-Apr-2023\n<\/p>\n\n&nbsp;\n<h5>Qu'est-ce qu'un biscuit ?<\/h5>\n<div class=\"cookie-policy-p\"><p>La pr\u00e9sente politique en mati\u00e8re de cookies explique ce que sont les cookies et comment nous les utilisons, les types de cookies que nous utilisons, c'est-\u00e0-dire les informations que nous recueillons \u00e0 l'aide des cookies et la mani\u00e8re dont ces informations sont utilis\u00e9es, ainsi que la mani\u00e8re de g\u00e9rer les param\u00e8tres des cookies.<\/p> <p>Les cookies sont de petits fichiers texte utilis\u00e9s pour stocker de petits \u00e9l\u00e9ments d'information. Ils sont stock\u00e9s sur votre appareil lorsque le site web est charg\u00e9 sur votre navigateur. Ces cookies nous aident \u00e0 faire fonctionner le site web correctement, \u00e0 le rendre plus s\u00fbr, \u00e0 offrir une meilleure exp\u00e9rience \u00e0 l'utilisateur, \u00e0 comprendre comment le site web fonctionne et \u00e0 analyser ce qui fonctionne et ce qui doit \u00eatre am\u00e9lior\u00e9.<\/p><\/div>\n\n&nbsp;\n<h5>Comment utilisons-nous les cookies ?<\/h5>\n<div class=\"cookie-policy-p\"><p>Comme la plupart des services en ligne, notre site web utilise des cookies de premi\u00e8re et de tierce partie \u00e0 plusieurs fins. Les cookies de premi\u00e8re partie sont essentiellement n\u00e9cessaires au bon fonctionnement du site web et ne collectent aucune de vos donn\u00e9es personnelles identifiables.<\/p> <p>Les cookies tiers utilis\u00e9s sur notre site web servent principalement \u00e0 comprendre comment le site web fonctionne, comment vous interagissez avec notre site web, \u00e0 assurer la s\u00e9curit\u00e9 de nos services, \u00e0 fournir des publicit\u00e9s pertinentes pour vous et, dans l'ensemble, \u00e0 vous offrir une exp\u00e9rience utilisateur meilleure et am\u00e9lior\u00e9e et \u00e0 acc\u00e9l\u00e9rer vos interactions futures avec notre site web.<\/p><\/div>\n\n&nbsp;\n\n\n&nbsp;\n    <h5 style=\"margin-bottom:20px;\">G\u00e9rer les pr\u00e9f\u00e9rences en mati\u00e8re de cookies<\/h5>\n\n    <u><a href=\"#cookie\" cookie=\"revisit\" class=\"cky-banner-element\">Revoir les pr\u00e9f\u00e9rences<\/a><\/u><br><br>\n\n    <div><p>Vous pouvez modifier vos pr\u00e9f\u00e9rences en mati\u00e8re de cookies \u00e0 tout moment en cliquant sur le bouton ci-dessus. Cela vous permettra de revenir sur la banni\u00e8re de consentement aux cookies et de modifier vos pr\u00e9f\u00e9rences ou de retirer votre consentement imm\u00e9diatement.  <\/p> <p>En outre, les navigateurs proposent diff\u00e9rentes m\u00e9thodes pour bloquer et supprimer les cookies utilis\u00e9s par les sites web. Vous pouvez modifier les param\u00e8tres de votre navigateur pour bloquer\/supprimer les cookies. Vous trouverez ci-dessous les liens vers les documents d'assistance sur la mani\u00e8re de g\u00e9rer et de supprimer les cookies des principaux navigateurs web.<\/p> <p>Chrome <a href=\"https:\/\/support.google.com\/accounts\/answer\/32050\" target=\"_blank\">: https:\/\/support.google.com\/accounts\/answer\/32050<\/a><\/p><p>Safari <a href=\"https:\/\/support.apple.com\/en-in\/guide\/safari\/sfri11471\/mac\" target=\"_blank\">: https:\/\/support.apple.com\/en-in\/guide\/safari\/sfri11471\/mac<\/a><\/p><p>Firefox <a href=\"https:\/\/support.mozilla.org\/en-US\/kb\/clear-cookies-and-site-data-firefox?redirectslug=delete-cookies-remove-info-websites-stored&amp;redirectlocale=en-US\" target=\"_blank\">: https:\/\/support.mozilla.org\/en-US\/kb\/clear-cookies-and-site-data-firefox?redirectslug=delete-cookies-remove-info-websites-stored&amp;redirectlocale=en-US<\/a><\/p><p>Internet Explorer <a href=\"https:\/\/support.microsoft.com\/en-us\/topic\/how-to-delete-cookie-files-in-internet-explorer-bca9446f-d873-78de-77ba-d42645fa52fc\" target=\"_blank\">: https:\/\/support.microsoft.com\/en-us\/topic\/how-to-delete-cookie-files-in-internet-explorer-bca9446f-d873-78de-77ba-d42645fa52fc<\/a><\/p><p>Si vous utilisez un autre navigateur web, veuillez consulter les documents d'assistance officiels de votre navigateur.<\/p><\/div>\n\n\n&nbsp;\n<p class=\"cookie-policy-p\">\n  Cookie Policy Generated By <a target=\"_blank\" href=\"https:\/\/www.cookieyes.com\/?utm_source=CP&amp;utm_medium=footer&amp;utm_campaign=UW\">CookieYes - G\u00e9n\u00e9rateur de politique de cookies<\/a>.\n<\/p>\n\t\t<\/div>\n\t\t\t\t<\/div>\n\t\t<div class=\"elementor-element elementor-element-e74dcba e-con-boxed e-con\" data-id=\"e74dcba\" data-element_type=\"container\" data-settings=\"{&quot;content_width&quot;:&quot;boxed&quot;}\">\n\t\t\t\t\t<div class=\"e-con-inner\">\n\t\t\t\t<div class=\"elementor-element elementor-element-5501ddc elementor-widget elementor-widget-html\" data-id=\"5501ddc\" data-element_type=\"widget\" data-widget_type=\"html.default\">\n\t\t\t\t<div class=\"elementor-widget-container\">\n\t\t\t<style>label {\n    font-size: 14px !important;\n    color: #222222A6 !important;\n}\n<\/style>\t\t<\/div>\n\t\t\t\t<\/div>\n\t\t\t\t<div class=\"elementor-element elementor-element-218911c elementor-widget elementor-widget-html\" data-id=\"218911c\" data-element_type=\"widget\" data-widget_type=\"html.default\">\n\t\t\t\t<div class=\"elementor-widget-container\">\n\t\t\t<style>span.uc_line {\n    background-color: black !important;\n}\n\n.elementor-1446 .elementor-element.elementor-element-8c96224 .elementor-heading-title {\n    color: black !important;\n}\n\n.elementor-1446 .elementor-element.elementor-element-8949b10 .elementor-heading-title {\n    color: black !important;\n}\n\n.elementor-1446 .elementor-element.elementor-element-da2eb87 .elementor-heading-title {\n    color: black !important;\n}\n\n.elementor-1446 .elementor-element.elementor-element-440fc76 .elementor-heading-title {\n    color: black !important;\n}\n\n.elementor-1446 .elementor-element.elementor-element-8d082c0 .elementor-heading-title {\n    color: black !important;\n}\n\n#play {\n    display:none;\n}\n#pause {\n    display: none;\n}\n\n<\/style>\t\t<\/div>\n\t\t\t\t<\/div>\n\t\t\t\t\t<\/div>\n\t\t\t\t<\/div>\n\t\t\t\t<\/div>\n\t\t\t\t<\/div>\n\t\t\t\t<\/div>\n\t\t\t\t\t<\/div>\n\t\t\t\t<\/div>\n\t\t\t\t\t\t\t<\/div>\n\t\t","protected":false},"excerpt":{"rendered":"<p>Politique en mati\u00e8re de cookies Date d&rsquo;entr\u00e9e en vigueur : 27-Apr-2023 Derni\u00e8re mise \u00e0 jour : 28-Apr-2023 &nbsp; Qu&rsquo;est-ce qu&rsquo;un biscuit ? La pr\u00e9sente politique en mati\u00e8re de cookies explique ce que sont les cookies et comment nous les utilisons, les types de cookies que nous utilisons, c&rsquo;est-\u00e0-dire les informations que nous recueillons \u00e0 l&rsquo;aide [&hellip;]<\/p>\n","protected":false},"author":1,"featured_media":0,"parent":0,"menu_order":0,"comment_status":"closed","ping_status":"closed","template":"","meta":{"footnotes":""},"class_list":["post-4426","page","type-page","status-publish","hentry"],"yoast_head":"<!-- This site is optimized with the Yoast SEO plugin v22.2 - https:\/\/yoast.com\/wordpress\/plugins\/seo\/ -->\n<title>Politique en mati\u00e8re de cookies - Trulli Annalocos<\/title>\n<meta name=\"robots\" content=\"index, follow, max-snippet:-1, max-image-preview:large, max-video-preview:-1\" \/>\n<link rel=\"canonical\" href=\"https:\/\/annalocos.com\/fr\/politique-en-matiere-de-cookies\/\" \/>\n<meta property=\"og:locale\" content=\"fr_FR\" \/>\n<meta property=\"og:type\" content=\"article\" \/>\n<meta property=\"og:title\" content=\"Politique en mati\u00e8re de cookies - Trulli Annalocos\" \/>\n<meta property=\"og:description\" content=\"Politique en mati\u00e8re de cookies Date d&rsquo;entr\u00e9e en vigueur : 27-Apr-2023 Derni\u00e8re mise \u00e0 jour : 28-Apr-2023 &nbsp; Qu&rsquo;est-ce qu&rsquo;un biscuit ? La pr\u00e9sente politique en mati\u00e8re de cookies explique ce que sont les cookies et comment nous les utilisons, les types de cookies que nous utilisons, c&rsquo;est-\u00e0-dire les informations que nous recueillons \u00e0 l&rsquo;aide [&hellip;]\" \/>\n<meta property=\"og:url\" content=\"https:\/\/annalocos.com\/fr\/politique-en-matiere-de-cookies\/\" \/>\n<meta property=\"og:site_name\" content=\"Trulli Annalocos\" \/>\n<meta property=\"article:publisher\" content=\"https:\/\/www.facebook.com\/annalocoscasavacanze\/\" \/>\n<meta property=\"article:modified_time\" content=\"2024-05-31T13:38:46+00:00\" \/>\n<meta property=\"og:image\" content=\"https:\/\/annalocos.com\/wp-content\/uploads\/2024\/03\/Schermata-del-2024-03-12-23-59-36-1024x553.png\" \/>\n\t<meta property=\"og:image:width\" content=\"1024\" \/>\n\t<meta property=\"og:image:height\" content=\"553\" \/>\n\t<meta property=\"og:image:type\" content=\"image\/png\" \/>\n<meta name=\"twitter:card\" content=\"summary_large_image\" \/>\n<meta name=\"twitter:label1\" content=\"Dur\u00e9e de lecture estim\u00e9e\" \/>\n\t<meta name=\"twitter:data1\" content=\"2 minutes\" \/>\n<script type=\"application\/ld+json\" class=\"yoast-schema-graph\">{\"@context\":\"https:\/\/schema.org\",\"@graph\":[{\"@type\":\"WebPage\",\"@id\":\"https:\/\/annalocos.com\/fr\/politique-en-matiere-de-cookies\/\",\"url\":\"https:\/\/annalocos.com\/fr\/politique-en-matiere-de-cookies\/\",\"name\":\"Politique en mati\u00e8re de cookies - Trulli Annalocos\",\"isPartOf\":{\"@id\":\"https:\/\/annalocos.com\/fr\/#website\"},\"datePublished\":\"2023-05-07T09:20:11+00:00\",\"dateModified\":\"2024-05-31T13:38:46+00:00\",\"breadcrumb\":{\"@id\":\"https:\/\/annalocos.com\/fr\/politique-en-matiere-de-cookies\/#breadcrumb\"},\"inLanguage\":\"fr-FR\",\"potentialAction\":[{\"@type\":\"ReadAction\",\"target\":[\"https:\/\/annalocos.com\/fr\/politique-en-matiere-de-cookies\/\"]}]},{\"@type\":\"BreadcrumbList\",\"@id\":\"https:\/\/annalocos.com\/fr\/politique-en-matiere-de-cookies\/#breadcrumb\",\"itemListElement\":[{\"@type\":\"ListItem\",\"position\":1,\"name\":\"Home\",\"item\":\"https:\/\/annalocos.com\/fr\/accueil\/\"},{\"@type\":\"ListItem\",\"position\":2,\"name\":\"Politique en mati\u00e8re de cookies\"}]},{\"@type\":\"WebSite\",\"@id\":\"https:\/\/annalocos.com\/fr\/#website\",\"url\":\"https:\/\/annalocos.com\/fr\/\",\"name\":\"Trulli Annalocos\",\"description\":\"Trulli Annalocos\",\"publisher\":{\"@id\":\"https:\/\/annalocos.com\/fr\/#organization\"},\"potentialAction\":[{\"@type\":\"SearchAction\",\"target\":{\"@type\":\"EntryPoint\",\"urlTemplate\":\"https:\/\/annalocos.com\/fr\/?s={search_term_string}\"},\"query-input\":\"required name=search_term_string\"}],\"inLanguage\":\"fr-FR\"},{\"@type\":\"Organization\",\"@id\":\"https:\/\/annalocos.com\/fr\/#organization\",\"name\":\"Trulli Annalocos\",\"alternateName\":\"Annalocos\",\"url\":\"https:\/\/annalocos.com\/fr\/\",\"logo\":{\"@type\":\"ImageObject\",\"inLanguage\":\"fr-FR\",\"@id\":\"https:\/\/annalocos.com\/fr\/#\/schema\/logo\/image\/\",\"url\":\"https:\/\/annalocos.com\/wp-content\/uploads\/2024\/01\/LOGO_ANNALOCOS-1-01-1.png\",\"contentUrl\":\"https:\/\/annalocos.com\/wp-content\/uploads\/2024\/01\/LOGO_ANNALOCOS-1-01-1.png\",\"width\":1612,\"height\":1044,\"caption\":\"Trulli Annalocos\"},\"image\":{\"@id\":\"https:\/\/annalocos.com\/fr\/#\/schema\/logo\/image\/\"},\"sameAs\":[\"https:\/\/www.facebook.com\/annalocoscasavacanze\/\",\"https:\/\/www.airbnb.it\/rooms\/13952707\",\"https:\/\/www.booking.com\/hotel\/it\/annalocos.it.html\",\"https:\/\/www.tripadvisor.com\/Hotel_Review-g1056127-d10754198-Reviews-Anna_Locos-Locorotondo_Province_of_Bari_Puglia.html\",\"https:\/\/www.agoda.com\/annalocos\/hotel\/locorotondo-it.html\",\"https:\/\/annalocos-holiday-home-locorotondo.hotelmix.it\/\"]}]}<\/script>\n<!-- \/ Yoast SEO plugin. -->","yoast_head_json":{"title":"Politique en mati\u00e8re de cookies - Trulli Annalocos","robots":{"index":"index","follow":"follow","max-snippet":"max-snippet:-1","max-image-preview":"max-image-preview:large","max-video-preview":"max-video-preview:-1"},"canonical":"https:\/\/annalocos.com\/fr\/politique-en-matiere-de-cookies\/","og_locale":"fr_FR","og_type":"article","og_title":"Politique en mati\u00e8re de cookies - Trulli Annalocos","og_description":"Politique en mati\u00e8re de cookies Date d&rsquo;entr\u00e9e en vigueur : 27-Apr-2023 Derni\u00e8re mise \u00e0 jour : 28-Apr-2023 &nbsp; Qu&rsquo;est-ce qu&rsquo;un biscuit ? La pr\u00e9sente politique en mati\u00e8re de cookies explique ce que sont les cookies et comment nous les utilisons, les types de cookies que nous utilisons, c&rsquo;est-\u00e0-dire les informations que nous recueillons \u00e0 l&rsquo;aide [&hellip;]","og_url":"https:\/\/annalocos.com\/fr\/politique-en-matiere-de-cookies\/","og_site_name":"Trulli Annalocos","article_publisher":"https:\/\/www.facebook.com\/annalocoscasavacanze\/","article_modified_time":"2024-05-31T13:38:46+00:00","og_image":[{"width":1024,"height":553,"url":"https:\/\/annalocos.com\/wp-content\/uploads\/2024\/03\/Schermata-del-2024-03-12-23-59-36-1024x553.png","type":"image\/png"}],"twitter_card":"summary_large_image","twitter_misc":{"Dur\u00e9e de lecture estim\u00e9e":"2 minutes"},"schema":{"@context":"https:\/\/schema.org","@graph":[{"@type":"WebPage","@id":"https:\/\/annalocos.com\/fr\/politique-en-matiere-de-cookies\/","url":"https:\/\/annalocos.com\/fr\/politique-en-matiere-de-cookies\/","name":"Politique en mati\u00e8re de cookies - Trulli Annalocos","isPartOf":{"@id":"https:\/\/annalocos.com\/fr\/#website"},"datePublished":"2023-05-07T09:20:11+00:00","dateModified":"2024-05-31T13:38:46+00:00","breadcrumb":{"@id":"https:\/\/annalocos.com\/fr\/politique-en-matiere-de-cookies\/#breadcrumb"},"inLanguage":"fr-FR","potentialAction":[{"@type":"ReadAction","target":["https:\/\/annalocos.com\/fr\/politique-en-matiere-de-cookies\/"]}]},{"@type":"BreadcrumbList","@id":"https:\/\/annalocos.com\/fr\/politique-en-matiere-de-cookies\/#breadcrumb","itemListElement":[{"@type":"ListItem","position":1,"name":"Home","item":"https:\/\/annalocos.com\/fr\/accueil\/"},{"@type":"ListItem","position":2,"name":"Politique en mati\u00e8re de cookies"}]},{"@type":"WebSite","@id":"https:\/\/annalocos.com\/fr\/#website","url":"https:\/\/annalocos.com\/fr\/","name":"Trulli Annalocos","description":"Trulli Annalocos","publisher":{"@id":"https:\/\/annalocos.com\/fr\/#organization"},"potentialAction":[{"@type":"SearchAction","target":{"@type":"EntryPoint","urlTemplate":"https:\/\/annalocos.com\/fr\/?s={search_term_string}"},"query-input":"required name=search_term_string"}],"inLanguage":"fr-FR"},{"@type":"Organization","@id":"https:\/\/annalocos.com\/fr\/#organization","name":"Trulli Annalocos","alternateName":"Annalocos","url":"https:\/\/annalocos.com\/fr\/","logo":{"@type":"ImageObject","inLanguage":"fr-FR","@id":"https:\/\/annalocos.com\/fr\/#\/schema\/logo\/image\/","url":"https:\/\/annalocos.com\/wp-content\/uploads\/2024\/01\/LOGO_ANNALOCOS-1-01-1.png","contentUrl":"https:\/\/annalocos.com\/wp-content\/uploads\/2024\/01\/LOGO_ANNALOCOS-1-01-1.png","width":1612,"height":1044,"caption":"Trulli Annalocos"},"image":{"@id":"https:\/\/annalocos.com\/fr\/#\/schema\/logo\/image\/"},"sameAs":["https:\/\/www.facebook.com\/annalocoscasavacanze\/","https:\/\/www.airbnb.it\/rooms\/13952707","https:\/\/www.booking.com\/hotel\/it\/annalocos.it.html","https:\/\/www.tripadvisor.com\/Hotel_Review-g1056127-d10754198-Reviews-Anna_Locos-Locorotondo_Province_of_Bari_Puglia.html","https:\/\/www.agoda.com\/annalocos\/hotel\/locorotondo-it.html","https:\/\/annalocos-holiday-home-locorotondo.hotelmix.it\/"]}]}},"_links":{"self":[{"href":"https:\/\/annalocos.com\/fr\/wp-json\/wp\/v2\/pages\/4426","targetHints":{"allow":["GET"]}}],"collection":[{"href":"https:\/\/annalocos.com\/fr\/wp-json\/wp\/v2\/pages"}],"about":[{"href":"https:\/\/annalocos.com\/fr\/wp-json\/wp\/v2\/types\/page"}],"author":[{"embeddable":true,"href":"https:\/\/annalocos.com\/fr\/wp-json\/wp\/v2\/users\/1"}],"replies":[{"embeddable":true,"href":"https:\/\/annalocos.com\/fr\/wp-json\/wp\/v2\/comments?post=4426"}],"version-history":[{"count":2,"href":"https:\/\/annalocos.com\/fr\/wp-json\/wp\/v2\/pages\/4426\/revisions"}],"predecessor-version":[{"id":4432,"href":"https:\/\/annalocos.com\/fr\/wp-json\/wp\/v2\/pages\/4426\/revisions\/4432"}],"wp:attachment":[{"href":"https:\/\/annalocos.com\/fr\/wp-json\/wp\/v2\/media?parent=4426"}],"curies":[{"name":"wp","href":"https:\/\/api.w.org\/{rel}","templated":true}]}}