{"id":4452,"date":"2022-08-27T13:51:59","date_gmt":"2022-08-27T13:51:59","guid":{"rendered":"https:\/\/annalocos.com\/servicios\/"},"modified":"2024-05-31T13:38:50","modified_gmt":"2024-05-31T13:38:50","slug":"servicios","status":"publish","type":"page","link":"https:\/\/annalocos.com\/es\/servicios\/","title":{"rendered":"Servicios"},"content":{"rendered":"\t\t<div data-elementor-type=\"wp-page\" data-elementor-id=\"4452\" class=\"elementor elementor-4452 elementor-253\">\n\t\t\t\t\t\t\t<div class=\"elementor-element elementor-element-d5ec75b e-con-boxed e-con\" data-id=\"d5ec75b\" data-element_type=\"container\" data-settings=\"{&quot;background_background&quot;:&quot;classic&quot;,&quot;content_width&quot;:&quot;boxed&quot;}\">\n\t\t\t\t\t<div class=\"e-con-inner\">\n\t\t<div class=\"elementor-element elementor-element-7837ff9 e-con-boxed e-con\" data-id=\"7837ff9\" data-element_type=\"container\" data-settings=\"{&quot;background_background&quot;:&quot;classic&quot;,&quot;content_width&quot;:&quot;boxed&quot;}\">\n\t\t\t\t\t<div class=\"e-con-inner\">\n\t\t<div class=\"elementor-element elementor-element-4adab29 e-con-full e-con\" data-id=\"4adab29\" data-element_type=\"container\" data-settings=\"{&quot;content_width&quot;:&quot;full&quot;}\">\n\t\t\t\t<div class=\"elementor-element elementor-element-f6d2bf8 elementor-widget elementor-widget-spacer\" data-id=\"f6d2bf8\" data-element_type=\"widget\" data-widget_type=\"spacer.default\">\n\t\t\t\t<div class=\"elementor-widget-container\">\n\t\t\t<style>\/*! elementor - v3.11.1 - 15-02-2023 *\/\n.elementor-column .elementor-spacer-inner{height:var(--spacer-size)}.e-con{--container-widget-width:100%}.e-con-inner>.elementor-widget-spacer,.e-con>.elementor-widget-spacer{width:var(--container-widget-width,var(--spacer-size));--align-self:var(--container-widget-align-self,initial);--flex-shrink:0}.e-con-inner>.elementor-widget-spacer>.elementor-widget-container,.e-con-inner>.elementor-widget-spacer>.elementor-widget-container>.elementor-spacer,.e-con>.elementor-widget-spacer>.elementor-widget-container,.e-con>.elementor-widget-spacer>.elementor-widget-container>.elementor-spacer{height:100%}.e-con-inner>.elementor-widget-spacer>.elementor-widget-container>.elementor-spacer>.elementor-spacer-inner,.e-con>.elementor-widget-spacer>.elementor-widget-container>.elementor-spacer>.elementor-spacer-inner{height:var(--container-widget-height,var(--spacer-size))}<\/style>\t\t<div class=\"elementor-spacer\">\n\t\t\t<div class=\"elementor-spacer-inner\"><\/div>\n\t\t<\/div>\n\t\t\t\t<\/div>\n\t\t\t\t<\/div>\n\t\t<div class=\"elementor-element elementor-element-7f16918 e-con-full e-con\" data-id=\"7f16918\" data-element_type=\"container\" data-settings=\"{&quot;content_width&quot;:&quot;full&quot;}\">\n\t\t<div class=\"elementor-element elementor-element-3e37ed6 e-con-full e-con\" data-id=\"3e37ed6\" data-element_type=\"container\" data-settings=\"{&quot;content_width&quot;:&quot;full&quot;}\">\n\t\t\t\t<div class=\"elementor-element elementor-element-ea5a795 elementor-widget elementor-widget-heading\" data-id=\"ea5a795\" data-element_type=\"widget\" data-widget_type=\"heading.default\">\n\t\t\t\t<div class=\"elementor-widget-container\">\n\t\t\t<style>\/*! elementor - v3.11.1 - 15-02-2023 *\/\n.elementor-heading-title{padding:0;margin:0;line-height:1}.elementor-widget-heading .elementor-heading-title[class*=elementor-size-]>a{color:inherit;font-size:inherit;line-height:inherit}.elementor-widget-heading .elementor-heading-title.elementor-size-small{font-size:15px}.elementor-widget-heading .elementor-heading-title.elementor-size-medium{font-size:19px}.elementor-widget-heading .elementor-heading-title.elementor-size-large{font-size:29px}.elementor-widget-heading .elementor-heading-title.elementor-size-xl{font-size:39px}.elementor-widget-heading .elementor-heading-title.elementor-size-xxl{font-size:59px}<\/style><h2 class=\"elementor-heading-title elementor-size-default\">Servicios<\/h2>\t\t<\/div>\n\t\t\t\t<\/div>\n\t\t\t\t<div class=\"elementor-element elementor-element-aa8b9ef elementor-widget elementor-widget-spacer\" data-id=\"aa8b9ef\" data-element_type=\"widget\" data-widget_type=\"spacer.default\">\n\t\t\t\t<div class=\"elementor-widget-container\">\n\t\t\t\t\t<div class=\"elementor-spacer\">\n\t\t\t<div class=\"elementor-spacer-inner\"><\/div>\n\t\t<\/div>\n\t\t\t\t<\/div>\n\t\t\t\t<\/div>\n\t\t<div class=\"elementor-element elementor-element-3e45ea3 e-con-full e-con\" data-id=\"3e45ea3\" data-element_type=\"container\" data-settings=\"{&quot;content_width&quot;:&quot;full&quot;}\">\n\t\t<div class=\"elementor-element elementor-element-ec7453b e-con-boxed e-con\" data-id=\"ec7453b\" data-element_type=\"container\" data-settings=\"{&quot;content_width&quot;:&quot;boxed&quot;}\">\n\t\t\t\t\t<div class=\"e-con-inner\">\n\t\t<a class=\"elementor-element elementor-element-10f7651 e-con-boxed e-con\" data-id=\"10f7651\" data-element_type=\"container\" data-settings=\"{&quot;content_width&quot;:&quot;boxed&quot;}\">\n\t\t\t\t\t<div class=\"e-con-inner\">\n\t\t\t\t<div class=\"elementor-element elementor-element-f67391f elementor-widget elementor-widget-image\" data-id=\"f67391f\" data-element_type=\"widget\" data-widget_type=\"image.default\">\n\t\t\t\t<div class=\"elementor-widget-container\">\n\t\t\t<style>\/*! elementor - v3.11.1 - 15-02-2023 *\/\n.elementor-widget-image{text-align:center}.elementor-widget-image a{display:inline-block}.elementor-widget-image a img[src$=\".svg\"]{width:48px}.elementor-widget-image img{vertical-align:middle;display:inline-block}<\/style>\t\t\t\t\t\t\t\t\t\t\t\t<img loading=\"lazy\" decoding=\"async\" width=\"768\" height=\"576\" src=\"https:\/\/annalocos.com\/wp-content\/uploads\/2024\/02\/IMG_9121-1-768x576.jpeg\" class=\"attachment-medium_large size-medium_large wp-image-3211\" alt=\"\" srcset=\"https:\/\/annalocos.com\/wp-content\/uploads\/2024\/02\/IMG_9121-1-768x576.jpeg 768w, https:\/\/annalocos.com\/wp-content\/uploads\/2024\/02\/IMG_9121-1-300x225.jpeg 300w, https:\/\/annalocos.com\/wp-content\/uploads\/2024\/02\/IMG_9121-1-1024x768.jpeg 1024w, https:\/\/annalocos.com\/wp-content\/uploads\/2024\/02\/IMG_9121-1-1536x1152.jpeg 1536w, https:\/\/annalocos.com\/wp-content\/uploads\/2024\/02\/IMG_9121-1-2048x1536.jpeg 2048w\" sizes=\"auto, (max-width: 768px) 100vw, 768px\" \/>\t\t\t\t\t\t\t\t\t\t\t\t\t\t\t<\/div>\n\t\t\t\t<\/div>\n\t\t\t\t<div class=\"elementor-element elementor-element-b8429eb elementor-widget elementor-widget-heading\" data-id=\"b8429eb\" data-element_type=\"widget\" data-widget_type=\"heading.default\">\n\t\t\t\t<div class=\"elementor-widget-container\">\n\t\t\t<h2 class=\"elementor-heading-title elementor-size-default\">Aperitivo de bienvenida<\/h2>\t\t<\/div>\n\t\t\t\t<\/div>\n\t\t\t\t<div class=\"elementor-element elementor-element-b26749f elementor-widget elementor-widget-heading\" data-id=\"b26749f\" data-element_type=\"widget\" data-widget_type=\"heading.default\">\n\t\t\t\t<div class=\"elementor-widget-container\">\n\t\t\t<p class=\"elementor-heading-title elementor-size-default\">Disfruta de todas las delicias de la bebida de bienvenida. Saborear en un jard\u00edn fant\u00e1stico, es una experiencia para recordar.\n<br><br>\nGratis para estancias superiores a 3 d\u00edas.<\/p>\t\t<\/div>\n\t\t\t\t<\/div>\n\t\t\t\t\t<\/div>\n\t\t\t\t<\/a>\n\t\t<a class=\"elementor-element elementor-element-b2475c7 e-con-boxed e-con\" data-id=\"b2475c7\" data-element_type=\"container\" data-settings=\"{&quot;content_width&quot;:&quot;boxed&quot;}\">\n\t\t\t\t\t<div class=\"e-con-inner\">\n\t\t\t\t<div class=\"elementor-element elementor-element-603d34f elementor-widget elementor-widget-image\" data-id=\"603d34f\" data-element_type=\"widget\" data-widget_type=\"image.default\">\n\t\t\t\t<div class=\"elementor-widget-container\">\n\t\t\t\t\t\t\t\t\t\t\t\t\t\t\t<img loading=\"lazy\" decoding=\"async\" width=\"768\" height=\"575\" src=\"https:\/\/annalocos.com\/wp-content\/uploads\/2024\/03\/ddd-768x575.jpg\" class=\"attachment-medium_large size-medium_large wp-image-3412\" alt=\"\" srcset=\"https:\/\/annalocos.com\/wp-content\/uploads\/2024\/03\/ddd-768x575.jpg 768w, https:\/\/annalocos.com\/wp-content\/uploads\/2024\/03\/ddd-300x225.jpg 300w, https:\/\/annalocos.com\/wp-content\/uploads\/2024\/03\/ddd-1024x767.jpg 1024w, https:\/\/annalocos.com\/wp-content\/uploads\/2024\/03\/ddd-1536x1150.jpg 1536w, https:\/\/annalocos.com\/wp-content\/uploads\/2024\/03\/ddd-2048x1534.jpg 2048w\" sizes=\"auto, (max-width: 768px) 100vw, 768px\" \/>\t\t\t\t\t\t\t\t\t\t\t\t\t\t\t<\/div>\n\t\t\t\t<\/div>\n\t\t\t\t<div class=\"elementor-element elementor-element-506c9f0 elementor-widget elementor-widget-heading\" data-id=\"506c9f0\" data-element_type=\"widget\" data-widget_type=\"heading.default\">\n\t\t\t\t<div class=\"elementor-widget-container\">\n\t\t\t<h2 class=\"elementor-heading-title elementor-size-default\">Relajaci\u00f3n entre los trulli<\/h2>\t\t<\/div>\n\t\t\t\t<\/div>\n\t\t\t\t<div class=\"elementor-element elementor-element-976a734 elementor-widget elementor-widget-heading\" data-id=\"976a734\" data-element_type=\"widget\" data-widget_type=\"heading.default\">\n\t\t\t\t<div class=\"elementor-widget-container\">\n\t\t\t<p class=\"elementor-heading-title elementor-size-default\">Aqu\u00ed, rel\u00e1jate, todo se aclarar\u00e1 con un masaje rejuvenecedor. La luz del sol, el aire fresco y el contacto con la naturaleza benefician al coraz\u00f3n de forma tangible.\n<br><br>\nS\u00f3lo con reserva previa.<\/p>\t\t<\/div>\n\t\t\t\t<\/div>\n\t\t\t\t\t<\/div>\n\t\t\t\t<\/a>\n\t\t\t\t\t<\/div>\n\t\t\t\t<\/div>\n\t\t<div class=\"elementor-element elementor-element-b13ed65 e-con-boxed e-con\" data-id=\"b13ed65\" data-element_type=\"container\" data-settings=\"{&quot;content_width&quot;:&quot;boxed&quot;}\">\n\t\t\t\t\t<div class=\"e-con-inner\">\n\t\t<a class=\"elementor-element elementor-element-bb47855 e-con-boxed e-con\" data-id=\"bb47855\" data-element_type=\"container\" data-settings=\"{&quot;content_width&quot;:&quot;boxed&quot;}\">\n\t\t\t\t\t<div class=\"e-con-inner\">\n\t\t\t\t<div class=\"elementor-element elementor-element-81d0c74 elementor-widget elementor-widget-image\" data-id=\"81d0c74\" data-element_type=\"widget\" data-widget_type=\"image.default\">\n\t\t\t\t<div class=\"elementor-widget-container\">\n\t\t\t\t\t\t\t\t\t\t\t\t\t\t\t<img loading=\"lazy\" decoding=\"async\" width=\"800\" height=\"600\" src=\"https:\/\/annalocos.com\/wp-content\/uploads\/2024\/02\/IMG_9460-scaled-1-1024x768.jpg\" class=\"attachment-large size-large wp-image-3287\" alt=\"\" srcset=\"https:\/\/annalocos.com\/wp-content\/uploads\/2024\/02\/IMG_9460-scaled-1-1024x768.jpg 1024w, https:\/\/annalocos.com\/wp-content\/uploads\/2024\/02\/IMG_9460-scaled-1-300x225.jpg 300w, https:\/\/annalocos.com\/wp-content\/uploads\/2024\/02\/IMG_9460-scaled-1-768x576.jpg 768w, https:\/\/annalocos.com\/wp-content\/uploads\/2024\/02\/IMG_9460-scaled-1-1536x1152.jpg 1536w, https:\/\/annalocos.com\/wp-content\/uploads\/2024\/02\/IMG_9460-scaled-1.jpg 1920w\" sizes=\"auto, (max-width: 800px) 100vw, 800px\" \/>\t\t\t\t\t\t\t\t\t\t\t\t\t\t\t<\/div>\n\t\t\t\t<\/div>\n\t\t\t\t<div class=\"elementor-element elementor-element-c5cd0df elementor-widget elementor-widget-heading\" data-id=\"c5cd0df\" data-element_type=\"widget\" data-widget_type=\"heading.default\">\n\t\t\t\t<div class=\"elementor-widget-container\">\n\t\t\t<h2 class=\"elementor-heading-title elementor-size-default\">Clase de cocina<\/h2>\t\t<\/div>\n\t\t\t\t<\/div>\n\t\t\t\t<div class=\"elementor-element elementor-element-10d30ea elementor-widget elementor-widget-heading\" data-id=\"10d30ea\" data-element_type=\"widget\" data-widget_type=\"heading.default\">\n\t\t\t\t<div class=\"elementor-widget-container\">\n\t\t\t<p class=\"elementor-heading-title elementor-size-default\">Es gratificante descubrir lo que queremos con facilidad, durante una clase de cocina o al final de una lecci\u00f3n de cocina. Experimenta el aut\u00e9ntico placer de crear y disfrutar de manjares hechos con nuestras propias manos.\n<br><br>\nS\u00f3lo con reserva previa.<\/p>\t\t<\/div>\n\t\t\t\t<\/div>\n\t\t\t\t\t<\/div>\n\t\t\t\t<\/a>\n\t\t<a class=\"elementor-element elementor-element-374e5bf e-con-boxed e-con\" data-id=\"374e5bf\" data-element_type=\"container\" data-settings=\"{&quot;content_width&quot;:&quot;boxed&quot;}\">\n\t\t\t\t\t<div class=\"e-con-inner\">\n\t\t\t\t<div class=\"elementor-element elementor-element-bbec57a elementor-widget elementor-widget-image\" data-id=\"bbec57a\" data-element_type=\"widget\" data-widget_type=\"image.default\">\n\t\t\t\t<div class=\"elementor-widget-container\">\n\t\t\t\t\t\t\t\t\t\t\t\t\t\t\t<img loading=\"lazy\" decoding=\"async\" width=\"800\" height=\"600\" src=\"https:\/\/annalocos.com\/wp-content\/uploads\/2024\/02\/0d93a98a-f0aa-458b-aec1-82dd554cf69f-1-1024x768.jpeg\" class=\"attachment-large size-large wp-image-3252\" alt=\"\" srcset=\"https:\/\/annalocos.com\/wp-content\/uploads\/2024\/02\/0d93a98a-f0aa-458b-aec1-82dd554cf69f-1-1024x768.jpeg 1024w, https:\/\/annalocos.com\/wp-content\/uploads\/2024\/02\/0d93a98a-f0aa-458b-aec1-82dd554cf69f-1-300x225.jpeg 300w, https:\/\/annalocos.com\/wp-content\/uploads\/2024\/02\/0d93a98a-f0aa-458b-aec1-82dd554cf69f-1-768x576.jpeg 768w, https:\/\/annalocos.com\/wp-content\/uploads\/2024\/02\/0d93a98a-f0aa-458b-aec1-82dd554cf69f-1-1536x1152.jpeg 1536w, https:\/\/annalocos.com\/wp-content\/uploads\/2024\/02\/0d93a98a-f0aa-458b-aec1-82dd554cf69f-1.jpeg 2048w\" sizes=\"auto, (max-width: 800px) 100vw, 800px\" \/>\t\t\t\t\t\t\t\t\t\t\t\t\t\t\t<\/div>\n\t\t\t\t<\/div>\n\t\t\t\t<div class=\"elementor-element elementor-element-86d7c01 elementor-widget elementor-widget-heading\" data-id=\"86d7c01\" data-element_type=\"widget\" data-widget_type=\"heading.default\">\n\t\t\t\t<div class=\"elementor-widget-container\">\n\t\t\t<h2 class=\"elementor-heading-title elementor-size-default\">Hidromasaje<\/h2>\t\t<\/div>\n\t\t\t\t<\/div>\n\t\t\t\t<div class=\"elementor-element elementor-element-c3351ff elementor-widget elementor-widget-heading\" data-id=\"c3351ff\" data-element_type=\"widget\" data-widget_type=\"heading.default\">\n\t\t\t\t<div class=\"elementor-widget-container\">\n\t\t\t<p class=\"elementor-heading-title elementor-size-default\">Toda la relajaci\u00f3n del hidromasaje para disfrutar en las c\u00e1lidas aguas, las que alivian las tensiones. Admira el cielo estrellado mientras te deleitas con el confort de las burbujas.<br><br>\nDisponible de mayo a septiembre con cita previa.<\/p>\t\t<\/div>\n\t\t\t\t<\/div>\n\t\t\t\t\t<\/div>\n\t\t\t\t<\/a>\n\t\t\t\t\t<\/div>\n\t\t\t\t<\/div>\n\t\t\t\t<\/div>\n\t\t\t\t<\/div>\n\t\t\t\t<\/div>\n\t\t\t\t<\/div>\n\t\t\t\t\t<\/div>\n\t\t\t\t<\/div>\n\t\t\t\t\t<\/div>\n\t\t\t\t<\/div>\n\t\t\t\t\t\t\t<\/div>\n\t\t","protected":false},"excerpt":{"rendered":"<p>Servicios Aperitivo de bienvenida Disfruta de todas las delicias de la bebida de bienvenida. Saborear en un jard\u00edn fant\u00e1stico, es una experiencia para recordar. Gratis para estancias superiores a 3 d\u00edas. Relajaci\u00f3n entre los trulli Aqu\u00ed, rel\u00e1jate, todo se aclarar\u00e1 con un masaje rejuvenecedor. La luz del sol, el aire fresco y el contacto con [&hellip;]<\/p>\n","protected":false},"author":1,"featured_media":4273,"parent":0,"menu_order":0,"comment_status":"closed","ping_status":"closed","template":"elementor_header_footer","meta":{"footnotes":""},"class_list":["post-4452","page","type-page","status-publish","has-post-thumbnail","hentry"],"yoast_head":"<!-- This site is optimized with the Yoast SEO plugin v22.2 - https:\/\/yoast.com\/wordpress\/plugins\/seo\/ -->\n<title>Annalocos Trulli - Servicios<\/title>\n<meta name=\"description\" content=\"Explora el encanto de los Trulli de Annalocos: un refugio donde la naturaleza se funde con la historia, ofreciendo paz y autenticidad.\" \/>\n<meta name=\"robots\" content=\"index, follow, max-snippet:-1, max-image-preview:large, max-video-preview:-1\" \/>\n<link rel=\"canonical\" href=\"https:\/\/annalocos.com\/es\/servicios\/\" \/>\n<meta property=\"og:locale\" content=\"es_ES\" \/>\n<meta property=\"og:type\" content=\"article\" \/>\n<meta property=\"og:title\" content=\"Annalocos Trulli - Servicios\" \/>\n<meta property=\"og:description\" content=\"Explora el encanto de los Trulli de Annalocos: un refugio donde la naturaleza se funde con la historia, ofreciendo paz y autenticidad.\" \/>\n<meta property=\"og:url\" content=\"https:\/\/annalocos.com\/es\/servicios\/\" \/>\n<meta property=\"og:site_name\" content=\"Trulli Annalocos\" \/>\n<meta property=\"article:publisher\" content=\"https:\/\/www.facebook.com\/annalocoscasavacanze\/\" \/>\n<meta property=\"article:modified_time\" content=\"2024-05-31T13:38:50+00:00\" \/>\n<meta property=\"og:image\" content=\"https:\/\/annalocos.com\/wp-content\/uploads\/2024\/03\/Schermata-del-2024-03-12-23-59-36-1024x553.png\" \/>\n<meta name=\"twitter:card\" content=\"summary_large_image\" \/>\n<meta name=\"twitter:label1\" content=\"Tiempo de lectura\" \/>\n\t<meta name=\"twitter:data1\" content=\"1 minuto\" \/>\n<script type=\"application\/ld+json\" class=\"yoast-schema-graph\">{\"@context\":\"https:\/\/schema.org\",\"@graph\":[{\"@type\":\"WebPage\",\"@id\":\"https:\/\/annalocos.com\/es\/servicios\/\",\"url\":\"https:\/\/annalocos.com\/es\/servicios\/\",\"name\":\"Annalocos Trulli - Servicios\",\"isPartOf\":{\"@id\":\"https:\/\/annalocos.com\/es\/#website\"},\"primaryImageOfPage\":{\"@id\":\"https:\/\/annalocos.com\/es\/servicios\/#primaryimage\"},\"image\":{\"@id\":\"https:\/\/annalocos.com\/es\/servicios\/#primaryimage\"},\"thumbnailUrl\":\"https:\/\/annalocos.com\/wp-content\/uploads\/2024\/03\/Schermata-del-2024-03-12-23-59-36.png\",\"datePublished\":\"2022-08-27T13:51:59+00:00\",\"dateModified\":\"2024-05-31T13:38:50+00:00\",\"description\":\"Explora el encanto de los Trulli de Annalocos: un refugio donde la naturaleza se funde con la historia, ofreciendo paz y autenticidad.\",\"breadcrumb\":{\"@id\":\"https:\/\/annalocos.com\/es\/servicios\/#breadcrumb\"},\"inLanguage\":\"es\",\"potentialAction\":[{\"@type\":\"ReadAction\",\"target\":[\"https:\/\/annalocos.com\/es\/servicios\/\"]}]},{\"@type\":\"ImageObject\",\"inLanguage\":\"es\",\"@id\":\"https:\/\/annalocos.com\/es\/servicios\/#primaryimage\",\"url\":\"https:\/\/annalocos.com\/wp-content\/uploads\/2024\/03\/Schermata-del-2024-03-12-23-59-36.png\",\"contentUrl\":\"https:\/\/annalocos.com\/wp-content\/uploads\/2024\/03\/Schermata-del-2024-03-12-23-59-36.png\",\"width\":2142,\"height\":1157},{\"@type\":\"BreadcrumbList\",\"@id\":\"https:\/\/annalocos.com\/es\/servicios\/#breadcrumb\",\"itemListElement\":[{\"@type\":\"ListItem\",\"position\":1,\"name\":\"Home\",\"item\":\"https:\/\/annalocos.com\/es\/inicio\/\"},{\"@type\":\"ListItem\",\"position\":2,\"name\":\"Servicios\"}]},{\"@type\":\"WebSite\",\"@id\":\"https:\/\/annalocos.com\/es\/#website\",\"url\":\"https:\/\/annalocos.com\/es\/\",\"name\":\"Trulli Annalocos\",\"description\":\"Trulli Annalocos\",\"publisher\":{\"@id\":\"https:\/\/annalocos.com\/es\/#organization\"},\"potentialAction\":[{\"@type\":\"SearchAction\",\"target\":{\"@type\":\"EntryPoint\",\"urlTemplate\":\"https:\/\/annalocos.com\/es\/?s={search_term_string}\"},\"query-input\":\"required name=search_term_string\"}],\"inLanguage\":\"es\"},{\"@type\":\"Organization\",\"@id\":\"https:\/\/annalocos.com\/es\/#organization\",\"name\":\"Trulli Annalocos\",\"alternateName\":\"Annalocos\",\"url\":\"https:\/\/annalocos.com\/es\/\",\"logo\":{\"@type\":\"ImageObject\",\"inLanguage\":\"es\",\"@id\":\"https:\/\/annalocos.com\/es\/#\/schema\/logo\/image\/\",\"url\":\"https:\/\/annalocos.com\/wp-content\/uploads\/2024\/01\/LOGO_ANNALOCOS-1-01-1.png\",\"contentUrl\":\"https:\/\/annalocos.com\/wp-content\/uploads\/2024\/01\/LOGO_ANNALOCOS-1-01-1.png\",\"width\":1612,\"height\":1044,\"caption\":\"Trulli Annalocos\"},\"image\":{\"@id\":\"https:\/\/annalocos.com\/es\/#\/schema\/logo\/image\/\"},\"sameAs\":[\"https:\/\/www.facebook.com\/annalocoscasavacanze\/\",\"https:\/\/www.airbnb.it\/rooms\/13952707\",\"https:\/\/www.booking.com\/hotel\/it\/annalocos.it.html\",\"https:\/\/www.tripadvisor.com\/Hotel_Review-g1056127-d10754198-Reviews-Anna_Locos-Locorotondo_Province_of_Bari_Puglia.html\",\"https:\/\/www.agoda.com\/annalocos\/hotel\/locorotondo-it.html\",\"https:\/\/annalocos-holiday-home-locorotondo.hotelmix.it\/\"]}]}<\/script>\n<!-- \/ Yoast SEO plugin. -->","yoast_head_json":{"title":"Annalocos Trulli - Servicios","description":"Explora el encanto de los Trulli de Annalocos: un refugio donde la naturaleza se funde con la historia, ofreciendo paz y autenticidad.","robots":{"index":"index","follow":"follow","max-snippet":"max-snippet:-1","max-image-preview":"max-image-preview:large","max-video-preview":"max-video-preview:-1"},"canonical":"https:\/\/annalocos.com\/es\/servicios\/","og_locale":"es_ES","og_type":"article","og_title":"Annalocos Trulli - Servicios","og_description":"Explora el encanto de los Trulli de Annalocos: un refugio donde la naturaleza se funde con la historia, ofreciendo paz y autenticidad.","og_url":"https:\/\/annalocos.com\/es\/servicios\/","og_site_name":"Trulli Annalocos","article_publisher":"https:\/\/www.facebook.com\/annalocoscasavacanze\/","article_modified_time":"2024-05-31T13:38:50+00:00","og_image":[{"url":"https:\/\/annalocos.com\/wp-content\/uploads\/2024\/03\/Schermata-del-2024-03-12-23-59-36-1024x553.png"}],"twitter_card":"summary_large_image","twitter_misc":{"Tiempo de lectura":"1 minuto"},"schema":{"@context":"https:\/\/schema.org","@graph":[{"@type":"WebPage","@id":"https:\/\/annalocos.com\/es\/servicios\/","url":"https:\/\/annalocos.com\/es\/servicios\/","name":"Annalocos Trulli - Servicios","isPartOf":{"@id":"https:\/\/annalocos.com\/es\/#website"},"primaryImageOfPage":{"@id":"https:\/\/annalocos.com\/es\/servicios\/#primaryimage"},"image":{"@id":"https:\/\/annalocos.com\/es\/servicios\/#primaryimage"},"thumbnailUrl":"https:\/\/annalocos.com\/wp-content\/uploads\/2024\/03\/Schermata-del-2024-03-12-23-59-36.png","datePublished":"2022-08-27T13:51:59+00:00","dateModified":"2024-05-31T13:38:50+00:00","description":"Explora el encanto de los Trulli de Annalocos: un refugio donde la naturaleza se funde con la historia, ofreciendo paz y autenticidad.","breadcrumb":{"@id":"https:\/\/annalocos.com\/es\/servicios\/#breadcrumb"},"inLanguage":"es","potentialAction":[{"@type":"ReadAction","target":["https:\/\/annalocos.com\/es\/servicios\/"]}]},{"@type":"ImageObject","inLanguage":"es","@id":"https:\/\/annalocos.com\/es\/servicios\/#primaryimage","url":"https:\/\/annalocos.com\/wp-content\/uploads\/2024\/03\/Schermata-del-2024-03-12-23-59-36.png","contentUrl":"https:\/\/annalocos.com\/wp-content\/uploads\/2024\/03\/Schermata-del-2024-03-12-23-59-36.png","width":2142,"height":1157},{"@type":"BreadcrumbList","@id":"https:\/\/annalocos.com\/es\/servicios\/#breadcrumb","itemListElement":[{"@type":"ListItem","position":1,"name":"Home","item":"https:\/\/annalocos.com\/es\/inicio\/"},{"@type":"ListItem","position":2,"name":"Servicios"}]},{"@type":"WebSite","@id":"https:\/\/annalocos.com\/es\/#website","url":"https:\/\/annalocos.com\/es\/","name":"Trulli Annalocos","description":"Trulli Annalocos","publisher":{"@id":"https:\/\/annalocos.com\/es\/#organization"},"potentialAction":[{"@type":"SearchAction","target":{"@type":"EntryPoint","urlTemplate":"https:\/\/annalocos.com\/es\/?s={search_term_string}"},"query-input":"required name=search_term_string"}],"inLanguage":"es"},{"@type":"Organization","@id":"https:\/\/annalocos.com\/es\/#organization","name":"Trulli Annalocos","alternateName":"Annalocos","url":"https:\/\/annalocos.com\/es\/","logo":{"@type":"ImageObject","inLanguage":"es","@id":"https:\/\/annalocos.com\/es\/#\/schema\/logo\/image\/","url":"https:\/\/annalocos.com\/wp-content\/uploads\/2024\/01\/LOGO_ANNALOCOS-1-01-1.png","contentUrl":"https:\/\/annalocos.com\/wp-content\/uploads\/2024\/01\/LOGO_ANNALOCOS-1-01-1.png","width":1612,"height":1044,"caption":"Trulli Annalocos"},"image":{"@id":"https:\/\/annalocos.com\/es\/#\/schema\/logo\/image\/"},"sameAs":["https:\/\/www.facebook.com\/annalocoscasavacanze\/","https:\/\/www.airbnb.it\/rooms\/13952707","https:\/\/www.booking.com\/hotel\/it\/annalocos.it.html","https:\/\/www.tripadvisor.com\/Hotel_Review-g1056127-d10754198-Reviews-Anna_Locos-Locorotondo_Province_of_Bari_Puglia.html","https:\/\/www.agoda.com\/annalocos\/hotel\/locorotondo-it.html","https:\/\/annalocos-holiday-home-locorotondo.hotelmix.it\/"]}]}},"_links":{"self":[{"href":"https:\/\/annalocos.com\/es\/wp-json\/wp\/v2\/pages\/4452","targetHints":{"allow":["GET"]}}],"collection":[{"href":"https:\/\/annalocos.com\/es\/wp-json\/wp\/v2\/pages"}],"about":[{"href":"https:\/\/annalocos.com\/es\/wp-json\/wp\/v2\/types\/page"}],"author":[{"embeddable":true,"href":"https:\/\/annalocos.com\/es\/wp-json\/wp\/v2\/users\/1"}],"replies":[{"embeddable":true,"href":"https:\/\/annalocos.com\/es\/wp-json\/wp\/v2\/comments?post=4452"}],"version-history":[{"count":1,"href":"https:\/\/annalocos.com\/es\/wp-json\/wp\/v2\/pages\/4452\/revisions"}],"predecessor-version":[{"id":4454,"href":"https:\/\/annalocos.com\/es\/wp-json\/wp\/v2\/pages\/4452\/revisions\/4454"}],"wp:featuredmedia":[{"embeddable":true,"href":"https:\/\/annalocos.com\/es\/wp-json\/wp\/v2\/media\/4273"}],"wp:attachment":[{"href":"https:\/\/annalocos.com\/es\/wp-json\/wp\/v2\/media?parent=4452"}],"curies":[{"name":"wp","href":"https:\/\/api.w.org\/{rel}","templated":true}]}}