{"id":4440,"date":"2023-05-02T08:17:06","date_gmt":"2023-05-02T08:17:06","guid":{"rendered":"https:\/\/annalocos.com\/politica-de-privacidad\/"},"modified":"2024-05-31T13:38:46","modified_gmt":"2024-05-31T13:38:46","slug":"politica-de-privacidad","status":"publish","type":"page","link":"https:\/\/annalocos.com\/es\/politica-de-privacidad\/","title":{"rendered":"Pol\u00edtica de privacidad"},"content":{"rendered":"\t\t<div data-elementor-type=\"wp-page\" data-elementor-id=\"4440\" class=\"elementor elementor-4440 elementor-2854\">\n\t\t\t\t\t\t\t<div class=\"elementor-element elementor-element-64f321fb e-con-boxed e-con\" data-id=\"64f321fb\" data-element_type=\"container\" data-settings=\"{&quot;background_background&quot;:&quot;classic&quot;,&quot;content_width&quot;:&quot;boxed&quot;}\">\n\t\t\t\t\t<div class=\"e-con-inner\">\n\t\t<div class=\"elementor-element elementor-element-6d2091aa e-con-full e-con\" data-id=\"6d2091aa\" data-element_type=\"container\" data-settings=\"{&quot;content_width&quot;:&quot;full&quot;}\">\n\t\t\t\t<div class=\"elementor-element elementor-element-3bef78ea elementor-widget elementor-widget-spacer\" data-id=\"3bef78ea\" data-element_type=\"widget\" data-widget_type=\"spacer.default\">\n\t\t\t\t<div class=\"elementor-widget-container\">\n\t\t\t<style>\/*! elementor - v3.11.1 - 15-02-2023 *\/\n.elementor-column .elementor-spacer-inner{height:var(--spacer-size)}.e-con{--container-widget-width:100%}.e-con-inner>.elementor-widget-spacer,.e-con>.elementor-widget-spacer{width:var(--container-widget-width,var(--spacer-size));--align-self:var(--container-widget-align-self,initial);--flex-shrink:0}.e-con-inner>.elementor-widget-spacer>.elementor-widget-container,.e-con-inner>.elementor-widget-spacer>.elementor-widget-container>.elementor-spacer,.e-con>.elementor-widget-spacer>.elementor-widget-container,.e-con>.elementor-widget-spacer>.elementor-widget-container>.elementor-spacer{height:100%}.e-con-inner>.elementor-widget-spacer>.elementor-widget-container>.elementor-spacer>.elementor-spacer-inner,.e-con>.elementor-widget-spacer>.elementor-widget-container>.elementor-spacer>.elementor-spacer-inner{height:var(--container-widget-height,var(--spacer-size))}<\/style>\t\t<div class=\"elementor-spacer\">\n\t\t\t<div class=\"elementor-spacer-inner\"><\/div>\n\t\t<\/div>\n\t\t\t\t<\/div>\n\t\t\t\t<\/div>\n\t\t<div class=\"elementor-element elementor-element-792eb480 e-con-full e-con\" data-id=\"792eb480\" data-element_type=\"container\" data-settings=\"{&quot;content_width&quot;:&quot;full&quot;}\">\n\t\t<div class=\"elementor-element elementor-element-50264b1a e-con-full e-con\" data-id=\"50264b1a\" data-element_type=\"container\" data-settings=\"{&quot;content_width&quot;:&quot;full&quot;}\">\n\t\t\t\t<div class=\"elementor-element elementor-element-63fb7ed6 elementor-widget elementor-widget-heading\" data-id=\"63fb7ed6\" data-element_type=\"widget\" data-widget_type=\"heading.default\">\n\t\t\t\t<div class=\"elementor-widget-container\">\n\t\t\t<style>\/*! elementor - v3.11.1 - 15-02-2023 *\/\n.elementor-heading-title{padding:0;margin:0;line-height:1}.elementor-widget-heading .elementor-heading-title[class*=elementor-size-]>a{color:inherit;font-size:inherit;line-height:inherit}.elementor-widget-heading .elementor-heading-title.elementor-size-small{font-size:15px}.elementor-widget-heading .elementor-heading-title.elementor-size-medium{font-size:19px}.elementor-widget-heading .elementor-heading-title.elementor-size-large{font-size:29px}.elementor-widget-heading .elementor-heading-title.elementor-size-xl{font-size:39px}.elementor-widget-heading .elementor-heading-title.elementor-size-xxl{font-size:59px}<\/style><h2 class=\"elementor-heading-title elementor-size-default\">pol\u00edtica de privacidad<\/h2>\t\t<\/div>\n\t\t\t\t<\/div>\n\t\t\t\t<div class=\"elementor-element elementor-element-a473172 elementor-widget elementor-widget-spacer\" data-id=\"a473172\" data-element_type=\"widget\" data-widget_type=\"spacer.default\">\n\t\t\t\t<div class=\"elementor-widget-container\">\n\t\t\t\t\t<div class=\"elementor-spacer\">\n\t\t\t<div class=\"elementor-spacer-inner\"><\/div>\n\t\t<\/div>\n\t\t\t\t<\/div>\n\t\t\t\t<\/div>\n\t\t\t\t<div class=\"elementor-element elementor-element-85f9e97 elementor-widget elementor-widget-html\" data-id=\"85f9e97\" data-element_type=\"widget\" data-widget_type=\"html.default\">\n\t\t\t\t<div class=\"elementor-widget-container\">\n\t\t\t<p>\n    <span>\u00daltima actualizaci\u00f3n 27-abr-2023<\/span>\n<br><span>Fecha de entrada en vigor 27-abr-2023<\/span>\n<\/p>\n\n<p class=\"privacy-policy-p\">\n  Esta Pol\u00edtica de Privacidad describe las pol\u00edticas de\n\n  TLAB Srls,\n  Via Diego Martinelli, 22,\n  Italia, Rutigliano, BA\n  70018,\n  Italia,\n  Correo electr\u00f3nico: info@lacinera.it,\n  tel\u00e9fono: +39 3889717017\n\n  en la colecci\u00f3n,\n  uso y divulgaci\u00f3n de tu informaci\u00f3n que recopilamos\n  cuando utilices nuestro sitio web ( https:\/\/annalocos.com ).\n  (el \"Servicio\"). Al acceder o utilizar\n  el\n  Servicio, est\u00e1s dando tu consentimiento a la recogida, uso y\n  divulgaci\u00f3n de tu informaci\u00f3n de conformidad con este\n  Pol\u00edtica de privacidad. Si no das tu consentimiento a la misma,\n  no accedas ni utilices el Servicio.\n<\/p>\n\n<p class=\"privacy-policy-p\">\n  Podemos modificar esta Pol\u00edtica de Privacidad en cualquier momento sin\n  sin previo aviso y publicar\u00e1 la versi\u00f3n revisada\n  Pol\u00edtica de privacidad del Servicio. La Pol\u00edtica revisada\n  entrar\u00e1n en vigor 180 d\u00edas despu\u00e9s de que\n  La Pol\u00edtica revisada se publica en el Servicio y tu\n  el acceso o uso continuado del Servicio despu\u00e9s de dicho plazo\n  constituir\u00e1 tu aceptaci\u00f3n de la Pol\u00edtica de Privacidad revisada\n  Pol\u00edtica. Por ello, te recomendamos que peri\u00f3dicamente\n  revisa esta p\u00e1gina.\n<\/p>\n\n<br><br>\n        \n        <h2 class=\"privacy-policy-h2\">\n  Informaci\u00f3n que recogemos:\n        <\/h2>\n\n        \n        <p class=\"privacy-policy-p\">\n  Recogeremos y procesaremos lo siguiente\n  informaci\u00f3n personal sobre ti:\n        <\/p>\n        <ol class=\"privacy-policy-ol\">\n\n                        <li>Nombre<\/li>\n            \n                        <li>Env\u00eda un correo electr\u00f3nico a<\/li>\n            \n                        <li>M\u00f3vil<\/li>\n            \n                        <li>Perfil en las redes sociales<\/li>\n            \n                        <li>Fecha de nacimiento<\/li>\n            \n                        <li>Direcci\u00f3n<\/li>\n            \n                        <li>Direcci\u00f3n de trabajo<\/li>\n            \n                        \n                                    <li>G\u00e9nero<\/li>\n                                                <li>Preferencias<\/li>\n                                                <li>Estado civil<\/li>\n                                                <li>Solicita<\/li>\n                        \n        <\/ol>\n\n\n    \n    \n<br><br>\n        \n        <h2 class=\"privacy-policy-h2\">\n  C\u00f3mo utilizamos tu informaci\u00f3n:\n        <\/h2>\n        <p class=\"privacy-policy-p\">\n  Utilizaremos la informaci\u00f3n que recopilemos\n  sobre ti para los siguientes fines:\n        <\/p>\n        <ol class=\"privacy-policy-ol\">\n\n                        <li>Marketing\/Promoci\u00f3n<\/li>\n            \n            \n            \n                        <li>Recogida de opiniones de los clientes<\/li>\n            \n            \n            \n                        <li>Ayuda<\/li>\n            \n                        <li>Informaci\u00f3n administrativa<\/li>\n            \n                        <li>Publicidad dirigida<\/li>\n            \n                        <li>Gestionar pedidos de clientes<\/li>\n            \n            \n                        <li>Comentarios de usuario a usuario<\/li>\n            \n                        <li>Resoluci\u00f3n de conflictos<\/li>\n            \n            <br><br>\n        <\/ol>\n        <p class=\"privacy-policy-p\">\n  Si queremos utilizar tu informaci\u00f3n para cualquier otro\n  finalidad, te pediremos tu consentimiento y te\n  utilizar tu informaci\u00f3n s\u00f3lo al recibir tu\n  consentimiento y, en ese caso, s\u00f3lo para los fines para los que\n  que conceden el consentimiento a menos que se nos exija\n  por ley.\n        <\/p>\n    \n    <br><br>\n\n        <h2 class=\"privacy-policy-h2\">\n  Conservaci\u00f3n de tu informaci\u00f3n:\n        <\/h2>\n        <p class=\"privacy-policy-p\">\n  Conservaremos tus datos personales con nosotros\n  para\n  12 meses\n  o para como\n  mientras la necesitemos para cumplir los fines de\n  que se recogi\u00f3, como se detalla en este\n  Pol\u00edtica de privacidad. Puede que necesitemos retener ciertos\n  informaci\u00f3n durante periodos m\u00e1s largos, como\n  mantenimiento de registros \/ informes de acuerdo con\n  la legislaci\u00f3n aplicable u otros motivos leg\u00edtimos\n  como el cumplimiento de los derechos legales, el fraude\n  prevenci\u00f3n, etc. Informaci\u00f3n an\u00f3nima residual\n  e informaci\u00f3n agregada, ninguna de las cuales\n  te identifique (directa o indirectamente), puede ser\n  almacenados indefinidamente.\n        <\/p>\n   \n    <br><br>\n \n        <h2 class=\"privacy-policy-h2\">\n  Tus derechos:\n        <\/h2>\n        <p class=\"privacy-policy-p\">\n  En funci\u00f3n de la legislaci\u00f3n aplicable, puedes tener\n  derecho de acceso y rectificaci\u00f3n o supresi\u00f3n de tus datos\n  datos personales o recibir una copia de tus\n  datos, restringir u objeto al activo\n  tratamiento de tus datos, p\u00eddenos que compartamos (puerto)\n  tus datos personales a otra entidad,\n  retirar cualquier consentimiento que nos hayas dado para\n  tratamiento de tus datos, derecho a presentar una reclamaci\u00f3n\n  con una autoridad estatutaria y los dem\u00e1s derechos\n  seg\u00fan proceda conforme a la legislaci\u00f3n aplicable. A\n  ejercer estos derechos, puedes escribirnos a\n  info@lacinera.it.\n  Responderemos a tu\n  solicitud de conformidad con la legislaci\u00f3n aplicable.\n        <\/p>\n\n        \n        <p class=\"privacy-policy-p\">\n  Ten en cuenta que si no nos permites recoger\n  o procesar la informaci\u00f3n personal requerida o\n  retirar el consentimiento para el tratamiento de los mismos para el\n  fines requeridos, es posible que no puedas acceder a\n  o utilizar los servicios para los que tu informaci\u00f3n\n  se busc\u00f3.\n        <\/p>\n<br><br>\n        <h2 class=\"privacy-policy-h2\">\n  Cookies Etc.\n        <\/h2>\n        <p class=\"privacy-policy-p\">\n\n            \n  Para saber m\u00e1s sobre c\u00f3mo utilizamos estos\n  y tus elecciones en relaci\u00f3n con este seguimiento\n  tecnolog\u00edas, consulta nuestra\n            <a href=\"https:\/\/annalocos.com\/es\/\">Pol\u00edtica de cookies.<\/a>\n        <\/p>\n  <br><br>\n        <h2 class=\"privacy-policy-h2\">\n  Seguridad:\n        <\/h2>\n        <p class=\"privacy-policy-p\">\n  La seguridad de tu informaci\u00f3n es importante para\n  y utilizaremos medidas de seguridad razonables\n  para evitar la p\u00e9rdida, el uso indebido o no autorizado\n  alteraci\u00f3n de tu informaci\u00f3n en virtud de nuestra\n  control. Sin embargo, dados los riesgos inherentes, nosotros\n  no puede garantizar una seguridad absoluta y\n  en consecuencia, no podemos asegurar ni garantizar la\n  la seguridad de cualquier informaci\u00f3n que nos transmitas\n  y lo haces por tu cuenta y riesgo.\n        <\/p>\n<br><br>\n        <h2 class=\"privacy-policy-h2\">\n  Enlaces de terceros y uso de tu informaci\u00f3n:\n        <\/h2>\n        <p class=\"privacy-policy-p\">\n  Nuestro Servicio puede contener enlaces a otros sitios web\n  que no son operados por nosotros. Esta Pol\u00edtica de Privacidad\n  no aborda la pol\u00edtica de privacidad y otras\n  pr\u00e1cticas de terceros, incluida cualquier\n  un tercero que opere cualquier sitio web o servicio\n  que puede ser accesible a trav\u00e9s de un enlace en el\n  Servicio. Te aconsejamos encarecidamente que revises el\n  pol\u00edtica de privacidad de cada sitio que visites. Tenemos\n  no controlamos ni asumimos responsabilidad alguna por\n  el contenido, las pol\u00edticas de privacidad o las pr\u00e1cticas de\n  sitios o servicios de terceros.\n        <\/p>\n        \n        <br><br>\n        <h2 class=\"privacy-policy-h2\">\n  Responsable de Reclamaciones \/ Protecci\u00f3n de Datos:\n        <\/h2>\n        <p class=\"privacy-policy-p\">\n  Si tienes alguna pregunta o duda sobre el\n  tratamiento de tu informaci\u00f3n disponible\n  con nosotros, puedes enviar un correo electr\u00f3nico a nuestro Responsable de Quejas a\n  TLAB Srls,\n  Via Diego Martinelli, 22,\n  Correo electr\u00f3nico: info@lacinera.it.\n  Trataremos tus dudas de acuerdo con la legislaci\u00f3n aplicable.\n        <\/p>\n    \n\n<p class=\"privacy-policy-p\">\n  Pol\u00edtica de privacidad generada con <a target=\"_blank\" href=\"https:\/\/www.cookieyes.com\/?utm_source=PP&amp;utm_medium=footer&amp;utm_campaign=UW\">CookieYes<\/a>.\n<\/p>\n\t\t<\/div>\n\t\t\t\t<\/div>\n\t\t<div class=\"elementor-element elementor-element-e74dcba e-con-boxed e-con\" data-id=\"e74dcba\" data-element_type=\"container\" data-settings=\"{&quot;content_width&quot;:&quot;boxed&quot;}\">\n\t\t\t\t\t<div class=\"e-con-inner\">\n\t\t\t\t<div class=\"elementor-element elementor-element-5501ddc elementor-widget elementor-widget-html\" data-id=\"5501ddc\" data-element_type=\"widget\" data-widget_type=\"html.default\">\n\t\t\t\t<div class=\"elementor-widget-container\">\n\t\t\t<style>label {\n    font-size: 14px !important;\n    color: #222222A6 !important;\n}\n<\/style>\t\t<\/div>\n\t\t\t\t<\/div>\n\t\t\t\t<div class=\"elementor-element elementor-element-218911c elementor-widget elementor-widget-html\" data-id=\"218911c\" data-element_type=\"widget\" data-widget_type=\"html.default\">\n\t\t\t\t<div class=\"elementor-widget-container\">\n\t\t\t<style>span.uc_line {\n    background-color: black !important;\n}\n\n.elementor-1446 .elementor-element.elementor-element-8c96224 .elementor-heading-title {\n    color: black !important;\n}\n\n.elementor-1446 .elementor-element.elementor-element-8949b10 .elementor-heading-title {\n    color: black !important;\n}\n\n.elementor-1446 .elementor-element.elementor-element-da2eb87 .elementor-heading-title {\n    color: black !important;\n}\n\n.elementor-1446 .elementor-element.elementor-element-440fc76 .elementor-heading-title {\n    color: black !important;\n}\n\n.elementor-1446 .elementor-element.elementor-element-8d082c0 .elementor-heading-title {\n    color: black !important;\n}\n\n#play {\n    display:none;\n}\n#pause {\n    display: none;\n}\n\n<\/style>\t\t<\/div>\n\t\t\t\t<\/div>\n\t\t\t\t\t<\/div>\n\t\t\t\t<\/div>\n\t\t\t\t<\/div>\n\t\t\t\t<\/div>\n\t\t\t\t<\/div>\n\t\t\t\t\t<\/div>\n\t\t\t\t<\/div>\n\t\t\t\t\t\t\t<\/div>\n\t\t","protected":false},"excerpt":{"rendered":"<p>pol\u00edtica de privacidad \u00daltima actualizaci\u00f3n 27-abr-2023 Fecha de entrada en vigor 27-abr-2023 Esta Pol\u00edtica de Privacidad describe las pol\u00edticas de TLAB Srls, Via Diego Martinelli, 22, Italia, Rutigliano, BA 70018, Italia, Correo electr\u00f3nico: info@lacinera.it, tel\u00e9fono: +39 3889717017 en la colecci\u00f3n, uso y divulgaci\u00f3n de tu informaci\u00f3n que recopilamos cuando utilices nuestro sitio web ( https:\/\/annalocos.com [&hellip;]<\/p>\n","protected":false},"author":1,"featured_media":0,"parent":0,"menu_order":0,"comment_status":"closed","ping_status":"closed","template":"","meta":{"footnotes":""},"class_list":["post-4440","page","type-page","status-publish","hentry"],"yoast_head":"<!-- This site is optimized with the Yoast SEO plugin v22.2 - https:\/\/yoast.com\/wordpress\/plugins\/seo\/ -->\n<title>Pol\u00edtica de privacidad - Trulli Annalocos<\/title>\n<meta name=\"robots\" content=\"index, follow, max-snippet:-1, max-image-preview:large, max-video-preview:-1\" \/>\n<link rel=\"canonical\" href=\"https:\/\/annalocos.com\/es\/politica-de-privacidad\/\" \/>\n<meta property=\"og:locale\" content=\"es_ES\" \/>\n<meta property=\"og:type\" content=\"article\" \/>\n<meta property=\"og:title\" content=\"Pol\u00edtica de privacidad - Trulli Annalocos\" \/>\n<meta property=\"og:description\" content=\"pol\u00edtica de privacidad \u00daltima actualizaci\u00f3n 27-abr-2023 Fecha de entrada en vigor 27-abr-2023 Esta Pol\u00edtica de Privacidad describe las pol\u00edticas de TLAB Srls, Via Diego Martinelli, 22, Italia, Rutigliano, BA 70018, Italia, Correo electr\u00f3nico: info@lacinera.it, tel\u00e9fono: +39 3889717017 en la colecci\u00f3n, uso y divulgaci\u00f3n de tu informaci\u00f3n que recopilamos cuando utilices nuestro sitio web ( https:\/\/annalocos.com [&hellip;]\" \/>\n<meta property=\"og:url\" content=\"https:\/\/annalocos.com\/es\/politica-de-privacidad\/\" \/>\n<meta property=\"og:site_name\" content=\"Trulli Annalocos\" \/>\n<meta property=\"article:publisher\" content=\"https:\/\/www.facebook.com\/annalocoscasavacanze\/\" \/>\n<meta property=\"article:modified_time\" content=\"2024-05-31T13:38:46+00:00\" \/>\n<meta property=\"og:image\" content=\"https:\/\/annalocos.com\/wp-content\/uploads\/2024\/03\/Schermata-del-2024-03-12-23-59-36-1024x553.png\" \/>\n\t<meta property=\"og:image:width\" content=\"1024\" \/>\n\t<meta property=\"og:image:height\" content=\"553\" \/>\n\t<meta property=\"og:image:type\" content=\"image\/png\" \/>\n<meta name=\"twitter:card\" content=\"summary_large_image\" \/>\n<meta name=\"twitter:label1\" content=\"Tiempo de lectura\" \/>\n\t<meta name=\"twitter:data1\" content=\"4 minutos\" \/>\n<script type=\"application\/ld+json\" class=\"yoast-schema-graph\">{\"@context\":\"https:\/\/schema.org\",\"@graph\":[{\"@type\":\"WebPage\",\"@id\":\"https:\/\/annalocos.com\/es\/politica-de-privacidad\/\",\"url\":\"https:\/\/annalocos.com\/es\/politica-de-privacidad\/\",\"name\":\"Pol\u00edtica de privacidad - Trulli Annalocos\",\"isPartOf\":{\"@id\":\"https:\/\/annalocos.com\/es\/#website\"},\"datePublished\":\"2023-05-02T08:17:06+00:00\",\"dateModified\":\"2024-05-31T13:38:46+00:00\",\"breadcrumb\":{\"@id\":\"https:\/\/annalocos.com\/es\/politica-de-privacidad\/#breadcrumb\"},\"inLanguage\":\"es\",\"potentialAction\":[{\"@type\":\"ReadAction\",\"target\":[\"https:\/\/annalocos.com\/es\/politica-de-privacidad\/\"]}]},{\"@type\":\"BreadcrumbList\",\"@id\":\"https:\/\/annalocos.com\/es\/politica-de-privacidad\/#breadcrumb\",\"itemListElement\":[{\"@type\":\"ListItem\",\"position\":1,\"name\":\"Home\",\"item\":\"https:\/\/annalocos.com\/es\/inicio\/\"},{\"@type\":\"ListItem\",\"position\":2,\"name\":\"Pol\u00edtica de privacidad\"}]},{\"@type\":\"WebSite\",\"@id\":\"https:\/\/annalocos.com\/es\/#website\",\"url\":\"https:\/\/annalocos.com\/es\/\",\"name\":\"Trulli Annalocos\",\"description\":\"Trulli Annalocos\",\"publisher\":{\"@id\":\"https:\/\/annalocos.com\/es\/#organization\"},\"potentialAction\":[{\"@type\":\"SearchAction\",\"target\":{\"@type\":\"EntryPoint\",\"urlTemplate\":\"https:\/\/annalocos.com\/es\/?s={search_term_string}\"},\"query-input\":\"required name=search_term_string\"}],\"inLanguage\":\"es\"},{\"@type\":\"Organization\",\"@id\":\"https:\/\/annalocos.com\/es\/#organization\",\"name\":\"Trulli Annalocos\",\"alternateName\":\"Annalocos\",\"url\":\"https:\/\/annalocos.com\/es\/\",\"logo\":{\"@type\":\"ImageObject\",\"inLanguage\":\"es\",\"@id\":\"https:\/\/annalocos.com\/es\/#\/schema\/logo\/image\/\",\"url\":\"https:\/\/annalocos.com\/wp-content\/uploads\/2024\/01\/LOGO_ANNALOCOS-1-01-1.png\",\"contentUrl\":\"https:\/\/annalocos.com\/wp-content\/uploads\/2024\/01\/LOGO_ANNALOCOS-1-01-1.png\",\"width\":1612,\"height\":1044,\"caption\":\"Trulli Annalocos\"},\"image\":{\"@id\":\"https:\/\/annalocos.com\/es\/#\/schema\/logo\/image\/\"},\"sameAs\":[\"https:\/\/www.facebook.com\/annalocoscasavacanze\/\",\"https:\/\/www.airbnb.it\/rooms\/13952707\",\"https:\/\/www.booking.com\/hotel\/it\/annalocos.it.html\",\"https:\/\/www.tripadvisor.com\/Hotel_Review-g1056127-d10754198-Reviews-Anna_Locos-Locorotondo_Province_of_Bari_Puglia.html\",\"https:\/\/www.agoda.com\/annalocos\/hotel\/locorotondo-it.html\",\"https:\/\/annalocos-holiday-home-locorotondo.hotelmix.it\/\"]}]}<\/script>\n<!-- \/ Yoast SEO plugin. -->","yoast_head_json":{"title":"Pol\u00edtica de privacidad - Trulli Annalocos","robots":{"index":"index","follow":"follow","max-snippet":"max-snippet:-1","max-image-preview":"max-image-preview:large","max-video-preview":"max-video-preview:-1"},"canonical":"https:\/\/annalocos.com\/es\/politica-de-privacidad\/","og_locale":"es_ES","og_type":"article","og_title":"Pol\u00edtica de privacidad - Trulli Annalocos","og_description":"pol\u00edtica de privacidad \u00daltima actualizaci\u00f3n 27-abr-2023 Fecha de entrada en vigor 27-abr-2023 Esta Pol\u00edtica de Privacidad describe las pol\u00edticas de TLAB Srls, Via Diego Martinelli, 22, Italia, Rutigliano, BA 70018, Italia, Correo electr\u00f3nico: info@lacinera.it, tel\u00e9fono: +39 3889717017 en la colecci\u00f3n, uso y divulgaci\u00f3n de tu informaci\u00f3n que recopilamos cuando utilices nuestro sitio web ( https:\/\/annalocos.com [&hellip;]","og_url":"https:\/\/annalocos.com\/es\/politica-de-privacidad\/","og_site_name":"Trulli Annalocos","article_publisher":"https:\/\/www.facebook.com\/annalocoscasavacanze\/","article_modified_time":"2024-05-31T13:38:46+00:00","og_image":[{"width":1024,"height":553,"url":"https:\/\/annalocos.com\/wp-content\/uploads\/2024\/03\/Schermata-del-2024-03-12-23-59-36-1024x553.png","type":"image\/png"}],"twitter_card":"summary_large_image","twitter_misc":{"Tiempo de lectura":"4 minutos"},"schema":{"@context":"https:\/\/schema.org","@graph":[{"@type":"WebPage","@id":"https:\/\/annalocos.com\/es\/politica-de-privacidad\/","url":"https:\/\/annalocos.com\/es\/politica-de-privacidad\/","name":"Pol\u00edtica de privacidad - Trulli Annalocos","isPartOf":{"@id":"https:\/\/annalocos.com\/es\/#website"},"datePublished":"2023-05-02T08:17:06+00:00","dateModified":"2024-05-31T13:38:46+00:00","breadcrumb":{"@id":"https:\/\/annalocos.com\/es\/politica-de-privacidad\/#breadcrumb"},"inLanguage":"es","potentialAction":[{"@type":"ReadAction","target":["https:\/\/annalocos.com\/es\/politica-de-privacidad\/"]}]},{"@type":"BreadcrumbList","@id":"https:\/\/annalocos.com\/es\/politica-de-privacidad\/#breadcrumb","itemListElement":[{"@type":"ListItem","position":1,"name":"Home","item":"https:\/\/annalocos.com\/es\/inicio\/"},{"@type":"ListItem","position":2,"name":"Pol\u00edtica de privacidad"}]},{"@type":"WebSite","@id":"https:\/\/annalocos.com\/es\/#website","url":"https:\/\/annalocos.com\/es\/","name":"Trulli Annalocos","description":"Trulli Annalocos","publisher":{"@id":"https:\/\/annalocos.com\/es\/#organization"},"potentialAction":[{"@type":"SearchAction","target":{"@type":"EntryPoint","urlTemplate":"https:\/\/annalocos.com\/es\/?s={search_term_string}"},"query-input":"required name=search_term_string"}],"inLanguage":"es"},{"@type":"Organization","@id":"https:\/\/annalocos.com\/es\/#organization","name":"Trulli Annalocos","alternateName":"Annalocos","url":"https:\/\/annalocos.com\/es\/","logo":{"@type":"ImageObject","inLanguage":"es","@id":"https:\/\/annalocos.com\/es\/#\/schema\/logo\/image\/","url":"https:\/\/annalocos.com\/wp-content\/uploads\/2024\/01\/LOGO_ANNALOCOS-1-01-1.png","contentUrl":"https:\/\/annalocos.com\/wp-content\/uploads\/2024\/01\/LOGO_ANNALOCOS-1-01-1.png","width":1612,"height":1044,"caption":"Trulli Annalocos"},"image":{"@id":"https:\/\/annalocos.com\/es\/#\/schema\/logo\/image\/"},"sameAs":["https:\/\/www.facebook.com\/annalocoscasavacanze\/","https:\/\/www.airbnb.it\/rooms\/13952707","https:\/\/www.booking.com\/hotel\/it\/annalocos.it.html","https:\/\/www.tripadvisor.com\/Hotel_Review-g1056127-d10754198-Reviews-Anna_Locos-Locorotondo_Province_of_Bari_Puglia.html","https:\/\/www.agoda.com\/annalocos\/hotel\/locorotondo-it.html","https:\/\/annalocos-holiday-home-locorotondo.hotelmix.it\/"]}]}},"_links":{"self":[{"href":"https:\/\/annalocos.com\/es\/wp-json\/wp\/v2\/pages\/4440","targetHints":{"allow":["GET"]}}],"collection":[{"href":"https:\/\/annalocos.com\/es\/wp-json\/wp\/v2\/pages"}],"about":[{"href":"https:\/\/annalocos.com\/es\/wp-json\/wp\/v2\/types\/page"}],"author":[{"embeddable":true,"href":"https:\/\/annalocos.com\/es\/wp-json\/wp\/v2\/users\/1"}],"replies":[{"embeddable":true,"href":"https:\/\/annalocos.com\/es\/wp-json\/wp\/v2\/comments?post=4440"}],"version-history":[{"count":1,"href":"https:\/\/annalocos.com\/es\/wp-json\/wp\/v2\/pages\/4440\/revisions"}],"predecessor-version":[{"id":4441,"href":"https:\/\/annalocos.com\/es\/wp-json\/wp\/v2\/pages\/4440\/revisions\/4441"}],"wp:attachment":[{"href":"https:\/\/annalocos.com\/es\/wp-json\/wp\/v2\/media?parent=4440"}],"curies":[{"name":"wp","href":"https:\/\/api.w.org\/{rel}","templated":true}]}}