{"id":4444,"date":"2023-05-02T08:17:06","date_gmt":"2023-05-02T08:17:06","guid":{"rendered":"https:\/\/annalocos.com\/datenschutzbestimmungen\/"},"modified":"2024-05-31T13:38:50","modified_gmt":"2024-05-31T13:38:50","slug":"datenschutzbestimmungen","status":"publish","type":"page","link":"https:\/\/annalocos.com\/de\/datenschutzbestimmungen\/","title":{"rendered":"Datenschutzbestimmungen"},"content":{"rendered":"\t\t<div data-elementor-type=\"wp-page\" data-elementor-id=\"4444\" class=\"elementor elementor-4444 elementor-2854\">\n\t\t\t\t\t\t\t<div class=\"elementor-element elementor-element-64f321fb e-con-boxed e-con\" data-id=\"64f321fb\" data-element_type=\"container\" data-settings=\"{&quot;background_background&quot;:&quot;classic&quot;,&quot;content_width&quot;:&quot;boxed&quot;}\">\n\t\t\t\t\t<div class=\"e-con-inner\">\n\t\t<div class=\"elementor-element elementor-element-6d2091aa e-con-full e-con\" data-id=\"6d2091aa\" data-element_type=\"container\" data-settings=\"{&quot;content_width&quot;:&quot;full&quot;}\">\n\t\t\t\t<div class=\"elementor-element elementor-element-3bef78ea elementor-widget elementor-widget-spacer\" data-id=\"3bef78ea\" data-element_type=\"widget\" data-widget_type=\"spacer.default\">\n\t\t\t\t<div class=\"elementor-widget-container\">\n\t\t\t<style>\/*! elementor - v3.11.1 - 15-02-2023 *\/\n.elementor-column .elementor-spacer-inner{height:var(--spacer-size)}.e-con{--container-widget-width:100%}.e-con-inner>.elementor-widget-spacer,.e-con>.elementor-widget-spacer{width:var(--container-widget-width,var(--spacer-size));--align-self:var(--container-widget-align-self,initial);--flex-shrink:0}.e-con-inner>.elementor-widget-spacer>.elementor-widget-container,.e-con-inner>.elementor-widget-spacer>.elementor-widget-container>.elementor-spacer,.e-con>.elementor-widget-spacer>.elementor-widget-container,.e-con>.elementor-widget-spacer>.elementor-widget-container>.elementor-spacer{height:100%}.e-con-inner>.elementor-widget-spacer>.elementor-widget-container>.elementor-spacer>.elementor-spacer-inner,.e-con>.elementor-widget-spacer>.elementor-widget-container>.elementor-spacer>.elementor-spacer-inner{height:var(--container-widget-height,var(--spacer-size))}<\/style>\t\t<div class=\"elementor-spacer\">\n\t\t\t<div class=\"elementor-spacer-inner\"><\/div>\n\t\t<\/div>\n\t\t\t\t<\/div>\n\t\t\t\t<\/div>\n\t\t<div class=\"elementor-element elementor-element-792eb480 e-con-full e-con\" data-id=\"792eb480\" data-element_type=\"container\" data-settings=\"{&quot;content_width&quot;:&quot;full&quot;}\">\n\t\t<div class=\"elementor-element elementor-element-50264b1a e-con-full e-con\" data-id=\"50264b1a\" data-element_type=\"container\" data-settings=\"{&quot;content_width&quot;:&quot;full&quot;}\">\n\t\t\t\t<div class=\"elementor-element elementor-element-63fb7ed6 elementor-widget elementor-widget-heading\" data-id=\"63fb7ed6\" data-element_type=\"widget\" data-widget_type=\"heading.default\">\n\t\t\t\t<div class=\"elementor-widget-container\">\n\t\t\t<style>\/*! elementor - v3.11.1 - 15-02-2023 *\/\n.elementor-heading-title{padding:0;margin:0;line-height:1}.elementor-widget-heading .elementor-heading-title[class*=elementor-size-]>a{color:inherit;font-size:inherit;line-height:inherit}.elementor-widget-heading .elementor-heading-title.elementor-size-small{font-size:15px}.elementor-widget-heading .elementor-heading-title.elementor-size-medium{font-size:19px}.elementor-widget-heading .elementor-heading-title.elementor-size-large{font-size:29px}.elementor-widget-heading .elementor-heading-title.elementor-size-xl{font-size:39px}.elementor-widget-heading .elementor-heading-title.elementor-size-xxl{font-size:59px}<\/style><h2 class=\"elementor-heading-title elementor-size-default\">Datenschutzbestimmungen<\/h2>\t\t<\/div>\n\t\t\t\t<\/div>\n\t\t\t\t<div class=\"elementor-element elementor-element-a473172 elementor-widget elementor-widget-spacer\" data-id=\"a473172\" data-element_type=\"widget\" data-widget_type=\"spacer.default\">\n\t\t\t\t<div class=\"elementor-widget-container\">\n\t\t\t\t\t<div class=\"elementor-spacer\">\n\t\t\t<div class=\"elementor-spacer-inner\"><\/div>\n\t\t<\/div>\n\t\t\t\t<\/div>\n\t\t\t\t<\/div>\n\t\t\t\t<div class=\"elementor-element elementor-element-85f9e97 elementor-widget elementor-widget-html\" data-id=\"85f9e97\" data-element_type=\"widget\" data-widget_type=\"html.default\">\n\t\t\t\t<div class=\"elementor-widget-container\">\n\t\t\t<p>\n    <span>Zuletzt aktualisiert am 27-Apr-2023<\/span>\n<br><span>Datum des Inkrafttretens 27-Apr-2023<\/span>\n<\/p>\n\n<p class=\"privacy-policy-p\">\n  Diese Datenschutzrichtlinie beschreibt die Richtlinien von\n\n  TLAB Srls,\n  Via Diego Martinelli, 22,\n  Italien, Rutigliano, BA\n  70018,\n  Italien,\n  E-Mail: info@lacinera.it,\n  Telefon: +39 3889717017\n\n  \u00fcber die Kollektion,\n  Verwendung und Offenlegung Ihrer von uns erfassten Informationen\n  wenn Sie unsere Website ( https:\/\/annalocos.com ) nutzen.\n  (der 'Service'). Durch den Zugriff auf oder die Verwendung von\n  die\n  Service erkl\u00e4ren Sie sich mit der Erfassung, Nutzung und\n  Offenlegung Ihrer Informationen in \u00dcbereinstimmung mit dieser\n  Datenschutzbestimmungen. Wenn Sie dem nicht zustimmen,\n  bitte nicht auf den Service zugreifen oder ihn nutzen.\n<\/p>\n\n<p class=\"privacy-policy-p\">\n  Wir k\u00f6nnen diese Datenschutzrichtlinie jederzeit \u00e4ndern, ohne\n  Sie vorher zu benachrichtigen und die ge\u00e4nderte Version zu ver\u00f6ffentlichen.\n  Datenschutzbestimmungen zum Service. Die \u00fcberarbeitete Politik wird\n  180 Tage ab dem Zeitpunkt, an dem die\n  \u00fcberarbeitete Richtlinie wird im Service ver\u00f6ffentlicht und Ihr\n  fortgesetzter Zugang oder Nutzung des Dienstes nach diesem Zeitpunkt\n  bedeutet, dass Sie die \u00fcberarbeiteten Datenschutzbestimmungen akzeptieren.\n  Politik. Wir empfehlen daher, dass Sie in regelm\u00e4\u00dfigen Abst\u00e4nden\n  diese Seite \u00fcberpr\u00fcfen.\n<\/p>\n\n<br><br>\n        \n        <h2 class=\"privacy-policy-h2\">\n  Informationen, die wir sammeln:\n        <\/h2>\n\n        \n        <p class=\"privacy-policy-p\">\n  Wir werden Folgendes sammeln und verarbeiten\n  pers\u00f6nliche Informationen \u00fcber Sie:\n        <\/p>\n        <ol class=\"privacy-policy-ol\">\n\n                        <li>Name<\/li>\n            \n                        <li>E-Mail<\/li>\n            \n                        <li>Mobil<\/li>\n            \n                        <li>Profil f\u00fcr soziale Medien<\/li>\n            \n                        <li>Geburtsdatum<\/li>\n            \n                        <li>Adresse<\/li>\n            \n                        <li>Arbeitsadresse<\/li>\n            \n                        \n                                    <li>Geschlecht<\/li>\n                                                <li>Pr\u00e4ferenzen<\/li>\n                                                <li>Familienstand<\/li>\n                                                <li>Anfragen<\/li>\n                        \n        <\/ol>\n\n\n    \n    \n<br><br>\n        \n        <h2 class=\"privacy-policy-h2\">\n  Wie wir Ihre Informationen verwenden:\n        <\/h2>\n        <p class=\"privacy-policy-p\">\n  Wir verwenden die von uns gesammelten Informationen\n  \u00fcber Sie f\u00fcr die folgenden Zwecke:\n        <\/p>\n        <ol class=\"privacy-policy-ol\">\n\n                        <li>Marketing\/Werbung<\/li>\n            \n            \n            \n                        <li>Sammlung von Kundenfeedback<\/li>\n            \n            \n            \n                        <li>Unterst\u00fctzen Sie<\/li>\n            \n                        <li>Infos zur Verwaltung<\/li>\n            \n                        <li>Gezielte Werbung<\/li>\n            \n                        <li>Kundenauftrag verwalten<\/li>\n            \n            \n                        <li>Kommentare von Benutzer zu Benutzer<\/li>\n            \n                        <li>Beilegung von Streitigkeiten<\/li>\n            \n            <br><br>\n        <\/ol>\n        <p class=\"privacy-policy-p\">\n  Wenn wir Ihre Daten f\u00fcr andere Zwecke verwenden m\u00f6chten\n  Zweck, werden wir Sie um Ihre Zustimmung bitten und werden\n  verwenden Ihre Informationen nur nach Erhalt Ihrer\n  Zustimmung und dann nur f\u00fcr den\/die Zweck(e), f\u00fcr den\/die\n  die Zustimmung erteilen, es sei denn, wir sind dazu verpflichtet\n  anderweitig gesetzlich vorgeschrieben.\n        <\/p>\n    \n    <br><br>\n\n        <h2 class=\"privacy-policy-h2\">\n  Aufbewahrung Ihrer Informationen:\n        <\/h2>\n        <p class=\"privacy-policy-p\">\n  Wir werden Ihre pers\u00f6nlichen Daten bei uns aufbewahren\n  f\u00fcr\n  12 Monate\n  oder f\u00fcr als\n  solange wir sie ben\u00f6tigen, um die Zwecke zu erf\u00fcllen, f\u00fcr die\n  die sie gesammelt wurden, wie in dieser\n  Datenschutzbestimmungen. Wir m\u00fcssen m\u00f6glicherweise bestimmte\n  Informationen f\u00fcr l\u00e4ngere Zeitr\u00e4ume wie zum Beispiel\n  Aufzeichnungen\/Berichte in \u00dcbereinstimmung mit\n  geltendem Recht oder aus anderen legitimen Gr\u00fcnden\n  wie die Durchsetzung von Rechtsanspr\u00fcchen, Betrug\n  Pr\u00e4vention, etc. Restliche anonyme Informationen\n  und aggregierte Informationen, von denen keine\n  Sie (direkt oder indirekt) identifiziert, kann sein\n  auf unbestimmte Zeit gespeichert.\n        <\/p>\n   \n    <br><br>\n \n        <h2 class=\"privacy-policy-h2\">\n  Ihre Rechte:\n        <\/h2>\n        <p class=\"privacy-policy-p\">\n  Je nach geltendem Recht m\u00fcssen Sie m\u00f6glicherweise\n  ein Recht auf Zugang und Berichtigung oder L\u00f6schung Ihrer\n  pers\u00f6nliche Daten zu erhalten oder eine Kopie Ihrer pers\u00f6nlichen\n  Daten, einschr\u00e4nken oder Objekt zum aktiven\n  Verarbeitung Ihrer Daten, bitten Sie uns um die Freigabe (Port)\n  Ihre pers\u00f6nlichen Daten an ein anderes Unternehmen weitergeben,\n  Ihre Zustimmung zu widerrufen, die Sie uns gegeben haben\n  Ihre Daten zu verarbeiten, ein Beschwerderecht\n  mit einer gesetzlichen Beh\u00f6rde und solche anderen Rechte\n  die nach geltendem Recht relevant sein k\u00f6nnen. An\n  diese Rechte auszu\u00fcben, k\u00f6nnen Sie uns schreiben an\n  info@lacinera.it.\n  Wir antworten auf Ihre\n  Anfrage in \u00dcbereinstimmung mit dem geltenden Recht.\n        <\/p>\n\n        \n        <p class=\"privacy-policy-p\">\n  Bitte beachten Sie: Wenn Sie uns nicht erlauben, die\n  oder die erforderlichen pers\u00f6nlichen Informationen zu verarbeiten oder\n  die Zustimmung zur Verarbeitung der Daten f\u00fcr die\n  ben\u00f6tigen, k\u00f6nnen Sie m\u00f6glicherweise nicht auf die\n  oder die Dienste nutzen, f\u00fcr die Ihre Informationen\n  gesucht wurde.\n        <\/p>\n<br><br>\n        <h2 class=\"privacy-policy-h2\">\n  Cookies etc.\n        <\/h2>\n        <p class=\"privacy-policy-p\">\n\n            \n  Um mehr dar\u00fcber zu erfahren, wie wir diese\n  und Ihre Entscheidungen in Bezug auf dieses Tracking\n  Technologien, lesen Sie bitte unser\n            <a href=\"https:\/\/annalocos.com\/de\/\">Cookie-Richtlinie.<\/a>\n        <\/p>\n  <br><br>\n        <h2 class=\"privacy-policy-h2\">\n  Sicherheit:\n        <\/h2>\n        <p class=\"privacy-policy-p\">\n  Die Sicherheit Ihrer Daten ist wichtig f\u00fcr\n  uns und wir werden angemessene Sicherheitsma\u00dfnahmen ergreifen\n  um den Verlust, den Missbrauch oder die unbefugte\n  \u00c4nderung Ihrer Informationen unter unserem\n  Kontrolle. Angesichts der inh\u00e4renten Risiken sind wir jedoch\n  kann keine absolute Sicherheit garantieren und\n  Folglich k\u00f6nnen wir nicht gew\u00e4hrleisten oder garantieren, dass die\n  Sicherheit der Informationen, die Sie uns \u00fcbermitteln\n  und Sie tun dies auf Ihr eigenes Risiko.\n        <\/p>\n<br><br>\n        <h2 class=\"privacy-policy-h2\">\n  Links zu Dritten &amp; Verwendung Ihrer Informationen:\n        <\/h2>\n        <p class=\"privacy-policy-p\">\n  Unser Service kann Links zu anderen Websites enthalten\n  die nicht von uns betrieben werden. Diese Datenschutzrichtlinie\n  geht nicht auf die Datenschutzbestimmungen und andere\n  Praktiken von Dritten, einschlie\u00dflich jeglicher\n  Dritte, die eine Website oder einen Dienst betreiben\n  die \u00fcber einen Link auf der Website zug\u00e4nglich sind\n  Service. Wir raten Ihnen dringend, sich die\n  Datenschutzbestimmungen jeder Website, die Sie besuchen. Wir haben\n  keine Kontrolle \u00fcber und \u00fcbernehmen keine Verantwortung f\u00fcr\n  die Inhalte, Datenschutzrichtlinien oder Praktiken von\n  Websites oder Dienste von Dritten.\n        <\/p>\n        \n        <br><br>\n        <h2 class=\"privacy-policy-h2\">\n  Beschwerde-\/Datenschutzbeauftragter:\n        <\/h2>\n        <p class=\"privacy-policy-p\">\n  Wenn Sie Fragen oder Bedenken bez\u00fcglich des\n  Verarbeitung Ihrer Informationen, die verf\u00fcgbar sind\n  mit uns haben, k\u00f6nnen Sie eine E-Mail an unseren Grievance Officer senden\n  TLAB Srls,\n  Via Diego Martinelli, 22,\n  E-Mail: info@lacinera.it.\n  Wir werden Ihre Bedenken in \u00dcbereinstimmung mit dem geltenden Recht behandeln.\n        <\/p>\n    \n\n<p class=\"privacy-policy-p\">\n  Datenschutzrichtlinie generiert mit <a target=\"_blank\" href=\"https:\/\/www.cookieyes.com\/?utm_source=PP&amp;utm_medium=footer&amp;utm_campaign=UW\">CookieYes<\/a>.\n<\/p>\n\t\t<\/div>\n\t\t\t\t<\/div>\n\t\t<div class=\"elementor-element elementor-element-e74dcba e-con-boxed e-con\" data-id=\"e74dcba\" data-element_type=\"container\" data-settings=\"{&quot;content_width&quot;:&quot;boxed&quot;}\">\n\t\t\t\t\t<div class=\"e-con-inner\">\n\t\t\t\t<div class=\"elementor-element elementor-element-5501ddc elementor-widget elementor-widget-html\" data-id=\"5501ddc\" data-element_type=\"widget\" data-widget_type=\"html.default\">\n\t\t\t\t<div class=\"elementor-widget-container\">\n\t\t\t<style>label {\n    font-size: 14px !important;\n    color: #222222A6 !important;\n}\n<\/style>\t\t<\/div>\n\t\t\t\t<\/div>\n\t\t\t\t<div class=\"elementor-element elementor-element-218911c elementor-widget elementor-widget-html\" data-id=\"218911c\" data-element_type=\"widget\" data-widget_type=\"html.default\">\n\t\t\t\t<div class=\"elementor-widget-container\">\n\t\t\t<style>span.uc_line {\n    background-color: black !important;\n}\n\n.elementor-1446 .elementor-element.elementor-element-8c96224 .elementor-heading-title {\n    color: black !important;\n}\n\n.elementor-1446 .elementor-element.elementor-element-8949b10 .elementor-heading-title {\n    color: black !important;\n}\n\n.elementor-1446 .elementor-element.elementor-element-da2eb87 .elementor-heading-title {\n    color: black !important;\n}\n\n.elementor-1446 .elementor-element.elementor-element-440fc76 .elementor-heading-title {\n    color: black !important;\n}\n\n.elementor-1446 .elementor-element.elementor-element-8d082c0 .elementor-heading-title {\n    color: black !important;\n}\n\n#play {\n    display:none;\n}\n#pause {\n    display: none;\n}\n\n<\/style>\t\t<\/div>\n\t\t\t\t<\/div>\n\t\t\t\t\t<\/div>\n\t\t\t\t<\/div>\n\t\t\t\t<\/div>\n\t\t\t\t<\/div>\n\t\t\t\t<\/div>\n\t\t\t\t\t<\/div>\n\t\t\t\t<\/div>\n\t\t\t\t\t\t\t<\/div>\n\t\t","protected":false},"excerpt":{"rendered":"<p>Datenschutzbestimmungen Zuletzt aktualisiert am 27-Apr-2023 Datum des Inkrafttretens 27-Apr-2023 Diese Datenschutzrichtlinie beschreibt die Richtlinien von TLAB Srls, Via Diego Martinelli, 22, Italien, Rutigliano, BA 70018, Italien, E-Mail: info@lacinera.it, Telefon: +39 3889717017 \u00fcber die Kollektion, Verwendung und Offenlegung Ihrer von uns erfassten Informationen wenn Sie unsere Website ( https:\/\/annalocos.com ) nutzen. (der &#8218;Service&#8216;). Durch den Zugriff [&hellip;]<\/p>\n","protected":false},"author":1,"featured_media":0,"parent":0,"menu_order":0,"comment_status":"closed","ping_status":"closed","template":"","meta":{"footnotes":""},"class_list":["post-4444","page","type-page","status-publish","hentry"],"yoast_head":"<!-- This site is optimized with the Yoast SEO plugin v22.2 - https:\/\/yoast.com\/wordpress\/plugins\/seo\/ -->\n<title>Datenschutzbestimmungen - Trulli Annalocos<\/title>\n<meta name=\"robots\" content=\"index, follow, max-snippet:-1, max-image-preview:large, max-video-preview:-1\" \/>\n<link rel=\"canonical\" href=\"https:\/\/annalocos.com\/de\/datenschutzbestimmungen\/\" \/>\n<meta property=\"og:locale\" content=\"de_DE\" \/>\n<meta property=\"og:type\" content=\"article\" \/>\n<meta property=\"og:title\" content=\"Datenschutzbestimmungen - Trulli Annalocos\" \/>\n<meta property=\"og:description\" content=\"Datenschutzbestimmungen Zuletzt aktualisiert am 27-Apr-2023 Datum des Inkrafttretens 27-Apr-2023 Diese Datenschutzrichtlinie beschreibt die Richtlinien von TLAB Srls, Via Diego Martinelli, 22, Italien, Rutigliano, BA 70018, Italien, E-Mail: info@lacinera.it, Telefon: +39 3889717017 \u00fcber die Kollektion, Verwendung und Offenlegung Ihrer von uns erfassten Informationen wenn Sie unsere Website ( https:\/\/annalocos.com ) nutzen. (der &#8218;Service&#8216;). Durch den Zugriff [&hellip;]\" \/>\n<meta property=\"og:url\" content=\"https:\/\/annalocos.com\/de\/datenschutzbestimmungen\/\" \/>\n<meta property=\"og:site_name\" content=\"Trulli Annalocos\" \/>\n<meta property=\"article:publisher\" content=\"https:\/\/www.facebook.com\/annalocoscasavacanze\/\" \/>\n<meta property=\"article:modified_time\" content=\"2024-05-31T13:38:50+00:00\" \/>\n<meta property=\"og:image\" content=\"https:\/\/annalocos.com\/wp-content\/uploads\/2024\/03\/Schermata-del-2024-03-12-23-59-36-1024x553.png\" \/>\n\t<meta property=\"og:image:width\" content=\"1024\" \/>\n\t<meta property=\"og:image:height\" content=\"553\" \/>\n\t<meta property=\"og:image:type\" content=\"image\/png\" \/>\n<meta name=\"twitter:card\" content=\"summary_large_image\" \/>\n<meta name=\"twitter:label1\" content=\"Gesch\u00e4tzte Lesezeit\" \/>\n\t<meta name=\"twitter:data1\" content=\"4\u00a0Minuten\" \/>\n<script type=\"application\/ld+json\" class=\"yoast-schema-graph\">{\"@context\":\"https:\/\/schema.org\",\"@graph\":[{\"@type\":\"WebPage\",\"@id\":\"https:\/\/annalocos.com\/de\/datenschutzbestimmungen\/\",\"url\":\"https:\/\/annalocos.com\/de\/datenschutzbestimmungen\/\",\"name\":\"Datenschutzbestimmungen - Trulli Annalocos\",\"isPartOf\":{\"@id\":\"https:\/\/annalocos.com\/de\/#website\"},\"datePublished\":\"2023-05-02T08:17:06+00:00\",\"dateModified\":\"2024-05-31T13:38:50+00:00\",\"breadcrumb\":{\"@id\":\"https:\/\/annalocos.com\/de\/datenschutzbestimmungen\/#breadcrumb\"},\"inLanguage\":\"de\",\"potentialAction\":[{\"@type\":\"ReadAction\",\"target\":[\"https:\/\/annalocos.com\/de\/datenschutzbestimmungen\/\"]}]},{\"@type\":\"BreadcrumbList\",\"@id\":\"https:\/\/annalocos.com\/de\/datenschutzbestimmungen\/#breadcrumb\",\"itemListElement\":[{\"@type\":\"ListItem\",\"position\":1,\"name\":\"Home\",\"item\":\"https:\/\/annalocos.com\/de\/startseite\/\"},{\"@type\":\"ListItem\",\"position\":2,\"name\":\"Datenschutzbestimmungen\"}]},{\"@type\":\"WebSite\",\"@id\":\"https:\/\/annalocos.com\/de\/#website\",\"url\":\"https:\/\/annalocos.com\/de\/\",\"name\":\"Trulli Annalocos\",\"description\":\"Trulli Annalocos\",\"publisher\":{\"@id\":\"https:\/\/annalocos.com\/de\/#organization\"},\"potentialAction\":[{\"@type\":\"SearchAction\",\"target\":{\"@type\":\"EntryPoint\",\"urlTemplate\":\"https:\/\/annalocos.com\/de\/?s={search_term_string}\"},\"query-input\":\"required name=search_term_string\"}],\"inLanguage\":\"de\"},{\"@type\":\"Organization\",\"@id\":\"https:\/\/annalocos.com\/de\/#organization\",\"name\":\"Trulli Annalocos\",\"alternateName\":\"Annalocos\",\"url\":\"https:\/\/annalocos.com\/de\/\",\"logo\":{\"@type\":\"ImageObject\",\"inLanguage\":\"de\",\"@id\":\"https:\/\/annalocos.com\/de\/#\/schema\/logo\/image\/\",\"url\":\"https:\/\/annalocos.com\/wp-content\/uploads\/2024\/01\/LOGO_ANNALOCOS-1-01-1.png\",\"contentUrl\":\"https:\/\/annalocos.com\/wp-content\/uploads\/2024\/01\/LOGO_ANNALOCOS-1-01-1.png\",\"width\":1612,\"height\":1044,\"caption\":\"Trulli Annalocos\"},\"image\":{\"@id\":\"https:\/\/annalocos.com\/de\/#\/schema\/logo\/image\/\"},\"sameAs\":[\"https:\/\/www.facebook.com\/annalocoscasavacanze\/\",\"https:\/\/www.airbnb.it\/rooms\/13952707\",\"https:\/\/www.booking.com\/hotel\/it\/annalocos.it.html\",\"https:\/\/www.tripadvisor.com\/Hotel_Review-g1056127-d10754198-Reviews-Anna_Locos-Locorotondo_Province_of_Bari_Puglia.html\",\"https:\/\/www.agoda.com\/annalocos\/hotel\/locorotondo-it.html\",\"https:\/\/annalocos-holiday-home-locorotondo.hotelmix.it\/\"]}]}<\/script>\n<!-- \/ Yoast SEO plugin. -->","yoast_head_json":{"title":"Datenschutzbestimmungen - Trulli Annalocos","robots":{"index":"index","follow":"follow","max-snippet":"max-snippet:-1","max-image-preview":"max-image-preview:large","max-video-preview":"max-video-preview:-1"},"canonical":"https:\/\/annalocos.com\/de\/datenschutzbestimmungen\/","og_locale":"de_DE","og_type":"article","og_title":"Datenschutzbestimmungen - Trulli Annalocos","og_description":"Datenschutzbestimmungen Zuletzt aktualisiert am 27-Apr-2023 Datum des Inkrafttretens 27-Apr-2023 Diese Datenschutzrichtlinie beschreibt die Richtlinien von TLAB Srls, Via Diego Martinelli, 22, Italien, Rutigliano, BA 70018, Italien, E-Mail: info@lacinera.it, Telefon: +39 3889717017 \u00fcber die Kollektion, Verwendung und Offenlegung Ihrer von uns erfassten Informationen wenn Sie unsere Website ( https:\/\/annalocos.com ) nutzen. (der &#8218;Service&#8216;). Durch den Zugriff [&hellip;]","og_url":"https:\/\/annalocos.com\/de\/datenschutzbestimmungen\/","og_site_name":"Trulli Annalocos","article_publisher":"https:\/\/www.facebook.com\/annalocoscasavacanze\/","article_modified_time":"2024-05-31T13:38:50+00:00","og_image":[{"width":1024,"height":553,"url":"https:\/\/annalocos.com\/wp-content\/uploads\/2024\/03\/Schermata-del-2024-03-12-23-59-36-1024x553.png","type":"image\/png"}],"twitter_card":"summary_large_image","twitter_misc":{"Gesch\u00e4tzte Lesezeit":"4\u00a0Minuten"},"schema":{"@context":"https:\/\/schema.org","@graph":[{"@type":"WebPage","@id":"https:\/\/annalocos.com\/de\/datenschutzbestimmungen\/","url":"https:\/\/annalocos.com\/de\/datenschutzbestimmungen\/","name":"Datenschutzbestimmungen - Trulli Annalocos","isPartOf":{"@id":"https:\/\/annalocos.com\/de\/#website"},"datePublished":"2023-05-02T08:17:06+00:00","dateModified":"2024-05-31T13:38:50+00:00","breadcrumb":{"@id":"https:\/\/annalocos.com\/de\/datenschutzbestimmungen\/#breadcrumb"},"inLanguage":"de","potentialAction":[{"@type":"ReadAction","target":["https:\/\/annalocos.com\/de\/datenschutzbestimmungen\/"]}]},{"@type":"BreadcrumbList","@id":"https:\/\/annalocos.com\/de\/datenschutzbestimmungen\/#breadcrumb","itemListElement":[{"@type":"ListItem","position":1,"name":"Home","item":"https:\/\/annalocos.com\/de\/startseite\/"},{"@type":"ListItem","position":2,"name":"Datenschutzbestimmungen"}]},{"@type":"WebSite","@id":"https:\/\/annalocos.com\/de\/#website","url":"https:\/\/annalocos.com\/de\/","name":"Trulli Annalocos","description":"Trulli Annalocos","publisher":{"@id":"https:\/\/annalocos.com\/de\/#organization"},"potentialAction":[{"@type":"SearchAction","target":{"@type":"EntryPoint","urlTemplate":"https:\/\/annalocos.com\/de\/?s={search_term_string}"},"query-input":"required name=search_term_string"}],"inLanguage":"de"},{"@type":"Organization","@id":"https:\/\/annalocos.com\/de\/#organization","name":"Trulli Annalocos","alternateName":"Annalocos","url":"https:\/\/annalocos.com\/de\/","logo":{"@type":"ImageObject","inLanguage":"de","@id":"https:\/\/annalocos.com\/de\/#\/schema\/logo\/image\/","url":"https:\/\/annalocos.com\/wp-content\/uploads\/2024\/01\/LOGO_ANNALOCOS-1-01-1.png","contentUrl":"https:\/\/annalocos.com\/wp-content\/uploads\/2024\/01\/LOGO_ANNALOCOS-1-01-1.png","width":1612,"height":1044,"caption":"Trulli Annalocos"},"image":{"@id":"https:\/\/annalocos.com\/de\/#\/schema\/logo\/image\/"},"sameAs":["https:\/\/www.facebook.com\/annalocoscasavacanze\/","https:\/\/www.airbnb.it\/rooms\/13952707","https:\/\/www.booking.com\/hotel\/it\/annalocos.it.html","https:\/\/www.tripadvisor.com\/Hotel_Review-g1056127-d10754198-Reviews-Anna_Locos-Locorotondo_Province_of_Bari_Puglia.html","https:\/\/www.agoda.com\/annalocos\/hotel\/locorotondo-it.html","https:\/\/annalocos-holiday-home-locorotondo.hotelmix.it\/"]}]}},"_links":{"self":[{"href":"https:\/\/annalocos.com\/de\/wp-json\/wp\/v2\/pages\/4444","targetHints":{"allow":["GET"]}}],"collection":[{"href":"https:\/\/annalocos.com\/de\/wp-json\/wp\/v2\/pages"}],"about":[{"href":"https:\/\/annalocos.com\/de\/wp-json\/wp\/v2\/types\/page"}],"author":[{"embeddable":true,"href":"https:\/\/annalocos.com\/de\/wp-json\/wp\/v2\/users\/1"}],"replies":[{"embeddable":true,"href":"https:\/\/annalocos.com\/de\/wp-json\/wp\/v2\/comments?post=4444"}],"version-history":[{"count":1,"href":"https:\/\/annalocos.com\/de\/wp-json\/wp\/v2\/pages\/4444\/revisions"}],"predecessor-version":[{"id":4446,"href":"https:\/\/annalocos.com\/de\/wp-json\/wp\/v2\/pages\/4444\/revisions\/4446"}],"wp:attachment":[{"href":"https:\/\/annalocos.com\/de\/wp-json\/wp\/v2\/media?parent=4444"}],"curies":[{"name":"wp","href":"https:\/\/api.w.org\/{rel}","templated":true}]}}