{"id":4429,"date":"2023-05-07T09:20:11","date_gmt":"2023-05-07T09:20:11","guid":{"rendered":"https:\/\/annalocos.com\/cookie-richtlinie\/"},"modified":"2024-05-31T13:38:46","modified_gmt":"2024-05-31T13:38:46","slug":"cookie-richtlinie","status":"publish","type":"page","link":"https:\/\/annalocos.com\/de\/cookie-richtlinie\/","title":{"rendered":"Cookie-Richtlinie"},"content":{"rendered":"\t\t<div data-elementor-type=\"wp-page\" data-elementor-id=\"4429\" class=\"elementor elementor-4429 elementor-2956\">\n\t\t\t\t\t\t\t<div class=\"elementor-element elementor-element-64f321fb e-con-boxed e-con\" data-id=\"64f321fb\" data-element_type=\"container\" data-settings=\"{&quot;background_background&quot;:&quot;classic&quot;,&quot;content_width&quot;:&quot;boxed&quot;}\">\n\t\t\t\t\t<div class=\"e-con-inner\">\n\t\t<div class=\"elementor-element elementor-element-6d2091aa e-con-full e-con\" data-id=\"6d2091aa\" data-element_type=\"container\" data-settings=\"{&quot;content_width&quot;:&quot;full&quot;}\">\n\t\t\t\t<div class=\"elementor-element elementor-element-3bef78ea elementor-widget elementor-widget-spacer\" data-id=\"3bef78ea\" data-element_type=\"widget\" data-widget_type=\"spacer.default\">\n\t\t\t\t<div class=\"elementor-widget-container\">\n\t\t\t<style>\/*! elementor - v3.11.1 - 15-02-2023 *\/\n.elementor-column .elementor-spacer-inner{height:var(--spacer-size)}.e-con{--container-widget-width:100%}.e-con-inner>.elementor-widget-spacer,.e-con>.elementor-widget-spacer{width:var(--container-widget-width,var(--spacer-size));--align-self:var(--container-widget-align-self,initial);--flex-shrink:0}.e-con-inner>.elementor-widget-spacer>.elementor-widget-container,.e-con-inner>.elementor-widget-spacer>.elementor-widget-container>.elementor-spacer,.e-con>.elementor-widget-spacer>.elementor-widget-container,.e-con>.elementor-widget-spacer>.elementor-widget-container>.elementor-spacer{height:100%}.e-con-inner>.elementor-widget-spacer>.elementor-widget-container>.elementor-spacer>.elementor-spacer-inner,.e-con>.elementor-widget-spacer>.elementor-widget-container>.elementor-spacer>.elementor-spacer-inner{height:var(--container-widget-height,var(--spacer-size))}<\/style>\t\t<div class=\"elementor-spacer\">\n\t\t\t<div class=\"elementor-spacer-inner\"><\/div>\n\t\t<\/div>\n\t\t\t\t<\/div>\n\t\t\t\t<\/div>\n\t\t<div class=\"elementor-element elementor-element-792eb480 e-con-full e-con\" data-id=\"792eb480\" data-element_type=\"container\" data-settings=\"{&quot;content_width&quot;:&quot;full&quot;}\">\n\t\t<div class=\"elementor-element elementor-element-50264b1a e-con-full e-con\" data-id=\"50264b1a\" data-element_type=\"container\" data-settings=\"{&quot;content_width&quot;:&quot;full&quot;}\">\n\t\t\t\t<div class=\"elementor-element elementor-element-63fb7ed6 elementor-widget elementor-widget-heading\" data-id=\"63fb7ed6\" data-element_type=\"widget\" data-widget_type=\"heading.default\">\n\t\t\t\t<div class=\"elementor-widget-container\">\n\t\t\t<style>\/*! elementor - v3.11.1 - 15-02-2023 *\/\n.elementor-heading-title{padding:0;margin:0;line-height:1}.elementor-widget-heading .elementor-heading-title[class*=elementor-size-]>a{color:inherit;font-size:inherit;line-height:inherit}.elementor-widget-heading .elementor-heading-title.elementor-size-small{font-size:15px}.elementor-widget-heading .elementor-heading-title.elementor-size-medium{font-size:19px}.elementor-widget-heading .elementor-heading-title.elementor-size-large{font-size:29px}.elementor-widget-heading .elementor-heading-title.elementor-size-xl{font-size:39px}.elementor-widget-heading .elementor-heading-title.elementor-size-xxl{font-size:59px}<\/style><h1 class=\"elementor-heading-title elementor-size-default\">Cookie-Richtlinie<\/h1>\t\t<\/div>\n\t\t\t\t<\/div>\n\t\t\t\t<div class=\"elementor-element elementor-element-a473172 elementor-widget elementor-widget-spacer\" data-id=\"a473172\" data-element_type=\"widget\" data-widget_type=\"spacer.default\">\n\t\t\t\t<div class=\"elementor-widget-container\">\n\t\t\t\t\t<div class=\"elementor-spacer\">\n\t\t\t<div class=\"elementor-spacer-inner\"><\/div>\n\t\t<\/div>\n\t\t\t\t<\/div>\n\t\t\t\t<\/div>\n\t\t\t\t<div class=\"elementor-element elementor-element-85f9e97 elementor-widget elementor-widget-html\" data-id=\"85f9e97\" data-element_type=\"widget\" data-widget_type=\"html.default\">\n\t\t\t\t<div class=\"elementor-widget-container\">\n\t\t\t\n<p>\n  Datum des Inkrafttretens: 27-Apr-2023  <br>\n  Zuletzt aktualisiert: 28-Apr-2023\n<\/p>\n\n&nbsp;\n<h5>Was sind Cookies?<\/h5>\n<div class=\"cookie-policy-p\"><p>Diese Cookie-Richtlinie erkl\u00e4rt, was Cookies sind und wie wir sie verwenden, welche Arten von Cookies wir verwenden, welche Informationen wir mit Hilfe von Cookies sammeln und wie diese Informationen verwendet werden, und wie Sie Ihre Cookie-Einstellungen verwalten k\u00f6nnen.<\/p> <p>Cookies sind kleine Textdateien, die dazu dienen, kleine Informationen zu speichern. Sie werden auf Ihrem Ger\u00e4t gespeichert, wenn die Website in Ihrem Browser geladen wird. Diese Cookies helfen uns, die Website ordnungsgem\u00e4\u00df zu betreiben, sie sicherer zu machen, eine bessere Benutzererfahrung zu bieten und zu verstehen, wie die Website funktioniert, um zu analysieren, was funktioniert und wo sie verbessert werden muss.<\/p><\/div>\n\n&nbsp;\n<h5>Wie verwenden wir Cookies?<\/h5>\n<div class=\"cookie-policy-p\"><p>Wie die meisten Online-Dienste verwendet auch unsere Website Erstanbieter- und Drittanbieter-Cookies f\u00fcr verschiedene Zwecke. Erstanbieter-Cookies sind meist notwendig, damit die Website richtig funktioniert, und sie erfassen keine personenbezogenen Daten.<\/p> <p>Die Cookies von Drittanbietern, die auf unserer Website verwendet werden, dienen haupts\u00e4chlich dazu, zu verstehen, wie die Website funktioniert, wie Sie mit unserer Website interagieren, unsere Dienste sicher zu halten, Ihnen f\u00fcr Sie relevante Werbung bereitzustellen und Ihnen alles in allem eine bessere und verbesserte Benutzererfahrung zu bieten und Ihre zuk\u00fcnftigen Interaktionen mit unserer Website zu beschleunigen.<\/p><\/div>\n\n&nbsp;\n\n\n&nbsp;\n    <h5 style=\"margin-bottom:20px;\">Cookie-Einstellungen verwalten<\/h5>\n\n    <u><a href=\"#cookie\" cookie=\"revisit\" class=\"cky-banner-element\">Pr\u00e4ferenzen erneut besuchen<\/a><\/u><br><br>\n\n    <div><p>Sie k\u00f6nnen Ihre Cookie-Einstellungen jederzeit \u00e4ndern, indem Sie auf die obige Schaltfl\u00e4che klicken. Auf diese Weise k\u00f6nnen Sie das Cookie-Einwilligungsbanner erneut aufrufen und Ihre Einstellungen \u00e4ndern oder Ihre Einwilligung sofort widerrufen.  <\/p> <p>Dar\u00fcber hinaus bieten verschiedene Browser unterschiedliche Methoden zum Blockieren und L\u00f6schen von Cookies, die von Websites verwendet werden. Sie k\u00f6nnen die Einstellungen Ihres Browsers \u00e4ndern, um die Cookies zu blockieren\/l\u00f6schen. Nachstehend finden Sie die Links zu den Support-Dokumenten, die Ihnen zeigen, wie Sie Cookies in den wichtigsten Webbrowsern verwalten und l\u00f6schen k\u00f6nnen.<\/p> <p>Chrom: <a href=\"https:\/\/support.google.com\/accounts\/answer\/32050\" target=\"_blank\">https:\/\/support.google.com\/accounts\/answer\/32050<\/a><\/p><p>Safari: <a href=\"https:\/\/support.apple.com\/en-in\/guide\/safari\/sfri11471\/mac\" target=\"_blank\">https:\/\/support.apple.com\/en-in\/guide\/safari\/sfri11471\/mac<\/a><\/p><p>Firefox: <a href=\"https:\/\/support.mozilla.org\/en-US\/kb\/clear-cookies-and-site-data-firefox?redirectslug=delete-cookies-remove-info-websites-stored&amp;redirectlocale=en-US\" target=\"_blank\">https:\/\/support.mozilla.org\/en-US\/kb\/clear-cookies-and-site-data-firefox?redirectslug=delete-cookies-remove-info-websites-stored&amp;redirectlocale=en-US<\/a><\/p><p>Internet Explorer: <a href=\"https:\/\/support.microsoft.com\/en-us\/topic\/how-to-delete-cookie-files-in-internet-explorer-bca9446f-d873-78de-77ba-d42645fa52fc\" target=\"_blank\">https:\/\/support.microsoft.com\/en-us\/topic\/how-to-delete-cookie-files-in-internet-explorer-bca9446f-d873-78de-77ba-d42645fa52fc<\/a><\/p><p>Wenn Sie einen anderen Webbrowser verwenden, lesen Sie bitte die offiziellen Support-Dokumente Ihres Browsers.<\/p><\/div>\n\n\n&nbsp;\n<p class=\"cookie-policy-p\">\n  Cookie-Richtlinie generiert von <a target=\"_blank\" href=\"https:\/\/www.cookieyes.com\/?utm_source=CP&amp;utm_medium=footer&amp;utm_campaign=UW\">CookieYes - Cookie-Richtlinien-Generator<\/a>.\n<\/p>\n\t\t<\/div>\n\t\t\t\t<\/div>\n\t\t<div class=\"elementor-element elementor-element-e74dcba e-con-boxed e-con\" data-id=\"e74dcba\" data-element_type=\"container\" data-settings=\"{&quot;content_width&quot;:&quot;boxed&quot;}\">\n\t\t\t\t\t<div class=\"e-con-inner\">\n\t\t\t\t<div class=\"elementor-element elementor-element-5501ddc elementor-widget elementor-widget-html\" data-id=\"5501ddc\" data-element_type=\"widget\" data-widget_type=\"html.default\">\n\t\t\t\t<div class=\"elementor-widget-container\">\n\t\t\t<style>label {\n    font-size: 14px !important;\n    color: #222222A6 !important;\n}\n<\/style>\t\t<\/div>\n\t\t\t\t<\/div>\n\t\t\t\t<div class=\"elementor-element elementor-element-218911c elementor-widget elementor-widget-html\" data-id=\"218911c\" data-element_type=\"widget\" data-widget_type=\"html.default\">\n\t\t\t\t<div class=\"elementor-widget-container\">\n\t\t\t<style>span.uc_line {\n    background-color: black !important;\n}\n\n.elementor-1446 .elementor-element.elementor-element-8c96224 .elementor-heading-title {\n    color: black !important;\n}\n\n.elementor-1446 .elementor-element.elementor-element-8949b10 .elementor-heading-title {\n    color: black !important;\n}\n\n.elementor-1446 .elementor-element.elementor-element-da2eb87 .elementor-heading-title {\n    color: black !important;\n}\n\n.elementor-1446 .elementor-element.elementor-element-440fc76 .elementor-heading-title {\n    color: black !important;\n}\n\n.elementor-1446 .elementor-element.elementor-element-8d082c0 .elementor-heading-title {\n    color: black !important;\n}\n\n#play {\n    display:none;\n}\n#pause {\n    display: none;\n}\n\n<\/style>\t\t<\/div>\n\t\t\t\t<\/div>\n\t\t\t\t\t<\/div>\n\t\t\t\t<\/div>\n\t\t\t\t<\/div>\n\t\t\t\t<\/div>\n\t\t\t\t<\/div>\n\t\t\t\t\t<\/div>\n\t\t\t\t<\/div>\n\t\t\t\t\t\t\t<\/div>\n\t\t","protected":false},"excerpt":{"rendered":"<p>Cookie-Richtlinie Datum des Inkrafttretens: 27-Apr-2023 Zuletzt aktualisiert: 28-Apr-2023 &nbsp; Was sind Cookies? Diese Cookie-Richtlinie erkl\u00e4rt, was Cookies sind und wie wir sie verwenden, welche Arten von Cookies wir verwenden, welche Informationen wir mit Hilfe von Cookies sammeln und wie diese Informationen verwendet werden, und wie Sie Ihre Cookie-Einstellungen verwalten k\u00f6nnen. Cookies sind kleine Textdateien, die [&hellip;]<\/p>\n","protected":false},"author":1,"featured_media":0,"parent":0,"menu_order":0,"comment_status":"closed","ping_status":"closed","template":"","meta":{"footnotes":""},"class_list":["post-4429","page","type-page","status-publish","hentry"],"yoast_head":"<!-- This site is optimized with the Yoast SEO plugin v22.2 - https:\/\/yoast.com\/wordpress\/plugins\/seo\/ -->\n<title>Cookie-Richtlinie - Trulli Annalocos<\/title>\n<meta name=\"robots\" content=\"index, follow, max-snippet:-1, max-image-preview:large, max-video-preview:-1\" \/>\n<link rel=\"canonical\" href=\"https:\/\/annalocos.com\/de\/cookie-richtlinie\/\" \/>\n<meta property=\"og:locale\" content=\"de_DE\" \/>\n<meta property=\"og:type\" content=\"article\" \/>\n<meta property=\"og:title\" content=\"Cookie-Richtlinie - Trulli Annalocos\" \/>\n<meta property=\"og:description\" content=\"Cookie-Richtlinie Datum des Inkrafttretens: 27-Apr-2023 Zuletzt aktualisiert: 28-Apr-2023 &nbsp; Was sind Cookies? Diese Cookie-Richtlinie erkl\u00e4rt, was Cookies sind und wie wir sie verwenden, welche Arten von Cookies wir verwenden, welche Informationen wir mit Hilfe von Cookies sammeln und wie diese Informationen verwendet werden, und wie Sie Ihre Cookie-Einstellungen verwalten k\u00f6nnen. Cookies sind kleine Textdateien, die [&hellip;]\" \/>\n<meta property=\"og:url\" content=\"https:\/\/annalocos.com\/de\/cookie-richtlinie\/\" \/>\n<meta property=\"og:site_name\" content=\"Trulli Annalocos\" \/>\n<meta property=\"article:publisher\" content=\"https:\/\/www.facebook.com\/annalocoscasavacanze\/\" \/>\n<meta property=\"article:modified_time\" content=\"2024-05-31T13:38:46+00:00\" \/>\n<meta property=\"og:image\" content=\"https:\/\/annalocos.com\/wp-content\/uploads\/2024\/03\/Schermata-del-2024-03-12-23-59-36-1024x553.png\" \/>\n\t<meta property=\"og:image:width\" content=\"1024\" \/>\n\t<meta property=\"og:image:height\" content=\"553\" \/>\n\t<meta property=\"og:image:type\" content=\"image\/png\" \/>\n<meta name=\"twitter:card\" content=\"summary_large_image\" \/>\n<meta name=\"twitter:label1\" content=\"Gesch\u00e4tzte Lesezeit\" \/>\n\t<meta name=\"twitter:data1\" content=\"2\u00a0Minuten\" \/>\n<script type=\"application\/ld+json\" class=\"yoast-schema-graph\">{\"@context\":\"https:\/\/schema.org\",\"@graph\":[{\"@type\":\"WebPage\",\"@id\":\"https:\/\/annalocos.com\/de\/cookie-richtlinie\/\",\"url\":\"https:\/\/annalocos.com\/de\/cookie-richtlinie\/\",\"name\":\"Cookie-Richtlinie - Trulli Annalocos\",\"isPartOf\":{\"@id\":\"https:\/\/annalocos.com\/de\/#website\"},\"datePublished\":\"2023-05-07T09:20:11+00:00\",\"dateModified\":\"2024-05-31T13:38:46+00:00\",\"breadcrumb\":{\"@id\":\"https:\/\/annalocos.com\/de\/cookie-richtlinie\/#breadcrumb\"},\"inLanguage\":\"de\",\"potentialAction\":[{\"@type\":\"ReadAction\",\"target\":[\"https:\/\/annalocos.com\/de\/cookie-richtlinie\/\"]}]},{\"@type\":\"BreadcrumbList\",\"@id\":\"https:\/\/annalocos.com\/de\/cookie-richtlinie\/#breadcrumb\",\"itemListElement\":[{\"@type\":\"ListItem\",\"position\":1,\"name\":\"Home\",\"item\":\"https:\/\/annalocos.com\/de\/startseite\/\"},{\"@type\":\"ListItem\",\"position\":2,\"name\":\"Cookie-Richtlinie\"}]},{\"@type\":\"WebSite\",\"@id\":\"https:\/\/annalocos.com\/de\/#website\",\"url\":\"https:\/\/annalocos.com\/de\/\",\"name\":\"Trulli Annalocos\",\"description\":\"Trulli Annalocos\",\"publisher\":{\"@id\":\"https:\/\/annalocos.com\/de\/#organization\"},\"potentialAction\":[{\"@type\":\"SearchAction\",\"target\":{\"@type\":\"EntryPoint\",\"urlTemplate\":\"https:\/\/annalocos.com\/de\/?s={search_term_string}\"},\"query-input\":\"required name=search_term_string\"}],\"inLanguage\":\"de\"},{\"@type\":\"Organization\",\"@id\":\"https:\/\/annalocos.com\/de\/#organization\",\"name\":\"Trulli Annalocos\",\"alternateName\":\"Annalocos\",\"url\":\"https:\/\/annalocos.com\/de\/\",\"logo\":{\"@type\":\"ImageObject\",\"inLanguage\":\"de\",\"@id\":\"https:\/\/annalocos.com\/de\/#\/schema\/logo\/image\/\",\"url\":\"https:\/\/annalocos.com\/wp-content\/uploads\/2024\/01\/LOGO_ANNALOCOS-1-01-1.png\",\"contentUrl\":\"https:\/\/annalocos.com\/wp-content\/uploads\/2024\/01\/LOGO_ANNALOCOS-1-01-1.png\",\"width\":1612,\"height\":1044,\"caption\":\"Trulli Annalocos\"},\"image\":{\"@id\":\"https:\/\/annalocos.com\/de\/#\/schema\/logo\/image\/\"},\"sameAs\":[\"https:\/\/www.facebook.com\/annalocoscasavacanze\/\",\"https:\/\/www.airbnb.it\/rooms\/13952707\",\"https:\/\/www.booking.com\/hotel\/it\/annalocos.it.html\",\"https:\/\/www.tripadvisor.com\/Hotel_Review-g1056127-d10754198-Reviews-Anna_Locos-Locorotondo_Province_of_Bari_Puglia.html\",\"https:\/\/www.agoda.com\/annalocos\/hotel\/locorotondo-it.html\",\"https:\/\/annalocos-holiday-home-locorotondo.hotelmix.it\/\"]}]}<\/script>\n<!-- \/ Yoast SEO plugin. -->","yoast_head_json":{"title":"Cookie-Richtlinie - Trulli Annalocos","robots":{"index":"index","follow":"follow","max-snippet":"max-snippet:-1","max-image-preview":"max-image-preview:large","max-video-preview":"max-video-preview:-1"},"canonical":"https:\/\/annalocos.com\/de\/cookie-richtlinie\/","og_locale":"de_DE","og_type":"article","og_title":"Cookie-Richtlinie - Trulli Annalocos","og_description":"Cookie-Richtlinie Datum des Inkrafttretens: 27-Apr-2023 Zuletzt aktualisiert: 28-Apr-2023 &nbsp; Was sind Cookies? Diese Cookie-Richtlinie erkl\u00e4rt, was Cookies sind und wie wir sie verwenden, welche Arten von Cookies wir verwenden, welche Informationen wir mit Hilfe von Cookies sammeln und wie diese Informationen verwendet werden, und wie Sie Ihre Cookie-Einstellungen verwalten k\u00f6nnen. Cookies sind kleine Textdateien, die [&hellip;]","og_url":"https:\/\/annalocos.com\/de\/cookie-richtlinie\/","og_site_name":"Trulli Annalocos","article_publisher":"https:\/\/www.facebook.com\/annalocoscasavacanze\/","article_modified_time":"2024-05-31T13:38:46+00:00","og_image":[{"width":1024,"height":553,"url":"https:\/\/annalocos.com\/wp-content\/uploads\/2024\/03\/Schermata-del-2024-03-12-23-59-36-1024x553.png","type":"image\/png"}],"twitter_card":"summary_large_image","twitter_misc":{"Gesch\u00e4tzte Lesezeit":"2\u00a0Minuten"},"schema":{"@context":"https:\/\/schema.org","@graph":[{"@type":"WebPage","@id":"https:\/\/annalocos.com\/de\/cookie-richtlinie\/","url":"https:\/\/annalocos.com\/de\/cookie-richtlinie\/","name":"Cookie-Richtlinie - Trulli Annalocos","isPartOf":{"@id":"https:\/\/annalocos.com\/de\/#website"},"datePublished":"2023-05-07T09:20:11+00:00","dateModified":"2024-05-31T13:38:46+00:00","breadcrumb":{"@id":"https:\/\/annalocos.com\/de\/cookie-richtlinie\/#breadcrumb"},"inLanguage":"de","potentialAction":[{"@type":"ReadAction","target":["https:\/\/annalocos.com\/de\/cookie-richtlinie\/"]}]},{"@type":"BreadcrumbList","@id":"https:\/\/annalocos.com\/de\/cookie-richtlinie\/#breadcrumb","itemListElement":[{"@type":"ListItem","position":1,"name":"Home","item":"https:\/\/annalocos.com\/de\/startseite\/"},{"@type":"ListItem","position":2,"name":"Cookie-Richtlinie"}]},{"@type":"WebSite","@id":"https:\/\/annalocos.com\/de\/#website","url":"https:\/\/annalocos.com\/de\/","name":"Trulli Annalocos","description":"Trulli Annalocos","publisher":{"@id":"https:\/\/annalocos.com\/de\/#organization"},"potentialAction":[{"@type":"SearchAction","target":{"@type":"EntryPoint","urlTemplate":"https:\/\/annalocos.com\/de\/?s={search_term_string}"},"query-input":"required name=search_term_string"}],"inLanguage":"de"},{"@type":"Organization","@id":"https:\/\/annalocos.com\/de\/#organization","name":"Trulli Annalocos","alternateName":"Annalocos","url":"https:\/\/annalocos.com\/de\/","logo":{"@type":"ImageObject","inLanguage":"de","@id":"https:\/\/annalocos.com\/de\/#\/schema\/logo\/image\/","url":"https:\/\/annalocos.com\/wp-content\/uploads\/2024\/01\/LOGO_ANNALOCOS-1-01-1.png","contentUrl":"https:\/\/annalocos.com\/wp-content\/uploads\/2024\/01\/LOGO_ANNALOCOS-1-01-1.png","width":1612,"height":1044,"caption":"Trulli Annalocos"},"image":{"@id":"https:\/\/annalocos.com\/de\/#\/schema\/logo\/image\/"},"sameAs":["https:\/\/www.facebook.com\/annalocoscasavacanze\/","https:\/\/www.airbnb.it\/rooms\/13952707","https:\/\/www.booking.com\/hotel\/it\/annalocos.it.html","https:\/\/www.tripadvisor.com\/Hotel_Review-g1056127-d10754198-Reviews-Anna_Locos-Locorotondo_Province_of_Bari_Puglia.html","https:\/\/www.agoda.com\/annalocos\/hotel\/locorotondo-it.html","https:\/\/annalocos-holiday-home-locorotondo.hotelmix.it\/"]}]}},"_links":{"self":[{"href":"https:\/\/annalocos.com\/de\/wp-json\/wp\/v2\/pages\/4429","targetHints":{"allow":["GET"]}}],"collection":[{"href":"https:\/\/annalocos.com\/de\/wp-json\/wp\/v2\/pages"}],"about":[{"href":"https:\/\/annalocos.com\/de\/wp-json\/wp\/v2\/types\/page"}],"author":[{"embeddable":true,"href":"https:\/\/annalocos.com\/de\/wp-json\/wp\/v2\/users\/1"}],"replies":[{"embeddable":true,"href":"https:\/\/annalocos.com\/de\/wp-json\/wp\/v2\/comments?post=4429"}],"version-history":[{"count":1,"href":"https:\/\/annalocos.com\/de\/wp-json\/wp\/v2\/pages\/4429\/revisions"}],"predecessor-version":[{"id":4433,"href":"https:\/\/annalocos.com\/de\/wp-json\/wp\/v2\/pages\/4429\/revisions\/4433"}],"wp:attachment":[{"href":"https:\/\/annalocos.com\/de\/wp-json\/wp\/v2\/media?parent=4429"}],"curies":[{"name":"wp","href":"https:\/\/api.w.org\/{rel}","templated":true}]}}