{"id":4321,"date":"2022-08-27T13:51:59","date_gmt":"2022-08-27T13:51:59","guid":{"rendered":"https:\/\/annalocos.com\/dienstleistungen\/"},"modified":"2024-05-31T13:37:23","modified_gmt":"2024-05-31T13:37:23","slug":"dienstleistungen","status":"publish","type":"page","link":"https:\/\/annalocos.com\/de\/dienstleistungen\/","title":{"rendered":"Dienstleistungen"},"content":{"rendered":"\t\t<div data-elementor-type=\"wp-page\" data-elementor-id=\"4321\" class=\"elementor elementor-4321 elementor-253\">\n\t\t\t\t\t\t\t<div class=\"elementor-element elementor-element-d5ec75b e-con-boxed e-con\" data-id=\"d5ec75b\" data-element_type=\"container\" data-settings=\"{&quot;background_background&quot;:&quot;classic&quot;,&quot;content_width&quot;:&quot;boxed&quot;}\">\n\t\t\t\t\t<div class=\"e-con-inner\">\n\t\t<div class=\"elementor-element elementor-element-7837ff9 e-con-boxed e-con\" data-id=\"7837ff9\" data-element_type=\"container\" data-settings=\"{&quot;background_background&quot;:&quot;classic&quot;,&quot;content_width&quot;:&quot;boxed&quot;}\">\n\t\t\t\t\t<div class=\"e-con-inner\">\n\t\t<div class=\"elementor-element elementor-element-4adab29 e-con-full e-con\" data-id=\"4adab29\" data-element_type=\"container\" data-settings=\"{&quot;content_width&quot;:&quot;full&quot;}\">\n\t\t\t\t<div class=\"elementor-element elementor-element-f6d2bf8 elementor-widget elementor-widget-spacer\" data-id=\"f6d2bf8\" data-element_type=\"widget\" data-widget_type=\"spacer.default\">\n\t\t\t\t<div class=\"elementor-widget-container\">\n\t\t\t<style>\/*! elementor - v3.11.1 - 15-02-2023 *\/\n.elementor-column .elementor-spacer-inner{height:var(--spacer-size)}.e-con{--container-widget-width:100%}.e-con-inner>.elementor-widget-spacer,.e-con>.elementor-widget-spacer{width:var(--container-widget-width,var(--spacer-size));--align-self:var(--container-widget-align-self,initial);--flex-shrink:0}.e-con-inner>.elementor-widget-spacer>.elementor-widget-container,.e-con-inner>.elementor-widget-spacer>.elementor-widget-container>.elementor-spacer,.e-con>.elementor-widget-spacer>.elementor-widget-container,.e-con>.elementor-widget-spacer>.elementor-widget-container>.elementor-spacer{height:100%}.e-con-inner>.elementor-widget-spacer>.elementor-widget-container>.elementor-spacer>.elementor-spacer-inner,.e-con>.elementor-widget-spacer>.elementor-widget-container>.elementor-spacer>.elementor-spacer-inner{height:var(--container-widget-height,var(--spacer-size))}<\/style>\t\t<div class=\"elementor-spacer\">\n\t\t\t<div class=\"elementor-spacer-inner\"><\/div>\n\t\t<\/div>\n\t\t\t\t<\/div>\n\t\t\t\t<\/div>\n\t\t<div class=\"elementor-element elementor-element-7f16918 e-con-full e-con\" data-id=\"7f16918\" data-element_type=\"container\" data-settings=\"{&quot;content_width&quot;:&quot;full&quot;}\">\n\t\t<div class=\"elementor-element elementor-element-3e37ed6 e-con-full e-con\" data-id=\"3e37ed6\" data-element_type=\"container\" data-settings=\"{&quot;content_width&quot;:&quot;full&quot;}\">\n\t\t\t\t<div class=\"elementor-element elementor-element-ea5a795 elementor-widget elementor-widget-heading\" data-id=\"ea5a795\" data-element_type=\"widget\" data-widget_type=\"heading.default\">\n\t\t\t\t<div class=\"elementor-widget-container\">\n\t\t\t<style>\/*! elementor - v3.11.1 - 15-02-2023 *\/\n.elementor-heading-title{padding:0;margin:0;line-height:1}.elementor-widget-heading .elementor-heading-title[class*=elementor-size-]>a{color:inherit;font-size:inherit;line-height:inherit}.elementor-widget-heading .elementor-heading-title.elementor-size-small{font-size:15px}.elementor-widget-heading .elementor-heading-title.elementor-size-medium{font-size:19px}.elementor-widget-heading .elementor-heading-title.elementor-size-large{font-size:29px}.elementor-widget-heading .elementor-heading-title.elementor-size-xl{font-size:39px}.elementor-widget-heading .elementor-heading-title.elementor-size-xxl{font-size:59px}<\/style><h2 class=\"elementor-heading-title elementor-size-default\">Dienstleistungen<\/h2>\t\t<\/div>\n\t\t\t\t<\/div>\n\t\t\t\t<div class=\"elementor-element elementor-element-aa8b9ef elementor-widget elementor-widget-spacer\" data-id=\"aa8b9ef\" data-element_type=\"widget\" data-widget_type=\"spacer.default\">\n\t\t\t\t<div class=\"elementor-widget-container\">\n\t\t\t\t\t<div class=\"elementor-spacer\">\n\t\t\t<div class=\"elementor-spacer-inner\"><\/div>\n\t\t<\/div>\n\t\t\t\t<\/div>\n\t\t\t\t<\/div>\n\t\t<div class=\"elementor-element elementor-element-3e45ea3 e-con-full e-con\" data-id=\"3e45ea3\" data-element_type=\"container\" data-settings=\"{&quot;content_width&quot;:&quot;full&quot;}\">\n\t\t<div class=\"elementor-element elementor-element-ec7453b e-con-boxed e-con\" data-id=\"ec7453b\" data-element_type=\"container\" data-settings=\"{&quot;content_width&quot;:&quot;boxed&quot;}\">\n\t\t\t\t\t<div class=\"e-con-inner\">\n\t\t<a class=\"elementor-element elementor-element-10f7651 e-con-boxed e-con\" data-id=\"10f7651\" data-element_type=\"container\" data-settings=\"{&quot;content_width&quot;:&quot;boxed&quot;}\">\n\t\t\t\t\t<div class=\"e-con-inner\">\n\t\t\t\t<div class=\"elementor-element elementor-element-f67391f elementor-widget elementor-widget-image\" data-id=\"f67391f\" data-element_type=\"widget\" data-widget_type=\"image.default\">\n\t\t\t\t<div class=\"elementor-widget-container\">\n\t\t\t<style>\/*! elementor - v3.11.1 - 15-02-2023 *\/\n.elementor-widget-image{text-align:center}.elementor-widget-image a{display:inline-block}.elementor-widget-image a img[src$=\".svg\"]{width:48px}.elementor-widget-image img{vertical-align:middle;display:inline-block}<\/style>\t\t\t\t\t\t\t\t\t\t\t\t<img loading=\"lazy\" decoding=\"async\" width=\"768\" height=\"576\" src=\"https:\/\/annalocos.com\/wp-content\/uploads\/2024\/02\/IMG_9121-1-768x576.jpeg\" class=\"attachment-medium_large size-medium_large wp-image-3211\" alt=\"\" srcset=\"https:\/\/annalocos.com\/wp-content\/uploads\/2024\/02\/IMG_9121-1-768x576.jpeg 768w, https:\/\/annalocos.com\/wp-content\/uploads\/2024\/02\/IMG_9121-1-300x225.jpeg 300w, https:\/\/annalocos.com\/wp-content\/uploads\/2024\/02\/IMG_9121-1-1024x768.jpeg 1024w, https:\/\/annalocos.com\/wp-content\/uploads\/2024\/02\/IMG_9121-1-1536x1152.jpeg 1536w, https:\/\/annalocos.com\/wp-content\/uploads\/2024\/02\/IMG_9121-1-2048x1536.jpeg 2048w\" sizes=\"auto, (max-width: 768px) 100vw, 768px\" \/>\t\t\t\t\t\t\t\t\t\t\t\t\t\t\t<\/div>\n\t\t\t\t<\/div>\n\t\t\t\t<div class=\"elementor-element elementor-element-b8429eb elementor-widget elementor-widget-heading\" data-id=\"b8429eb\" data-element_type=\"widget\" data-widget_type=\"heading.default\">\n\t\t\t\t<div class=\"elementor-widget-container\">\n\t\t\t<h2 class=\"elementor-heading-title elementor-size-default\">Willkommener Aperitif<\/h2>\t\t<\/div>\n\t\t\t\t<\/div>\n\t\t\t\t<div class=\"elementor-element elementor-element-b26749f elementor-widget elementor-widget-heading\" data-id=\"b26749f\" data-element_type=\"widget\" data-widget_type=\"heading.default\">\n\t\t\t\t<div class=\"elementor-widget-container\">\n\t\t\t<p class=\"elementor-heading-title elementor-size-default\">Genie\u00dfen Sie alle K\u00f6stlichkeiten des Begr\u00fc\u00dfungsgetr\u00e4nks. Genie\u00dfen Sie in einem fantastischen Garten, das ist ein unvergessliches Erlebnis.\n<br><br>\nKostenlos f\u00fcr Aufenthalte von mehr als 3 Tagen.<\/p>\t\t<\/div>\n\t\t\t\t<\/div>\n\t\t\t\t\t<\/div>\n\t\t\t\t<\/a>\n\t\t<a class=\"elementor-element elementor-element-b2475c7 e-con-boxed e-con\" data-id=\"b2475c7\" data-element_type=\"container\" data-settings=\"{&quot;content_width&quot;:&quot;boxed&quot;}\">\n\t\t\t\t\t<div class=\"e-con-inner\">\n\t\t\t\t<div class=\"elementor-element elementor-element-603d34f elementor-widget elementor-widget-image\" data-id=\"603d34f\" data-element_type=\"widget\" data-widget_type=\"image.default\">\n\t\t\t\t<div class=\"elementor-widget-container\">\n\t\t\t\t\t\t\t\t\t\t\t\t\t\t\t<img loading=\"lazy\" decoding=\"async\" width=\"768\" height=\"575\" src=\"https:\/\/annalocos.com\/wp-content\/uploads\/2024\/03\/ddd-768x575.jpg\" class=\"attachment-medium_large size-medium_large wp-image-3412\" alt=\"\" srcset=\"https:\/\/annalocos.com\/wp-content\/uploads\/2024\/03\/ddd-768x575.jpg 768w, https:\/\/annalocos.com\/wp-content\/uploads\/2024\/03\/ddd-300x225.jpg 300w, https:\/\/annalocos.com\/wp-content\/uploads\/2024\/03\/ddd-1024x767.jpg 1024w, https:\/\/annalocos.com\/wp-content\/uploads\/2024\/03\/ddd-1536x1150.jpg 1536w, https:\/\/annalocos.com\/wp-content\/uploads\/2024\/03\/ddd-2048x1534.jpg 2048w\" sizes=\"auto, (max-width: 768px) 100vw, 768px\" \/>\t\t\t\t\t\t\t\t\t\t\t\t\t\t\t<\/div>\n\t\t\t\t<\/div>\n\t\t\t\t<div class=\"elementor-element elementor-element-506c9f0 elementor-widget elementor-widget-heading\" data-id=\"506c9f0\" data-element_type=\"widget\" data-widget_type=\"heading.default\">\n\t\t\t\t<div class=\"elementor-widget-container\">\n\t\t\t<h2 class=\"elementor-heading-title elementor-size-default\">Entspannung inmitten der Trulli<\/h2>\t\t<\/div>\n\t\t\t\t<\/div>\n\t\t\t\t<div class=\"elementor-element elementor-element-976a734 elementor-widget elementor-widget-heading\" data-id=\"976a734\" data-element_type=\"widget\" data-widget_type=\"heading.default\">\n\t\t\t\t<div class=\"elementor-widget-container\">\n\t\t\t<p class=\"elementor-heading-title elementor-size-default\">Hier k\u00f6nnen Sie sich entspannen und bei einer verj\u00fcngenden Massage wird alles klarer. Sonnenlicht, frische Luft und der Kontakt mit der Natur tun dem Herzen sp\u00fcrbar gut.\n<br><br>\nNur mit Reservierung.<\/p>\t\t<\/div>\n\t\t\t\t<\/div>\n\t\t\t\t\t<\/div>\n\t\t\t\t<\/a>\n\t\t\t\t\t<\/div>\n\t\t\t\t<\/div>\n\t\t<div class=\"elementor-element elementor-element-b13ed65 e-con-boxed e-con\" data-id=\"b13ed65\" data-element_type=\"container\" data-settings=\"{&quot;content_width&quot;:&quot;boxed&quot;}\">\n\t\t\t\t\t<div class=\"e-con-inner\">\n\t\t<a class=\"elementor-element elementor-element-bb47855 e-con-boxed e-con\" data-id=\"bb47855\" data-element_type=\"container\" data-settings=\"{&quot;content_width&quot;:&quot;boxed&quot;}\">\n\t\t\t\t\t<div class=\"e-con-inner\">\n\t\t\t\t<div class=\"elementor-element elementor-element-81d0c74 elementor-widget elementor-widget-image\" data-id=\"81d0c74\" data-element_type=\"widget\" data-widget_type=\"image.default\">\n\t\t\t\t<div class=\"elementor-widget-container\">\n\t\t\t\t\t\t\t\t\t\t\t\t\t\t\t<img loading=\"lazy\" decoding=\"async\" width=\"800\" height=\"600\" src=\"https:\/\/annalocos.com\/wp-content\/uploads\/2024\/02\/IMG_9460-scaled-1-1024x768.jpg\" class=\"attachment-large size-large wp-image-3287\" alt=\"\" srcset=\"https:\/\/annalocos.com\/wp-content\/uploads\/2024\/02\/IMG_9460-scaled-1-1024x768.jpg 1024w, https:\/\/annalocos.com\/wp-content\/uploads\/2024\/02\/IMG_9460-scaled-1-300x225.jpg 300w, https:\/\/annalocos.com\/wp-content\/uploads\/2024\/02\/IMG_9460-scaled-1-768x576.jpg 768w, https:\/\/annalocos.com\/wp-content\/uploads\/2024\/02\/IMG_9460-scaled-1-1536x1152.jpg 1536w, https:\/\/annalocos.com\/wp-content\/uploads\/2024\/02\/IMG_9460-scaled-1.jpg 1920w\" sizes=\"auto, (max-width: 800px) 100vw, 800px\" \/>\t\t\t\t\t\t\t\t\t\t\t\t\t\t\t<\/div>\n\t\t\t\t<\/div>\n\t\t\t\t<div class=\"elementor-element elementor-element-c5cd0df elementor-widget elementor-widget-heading\" data-id=\"c5cd0df\" data-element_type=\"widget\" data-widget_type=\"heading.default\">\n\t\t\t\t<div class=\"elementor-widget-container\">\n\t\t\t<h2 class=\"elementor-heading-title elementor-size-default\">Kochkurs<\/h2>\t\t<\/div>\n\t\t\t\t<\/div>\n\t\t\t\t<div class=\"elementor-element elementor-element-10d30ea elementor-widget elementor-widget-heading\" data-id=\"10d30ea\" data-element_type=\"widget\" data-widget_type=\"heading.default\">\n\t\t\t\t<div class=\"elementor-widget-container\">\n\t\t\t<p class=\"elementor-heading-title elementor-size-default\">Es ist erfreulich, wenn man w\u00e4hrend eines Kochkurses oder am Ende eines Kochkurses leicht entdeckt, was man m\u00f6chte. Erleben Sie das authentische Vergn\u00fcgen, K\u00f6stlichkeiten zu kreieren und zu genie\u00dfen, die mit unseren eigenen H\u00e4nden hergestellt wurden.\n<br><br>\nNur mit Reservierung.<\/p>\t\t<\/div>\n\t\t\t\t<\/div>\n\t\t\t\t\t<\/div>\n\t\t\t\t<\/a>\n\t\t<a class=\"elementor-element elementor-element-374e5bf e-con-boxed e-con\" data-id=\"374e5bf\" data-element_type=\"container\" data-settings=\"{&quot;content_width&quot;:&quot;boxed&quot;}\">\n\t\t\t\t\t<div class=\"e-con-inner\">\n\t\t\t\t<div class=\"elementor-element elementor-element-bbec57a elementor-widget elementor-widget-image\" data-id=\"bbec57a\" data-element_type=\"widget\" data-widget_type=\"image.default\">\n\t\t\t\t<div class=\"elementor-widget-container\">\n\t\t\t\t\t\t\t\t\t\t\t\t\t\t\t<img loading=\"lazy\" decoding=\"async\" width=\"800\" height=\"600\" src=\"https:\/\/annalocos.com\/wp-content\/uploads\/2024\/02\/0d93a98a-f0aa-458b-aec1-82dd554cf69f-1-1024x768.jpeg\" class=\"attachment-large size-large wp-image-3252\" alt=\"\" srcset=\"https:\/\/annalocos.com\/wp-content\/uploads\/2024\/02\/0d93a98a-f0aa-458b-aec1-82dd554cf69f-1-1024x768.jpeg 1024w, https:\/\/annalocos.com\/wp-content\/uploads\/2024\/02\/0d93a98a-f0aa-458b-aec1-82dd554cf69f-1-300x225.jpeg 300w, https:\/\/annalocos.com\/wp-content\/uploads\/2024\/02\/0d93a98a-f0aa-458b-aec1-82dd554cf69f-1-768x576.jpeg 768w, https:\/\/annalocos.com\/wp-content\/uploads\/2024\/02\/0d93a98a-f0aa-458b-aec1-82dd554cf69f-1-1536x1152.jpeg 1536w, https:\/\/annalocos.com\/wp-content\/uploads\/2024\/02\/0d93a98a-f0aa-458b-aec1-82dd554cf69f-1.jpeg 2048w\" sizes=\"auto, (max-width: 800px) 100vw, 800px\" \/>\t\t\t\t\t\t\t\t\t\t\t\t\t\t\t<\/div>\n\t\t\t\t<\/div>\n\t\t\t\t<div class=\"elementor-element elementor-element-86d7c01 elementor-widget elementor-widget-heading\" data-id=\"86d7c01\" data-element_type=\"widget\" data-widget_type=\"heading.default\">\n\t\t\t\t<div class=\"elementor-widget-container\">\n\t\t\t<h2 class=\"elementor-heading-title elementor-size-default\">Whirlpool<\/h2>\t\t<\/div>\n\t\t\t\t<\/div>\n\t\t\t\t<div class=\"elementor-element elementor-element-c3351ff elementor-widget elementor-widget-heading\" data-id=\"c3351ff\" data-element_type=\"widget\" data-widget_type=\"heading.default\">\n\t\t\t\t<div class=\"elementor-widget-container\">\n\t\t\t<p class=\"elementor-heading-title elementor-size-default\">Genie\u00dfen Sie die ganze Entspannung des Whirlpools im warmen Wasser, das Verspannungen l\u00f6st. Bewundern Sie den Sternenhimmel, w\u00e4hrend Sie sich mit Seifenblasen verw\u00f6hnen lassen.<br><br>\nVerf\u00fcgbar von Mai bis September nach Vereinbarung.<\/p>\t\t<\/div>\n\t\t\t\t<\/div>\n\t\t\t\t\t<\/div>\n\t\t\t\t<\/a>\n\t\t\t\t\t<\/div>\n\t\t\t\t<\/div>\n\t\t\t\t<\/div>\n\t\t\t\t<\/div>\n\t\t\t\t<\/div>\n\t\t\t\t<\/div>\n\t\t\t\t\t<\/div>\n\t\t\t\t<\/div>\n\t\t\t\t\t<\/div>\n\t\t\t\t<\/div>\n\t\t\t\t\t\t\t<\/div>\n\t\t","protected":false},"excerpt":{"rendered":"<p>Dienstleistungen Willkommener Aperitif Genie\u00dfen Sie alle K\u00f6stlichkeiten des Begr\u00fc\u00dfungsgetr\u00e4nks. Genie\u00dfen Sie in einem fantastischen Garten, das ist ein unvergessliches Erlebnis. Kostenlos f\u00fcr Aufenthalte von mehr als 3 Tagen. Entspannung inmitten der Trulli Hier k\u00f6nnen Sie sich entspannen und bei einer verj\u00fcngenden Massage wird alles klarer. Sonnenlicht, frische Luft und der Kontakt mit der Natur tun [&hellip;]<\/p>\n","protected":false},"author":1,"featured_media":4272,"parent":0,"menu_order":0,"comment_status":"closed","ping_status":"closed","template":"elementor_header_footer","meta":{"footnotes":""},"class_list":["post-4321","page","type-page","status-publish","has-post-thumbnail","hentry"],"yoast_head":"<!-- This site is optimized with the Yoast SEO plugin v22.2 - https:\/\/yoast.com\/wordpress\/plugins\/seo\/ -->\n<title>Annalocos Trulli - Dienstleistungen<\/title>\n<meta name=\"description\" content=\"Entdecken Sie den Zauber der Trulli von Annalocos: ein R\u00fcckzugsort, an dem die Natur mit der Geschichte verschmilzt und Ruhe und Authentizit\u00e4t bietet.\" \/>\n<meta name=\"robots\" content=\"index, follow, max-snippet:-1, max-image-preview:large, max-video-preview:-1\" \/>\n<link rel=\"canonical\" href=\"https:\/\/annalocos.com\/de\/dienstleistungen\/\" \/>\n<meta property=\"og:locale\" content=\"de_DE\" \/>\n<meta property=\"og:type\" content=\"article\" \/>\n<meta property=\"og:title\" content=\"Annalocos Trulli - Dienstleistungen\" \/>\n<meta property=\"og:description\" content=\"Entdecken Sie den Zauber der Trulli von Annalocos: ein R\u00fcckzugsort, an dem die Natur mit der Geschichte verschmilzt und Ruhe und Authentizit\u00e4t bietet.\" \/>\n<meta property=\"og:url\" content=\"https:\/\/annalocos.com\/de\/dienstleistungen\/\" \/>\n<meta property=\"og:site_name\" content=\"Trulli Annalocos\" \/>\n<meta property=\"article:publisher\" content=\"https:\/\/www.facebook.com\/annalocoscasavacanze\/\" \/>\n<meta property=\"article:modified_time\" content=\"2024-05-31T13:37:23+00:00\" \/>\n<meta property=\"og:image\" content=\"https:\/\/annalocos.com\/wp-content\/uploads\/2024\/03\/Schermata-del-2024-03-12-23-59-36-1024x553.png\" \/>\n<meta name=\"twitter:card\" content=\"summary_large_image\" \/>\n<meta name=\"twitter:label1\" content=\"Gesch\u00e4tzte Lesezeit\" \/>\n\t<meta name=\"twitter:data1\" content=\"1\u00a0Minute\" \/>\n<script type=\"application\/ld+json\" class=\"yoast-schema-graph\">{\"@context\":\"https:\/\/schema.org\",\"@graph\":[{\"@type\":\"WebPage\",\"@id\":\"https:\/\/annalocos.com\/de\/dienstleistungen\/\",\"url\":\"https:\/\/annalocos.com\/de\/dienstleistungen\/\",\"name\":\"Annalocos Trulli - Dienstleistungen\",\"isPartOf\":{\"@id\":\"https:\/\/annalocos.com\/de\/#website\"},\"primaryImageOfPage\":{\"@id\":\"https:\/\/annalocos.com\/de\/dienstleistungen\/#primaryimage\"},\"image\":{\"@id\":\"https:\/\/annalocos.com\/de\/dienstleistungen\/#primaryimage\"},\"thumbnailUrl\":\"https:\/\/annalocos.com\/wp-content\/uploads\/2024\/03\/Schermata-del-2024-03-12-23-59-36.png\",\"datePublished\":\"2022-08-27T13:51:59+00:00\",\"dateModified\":\"2024-05-31T13:37:23+00:00\",\"description\":\"Entdecken Sie den Zauber der Trulli von Annalocos: ein R\u00fcckzugsort, an dem die Natur mit der Geschichte verschmilzt und Ruhe und Authentizit\u00e4t bietet.\",\"breadcrumb\":{\"@id\":\"https:\/\/annalocos.com\/de\/dienstleistungen\/#breadcrumb\"},\"inLanguage\":\"de\",\"potentialAction\":[{\"@type\":\"ReadAction\",\"target\":[\"https:\/\/annalocos.com\/de\/dienstleistungen\/\"]}]},{\"@type\":\"ImageObject\",\"inLanguage\":\"de\",\"@id\":\"https:\/\/annalocos.com\/de\/dienstleistungen\/#primaryimage\",\"url\":\"https:\/\/annalocos.com\/wp-content\/uploads\/2024\/03\/Schermata-del-2024-03-12-23-59-36.png\",\"contentUrl\":\"https:\/\/annalocos.com\/wp-content\/uploads\/2024\/03\/Schermata-del-2024-03-12-23-59-36.png\",\"width\":2142,\"height\":1157},{\"@type\":\"BreadcrumbList\",\"@id\":\"https:\/\/annalocos.com\/de\/dienstleistungen\/#breadcrumb\",\"itemListElement\":[{\"@type\":\"ListItem\",\"position\":1,\"name\":\"Home\",\"item\":\"https:\/\/annalocos.com\/de\/startseite\/\"},{\"@type\":\"ListItem\",\"position\":2,\"name\":\"Dienstleistungen\"}]},{\"@type\":\"WebSite\",\"@id\":\"https:\/\/annalocos.com\/de\/#website\",\"url\":\"https:\/\/annalocos.com\/de\/\",\"name\":\"Trulli Annalocos\",\"description\":\"Trulli Annalocos\",\"publisher\":{\"@id\":\"https:\/\/annalocos.com\/de\/#organization\"},\"potentialAction\":[{\"@type\":\"SearchAction\",\"target\":{\"@type\":\"EntryPoint\",\"urlTemplate\":\"https:\/\/annalocos.com\/de\/?s={search_term_string}\"},\"query-input\":\"required name=search_term_string\"}],\"inLanguage\":\"de\"},{\"@type\":\"Organization\",\"@id\":\"https:\/\/annalocos.com\/de\/#organization\",\"name\":\"Trulli Annalocos\",\"alternateName\":\"Annalocos\",\"url\":\"https:\/\/annalocos.com\/de\/\",\"logo\":{\"@type\":\"ImageObject\",\"inLanguage\":\"de\",\"@id\":\"https:\/\/annalocos.com\/de\/#\/schema\/logo\/image\/\",\"url\":\"https:\/\/annalocos.com\/wp-content\/uploads\/2024\/01\/LOGO_ANNALOCOS-1-01-1.png\",\"contentUrl\":\"https:\/\/annalocos.com\/wp-content\/uploads\/2024\/01\/LOGO_ANNALOCOS-1-01-1.png\",\"width\":1612,\"height\":1044,\"caption\":\"Trulli Annalocos\"},\"image\":{\"@id\":\"https:\/\/annalocos.com\/de\/#\/schema\/logo\/image\/\"},\"sameAs\":[\"https:\/\/www.facebook.com\/annalocoscasavacanze\/\",\"https:\/\/www.airbnb.it\/rooms\/13952707\",\"https:\/\/www.booking.com\/hotel\/it\/annalocos.it.html\",\"https:\/\/www.tripadvisor.com\/Hotel_Review-g1056127-d10754198-Reviews-Anna_Locos-Locorotondo_Province_of_Bari_Puglia.html\",\"https:\/\/www.agoda.com\/annalocos\/hotel\/locorotondo-it.html\",\"https:\/\/annalocos-holiday-home-locorotondo.hotelmix.it\/\"]}]}<\/script>\n<!-- \/ Yoast SEO plugin. -->","yoast_head_json":{"title":"Annalocos Trulli - Dienstleistungen","description":"Entdecken Sie den Zauber der Trulli von Annalocos: ein R\u00fcckzugsort, an dem die Natur mit der Geschichte verschmilzt und Ruhe und Authentizit\u00e4t bietet.","robots":{"index":"index","follow":"follow","max-snippet":"max-snippet:-1","max-image-preview":"max-image-preview:large","max-video-preview":"max-video-preview:-1"},"canonical":"https:\/\/annalocos.com\/de\/dienstleistungen\/","og_locale":"de_DE","og_type":"article","og_title":"Annalocos Trulli - Dienstleistungen","og_description":"Entdecken Sie den Zauber der Trulli von Annalocos: ein R\u00fcckzugsort, an dem die Natur mit der Geschichte verschmilzt und Ruhe und Authentizit\u00e4t bietet.","og_url":"https:\/\/annalocos.com\/de\/dienstleistungen\/","og_site_name":"Trulli Annalocos","article_publisher":"https:\/\/www.facebook.com\/annalocoscasavacanze\/","article_modified_time":"2024-05-31T13:37:23+00:00","og_image":[{"url":"https:\/\/annalocos.com\/wp-content\/uploads\/2024\/03\/Schermata-del-2024-03-12-23-59-36-1024x553.png"}],"twitter_card":"summary_large_image","twitter_misc":{"Gesch\u00e4tzte Lesezeit":"1\u00a0Minute"},"schema":{"@context":"https:\/\/schema.org","@graph":[{"@type":"WebPage","@id":"https:\/\/annalocos.com\/de\/dienstleistungen\/","url":"https:\/\/annalocos.com\/de\/dienstleistungen\/","name":"Annalocos Trulli - Dienstleistungen","isPartOf":{"@id":"https:\/\/annalocos.com\/de\/#website"},"primaryImageOfPage":{"@id":"https:\/\/annalocos.com\/de\/dienstleistungen\/#primaryimage"},"image":{"@id":"https:\/\/annalocos.com\/de\/dienstleistungen\/#primaryimage"},"thumbnailUrl":"https:\/\/annalocos.com\/wp-content\/uploads\/2024\/03\/Schermata-del-2024-03-12-23-59-36.png","datePublished":"2022-08-27T13:51:59+00:00","dateModified":"2024-05-31T13:37:23+00:00","description":"Entdecken Sie den Zauber der Trulli von Annalocos: ein R\u00fcckzugsort, an dem die Natur mit der Geschichte verschmilzt und Ruhe und Authentizit\u00e4t bietet.","breadcrumb":{"@id":"https:\/\/annalocos.com\/de\/dienstleistungen\/#breadcrumb"},"inLanguage":"de","potentialAction":[{"@type":"ReadAction","target":["https:\/\/annalocos.com\/de\/dienstleistungen\/"]}]},{"@type":"ImageObject","inLanguage":"de","@id":"https:\/\/annalocos.com\/de\/dienstleistungen\/#primaryimage","url":"https:\/\/annalocos.com\/wp-content\/uploads\/2024\/03\/Schermata-del-2024-03-12-23-59-36.png","contentUrl":"https:\/\/annalocos.com\/wp-content\/uploads\/2024\/03\/Schermata-del-2024-03-12-23-59-36.png","width":2142,"height":1157},{"@type":"BreadcrumbList","@id":"https:\/\/annalocos.com\/de\/dienstleistungen\/#breadcrumb","itemListElement":[{"@type":"ListItem","position":1,"name":"Home","item":"https:\/\/annalocos.com\/de\/startseite\/"},{"@type":"ListItem","position":2,"name":"Dienstleistungen"}]},{"@type":"WebSite","@id":"https:\/\/annalocos.com\/de\/#website","url":"https:\/\/annalocos.com\/de\/","name":"Trulli Annalocos","description":"Trulli Annalocos","publisher":{"@id":"https:\/\/annalocos.com\/de\/#organization"},"potentialAction":[{"@type":"SearchAction","target":{"@type":"EntryPoint","urlTemplate":"https:\/\/annalocos.com\/de\/?s={search_term_string}"},"query-input":"required name=search_term_string"}],"inLanguage":"de"},{"@type":"Organization","@id":"https:\/\/annalocos.com\/de\/#organization","name":"Trulli Annalocos","alternateName":"Annalocos","url":"https:\/\/annalocos.com\/de\/","logo":{"@type":"ImageObject","inLanguage":"de","@id":"https:\/\/annalocos.com\/de\/#\/schema\/logo\/image\/","url":"https:\/\/annalocos.com\/wp-content\/uploads\/2024\/01\/LOGO_ANNALOCOS-1-01-1.png","contentUrl":"https:\/\/annalocos.com\/wp-content\/uploads\/2024\/01\/LOGO_ANNALOCOS-1-01-1.png","width":1612,"height":1044,"caption":"Trulli Annalocos"},"image":{"@id":"https:\/\/annalocos.com\/de\/#\/schema\/logo\/image\/"},"sameAs":["https:\/\/www.facebook.com\/annalocoscasavacanze\/","https:\/\/www.airbnb.it\/rooms\/13952707","https:\/\/www.booking.com\/hotel\/it\/annalocos.it.html","https:\/\/www.tripadvisor.com\/Hotel_Review-g1056127-d10754198-Reviews-Anna_Locos-Locorotondo_Province_of_Bari_Puglia.html","https:\/\/www.agoda.com\/annalocos\/hotel\/locorotondo-it.html","https:\/\/annalocos-holiday-home-locorotondo.hotelmix.it\/"]}]}},"_links":{"self":[{"href":"https:\/\/annalocos.com\/de\/wp-json\/wp\/v2\/pages\/4321","targetHints":{"allow":["GET"]}}],"collection":[{"href":"https:\/\/annalocos.com\/de\/wp-json\/wp\/v2\/pages"}],"about":[{"href":"https:\/\/annalocos.com\/de\/wp-json\/wp\/v2\/types\/page"}],"author":[{"embeddable":true,"href":"https:\/\/annalocos.com\/de\/wp-json\/wp\/v2\/users\/1"}],"replies":[{"embeddable":true,"href":"https:\/\/annalocos.com\/de\/wp-json\/wp\/v2\/comments?post=4321"}],"version-history":[{"count":1,"href":"https:\/\/annalocos.com\/de\/wp-json\/wp\/v2\/pages\/4321\/revisions"}],"predecessor-version":[{"id":4323,"href":"https:\/\/annalocos.com\/de\/wp-json\/wp\/v2\/pages\/4321\/revisions\/4323"}],"wp:featuredmedia":[{"embeddable":true,"href":"https:\/\/annalocos.com\/de\/wp-json\/wp\/v2\/media\/4272"}],"wp:attachment":[{"href":"https:\/\/annalocos.com\/de\/wp-json\/wp\/v2\/media?parent=4321"}],"curies":[{"name":"wp","href":"https:\/\/api.w.org\/{rel}","templated":true}]}}